{"id":1557,"date":"2023-11-23T15:22:50","date_gmt":"2023-11-23T14:22:50","guid":{"rendered":"https:\/\/jouetentunisie.tn\/?post_type=product&#038;p=1557"},"modified":"2023-11-23T15:23:04","modified_gmt":"2023-11-23T14:23:04","slug":"petit-circuit-fisher-price-dolu","status":"publish","type":"product","link":"https:\/\/jouetentunisie.tn\/index.php\/produit\/petit-circuit-fisher-price-dolu\/","title":{"rendered":"Petit Circuit Fisher price Dolu"},"content":{"rendered":"<h2>Petit Circuit Fisher price Dolu<\/h2>\n<p>Petit Circuit Fisher Price de marque Dolu avec 2 voitures en plastique et porte ouvrante. Ce circuit contient une voiture et 1 pick-up. Assemblage simple et rapide. Ensemble de routes avec maison et portail. <span class=\"a-size-base a-text-bold\">Dimensions de l&rsquo;article 28x47x20<span class=\"a-size-base po-break-word\">\u00a0centim\u00e8tres. Age \u00e0 <\/span><\/span><span style=\"font-size: 16px;\">partir de 24mois. Le circuit voiture est le compagnon indispensable \u00e0 la collection de petites voitures de votre enfant. En outre, Il donnera vie \u00e0 tous ses r\u00eaves de pilotage. La marque Dolu est un fabriquant qui produit plusieurs mod\u00e8les de <a href=\"https:\/\/www.tipirate-store.tn\/categorie-produit\/circuits-et-parking-avec-voitures\/\">circuits et parkings \u00e0 voitures<\/a>. <\/span><\/p>\n<p><span style=\"font-size: 16px;\">D&rsquo;ailleurs, le circuit et garage de Dolu est <\/span>un jouet aussi ludique qu\u2019amusant. C&rsquo; est un superbe moyen de partager des moments conviviaux avec votre enfant! tr\u00e8s jolies couleurs vives. L<span class=\"Y2IQFc\" lang=\"fr\">es enfants et les plus \u00e2g\u00e9s vont \u00e9galement s&rsquo;amuser avec ce magnifique circuit. Favorise l&rsquo;imagination la sociabilit\u00e9 et le jeu en groupe. <\/span><\/p>\n<p><span class=\"Y2IQFc\" lang=\"fr\">En outre, il Permet \u00e0 l&rsquo;enfant d&rsquo;imiter les adultes en s&rsquo;imaginant conduire et en apprenant les r\u00e8gles de la conduite! <\/span><span style=\"font-size: 16px;\">Le Circuit Fisher Price de marque Dolu est la meilleure option \u00e0 offrir si votre enfant est un passionn\u00e9 de voitures. De plus, avec son circuit pour petites voitures, votre enfant appr\u00e9ciera de laisser ses v\u00e9hicules au garage et de les laisser descendre librement dans le circuit spiral. C&rsquo;est un accessoire indispensable pour jouer avec les petites voitures comme un grand!<\/span><\/p>\n<p><span style=\"font-size: 16px; font-style: normal; font-weight: 400;\">Achetez et commandez en ligne ou d\u00e9couvrez ce jouet dans notre magasin \u00e0 Tunis, Tunisie.<\/span><span style=\"font-size: 16px; font-style: normal; font-weight: 400;\">\u00a0<\/span><\/p>\n<p>Pour plus d&rsquo;informations visiter le site officiel <a href=\"https:\/\/www.dolu.com.tr\/en\/\">Dolu<\/a><\/p>\n","protected":false},"excerpt":{"rendered":"<p>Petit Circuit Fisher Price de marque Dolu avec 2 voitures en plastique et porte ouvrante. Ce circuit contient une voiture et 1 pick-up. Assemblage simple et rapide. Ensemble de routes avec maison et portail. Dimensions de l&rsquo;article 28x47x20\u00a0centim\u00e8tres. Age \u00e0 partir de 24mois. Le circuit voiture est le compagnon indispensable \u00e0 la collection de petites voitures de votre enfant. En outre, Il donnera vie \u00e0 tous ses r\u00eaves de pilotage. La marque Dolu est un fabriquant qui produit plusieurs mod\u00e8les de circuits et parkings \u00e0 voitures.<\/p>\n<p>D&rsquo;ailleurs, le Petit circuit et garage Fisher Price de Dolu est un jouet aussi ludique qu\u2019amusant. C&rsquo; est un superbe moyen de partager des moments conviviaux avec votre enfant! tr\u00e8s jolies couleurs vives. Les enfants et les plus \u00e2g\u00e9s vont \u00e9galement s&rsquo;amuser avec ce magnifique circuit. Favorise l&rsquo;imagination la sociabilit\u00e9 et le jeu en groupe.<\/p>\n","protected":false},"featured_media":1603,"comment_status":"open","ping_status":"closed","template":"","meta":{"site-sidebar-layout":"default","site-content-layout":"default","ast-site-content-layout":"","site-content-style":"","site-sidebar-style":"","ast-global-header-display":"","ast-banner-title-visibility":"","ast-main-header-display":"","ast-hfb-above-header-display":"","ast-hfb-below-header-display":"","ast-hfb-mobile-header-display":"","site-post-title":"","ast-breadcrumbs-content":"","ast-featured-img":"","footer-sml-layout":"","theme-transparent-header-meta":"default","adv-header-id-meta":"","stick-header-meta":"default","header-above-stick-meta":"","header-main-stick-meta":"","header-below-stick-meta":"","astra-migrate-meta-layouts":"","ast-page-background-enabled":"default","ast-page-background-meta":{"desktop":{"background-color":"","background-image":"","background-repeat":"repeat","background-position":"center center","background-size":"auto","background-attachment":"scroll","background-type":"","background-media":"","overlay-type":"","overlay-color":"","overlay-gradient":""},"tablet":{"background-color":"","background-image":"","background-repeat":"repeat","background-position":"center center","background-size":"auto","background-attachment":"scroll","background-type":"","background-media":"","overlay-type":"","overlay-color":"","overlay-gradient":""},"mobile":{"background-color":"","background-image":"","background-repeat":"repeat","background-position":"center center","background-size":"auto","background-attachment":"scroll","background-type":"","background-media":"","overlay-type":"","overlay-color":"","overlay-gradient":""}},"ast-content-background-meta":{"desktop":{"background-color":"var(--ast-global-color-5)","background-image":"","background-repeat":"repeat","background-position":"center center","background-size":"auto","background-attachment":"scroll","background-type":"","background-media":"","overlay-type":"","overlay-color":"","overlay-gradient":""},"tablet":{"background-color":"var(--ast-global-color-5)","background-image":"","background-repeat":"repeat","background-position":"center center","background-size":"auto","background-attachment":"scroll","background-type":"","background-media":"","overlay-type":"","overlay-color":"","overlay-gradient":""},"mobile":{"background-color":"var(--ast-global-color-5)","background-image":"","background-repeat":"repeat","background-position":"center center","background-size":"auto","background-attachment":"scroll","background-type":"","background-media":"","overlay-type":"","overlay-color":"","overlay-gradient":""}}},"product_cat":[60,27],"product_tag":[65,29],"class_list":["post-1557","product","type-product","status-publish","has-post-thumbnail","hentry","product_cat-circuits-et-parking-avec-voitures","product_cat-dolu","product_tag-circuit","product_tag-dolu","desktop-align-left","tablet-align-left","mobile-align-left"],"_links":{"self":[{"href":"https:\/\/jouetentunisie.tn\/index.php\/wp-json\/wp\/v2\/product\/1557","targetHints":{"allow":["GET"]}}],"collection":[{"href":"https:\/\/jouetentunisie.tn\/index.php\/wp-json\/wp\/v2\/product"}],"about":[{"href":"https:\/\/jouetentunisie.tn\/index.php\/wp-json\/wp\/v2\/types\/product"}],"replies":[{"embeddable":true,"href":"https:\/\/jouetentunisie.tn\/index.php\/wp-json\/wp\/v2\/comments?post=1557"}],"wp:featuredmedia":[{"embeddable":true,"href":"https:\/\/jouetentunisie.tn\/index.php\/wp-json\/wp\/v2\/media\/1603"}],"wp:attachment":[{"href":"https:\/\/jouetentunisie.tn\/index.php\/wp-json\/wp\/v2\/media?parent=1557"}],"wp:term":[{"taxonomy":"product_cat","embeddable":true,"href":"https:\/\/jouetentunisie.tn\/index.php\/wp-json\/wp\/v2\/product_cat?post=1557"},{"taxonomy":"product_tag","embeddable":true,"href":"https:\/\/jouetentunisie.tn\/index.php\/wp-json\/wp\/v2\/product_tag?post=1557"}],"curies":[{"name":"wp","href":"https:\/\/api.w.org\/{rel}","templated":true}]}}