{"id":1561,"date":"2023-11-23T15:22:51","date_gmt":"2023-11-23T14:22:51","guid":{"rendered":"https:\/\/jouetentunisie.tn\/?post_type=product&#038;p=1561"},"modified":"2023-11-23T15:23:07","modified_gmt":"2023-11-23T14:23:07","slug":"porteur-modele-racer-dolu","status":"publish","type":"product","link":"https:\/\/jouetentunisie.tn\/index.php\/produit\/porteur-modele-racer-dolu\/","title":{"rendered":"Porteur mod\u00e8le Racer Dolu"},"content":{"rendered":"<p id=\"tw-target-text\" class=\"tw-data-text tw-text-large tw-ta\" dir=\"ltr\" data-placeholder=\"Traduction\"><span class=\"Y2IQFc\" lang=\"fr\">Le Porteur grand mod\u00e8le Racer de Dolu promet des heures de plaisir aux pr\u00e9cieux petits. \u00c2ge recommand\u00e9 : 18 mois <\/span><span style=\"font-size: 16px; font-style: normal; font-weight: 400;\">Dimensions: 30 x 69 x 40 cm. <\/span><span style=\"font-size: 16px;\">Charge maximale jusqu&rsquo;\u00e0 50 kg. Particularit\u00e9s : un volant maniable avec klaxon, un train avant pivotant, un si\u00e8ge ergonomique avec des espaces r\u00e9serv\u00e9s aux genoux. Ce porteur pousse pousse est compos\u00e9 de plastique robuste et r\u00e9siste \u00e0 un poids allant jusqu&rsquo;\u00e0 50 kg. Ses roues larges et stables lui permettent de circuler sur toutes les surfaces. La marque Dolu est un fabriquant qui produit plusieurs mod\u00e8les de <a href=\"https:\/\/www.tipirate-store.tn\/categorie-produit\/porteurs-et-voitures-a-pedales\/\">porteurs et voitures \u00e0 p\u00e9dales<\/a>.<\/span><\/p>\n<p id=\"tw-target-text\" class=\"tw-data-text tw-text-large tw-ta\" dir=\"ltr\" data-placeholder=\"Traduction\"><span class=\"Y2IQFc\" lang=\"fr\">Le si\u00e8ge de forme ergonomique est confortable et avec les espaces r\u00e9serv\u00e9s aux genoux, les enfants plus \u00e2g\u00e9s peuvent \u00e9galement s&rsquo;amuser avec cette magnifique voiture porteur. Le volant est \u00e9galement ergonomique et poss\u00e8de une structure ondul\u00e9e qui permet aux enfants de se tenir fermement. Lorsque le volant est d\u00e9plac\u00e9, le train avant suit le mouvement, ce qui permet d&rsquo;effectuer tr\u00e8s facilement des virages ou des man\u0153uvres. Les parents peuvent se rassurer : la construction est stable et ne bascule pas. <\/span><\/p>\n<p class=\"tw-data-text tw-text-large tw-ta\" dir=\"ltr\" data-placeholder=\"Traduction\"><span class=\"Y2IQFc\" lang=\"fr\">En outre, Lors de leurs escapades dans cette voiture, les plus petits prouvent leur motricit\u00e9 et leur sens de l&rsquo;orientation. Le klaxon int\u00e9gr\u00e9 au volant permet aux enfants d&rsquo;apprendre \u00e0 faire attention aux signaux sonores notamment. Les autocollants r\u00e9sistants devant, au dos et sur les c\u00f4t\u00e9s compl\u00e8tent l&rsquo;ensemble. Lorsque les petits sportifs sont \u00e9puis\u00e9s, les parents peuvent facilement porter le Porteur grand mod\u00e8le Racer de Dolu par le guidon. Tr\u00e8s compact, le porteur se range facilement.<\/span><\/p>\n<p><span style=\"font-size: 16px; font-style: normal; font-weight: 400;\">Achetez et commandez en ligne ou d\u00e9couvrez ce jouet dans notre magasin \u00e0 Tunis, Tunisie.<\/span><span style=\"font-size: 16px; font-style: normal; font-weight: 400;\">\u00a0<\/span><\/p>\n<p>Pour plus d&rsquo;informations visiter le site officiel <a href=\"https:\/\/www.dolu.com.tr\/en\/\">Dolu<\/a><\/p>\n","protected":false},"excerpt":{"rendered":"<p>Le Porteur grand mod\u00e8le Racer de Dolu promet des heures de plaisir aux pr\u00e9cieux petits. \u00c2ge recommand\u00e9 : 18 mois Dimensions: 30 x 69 x 40 cm. Charge maximale jusqu&rsquo;\u00e0 50 kg. Particularit\u00e9s : un volant maniable avec klaxon, un train avant pivotant, un si\u00e8ge ergonomique avec des espaces r\u00e9serv\u00e9s aux genoux. Ce porteur pousse pousse est compos\u00e9 de plastique robuste et r\u00e9siste \u00e0 un poids allant jusqu&rsquo;\u00e0 50 kg. Ses roues larges et stables lui permettent de circuler sur toutes les surfaces. La marque Dolu est un fabriquant qui produit plusieurs mod\u00e8les de porteurs et voitures \u00e0 p\u00e9dales.<\/p>\n<p>Le si\u00e8ge de forme ergonomique est confortable et avec les espaces r\u00e9serv\u00e9s aux genoux, les enfants plus \u00e2g\u00e9s peuvent \u00e9galement s&rsquo;amuser avec cette magnifique voiture porteur. Le volant est \u00e9galement ergonomique et poss\u00e8de une structure ondul\u00e9e qui permet aux enfants de se tenir fermement. Lorsque le volant est d\u00e9plac\u00e9, le train avant suit le mouvement, ce qui permet d&rsquo;effectuer tr\u00e8s facilement des virages ou des man\u0153uvres. Les parents peuvent se rassurer : la construction est stable et ne bascule pas.<\/p>\n","protected":false},"featured_media":1611,"comment_status":"open","ping_status":"closed","template":"","meta":{"site-sidebar-layout":"default","site-content-layout":"default","ast-site-content-layout":"","site-content-style":"","site-sidebar-style":"","ast-global-header-display":"","ast-banner-title-visibility":"","ast-main-header-display":"","ast-hfb-above-header-display":"","ast-hfb-below-header-display":"","ast-hfb-mobile-header-display":"","site-post-title":"","ast-breadcrumbs-content":"","ast-featured-img":"","footer-sml-layout":"","theme-transparent-header-meta":"default","adv-header-id-meta":"","stick-header-meta":"default","header-above-stick-meta":"","header-main-stick-meta":"","header-below-stick-meta":"","astra-migrate-meta-layouts":"","ast-page-background-enabled":"default","ast-page-background-meta":{"desktop":{"background-color":"","background-image":"","background-repeat":"repeat","background-position":"center center","background-size":"auto","background-attachment":"scroll","background-type":"","background-media":"","overlay-type":"","overlay-color":"","overlay-gradient":""},"tablet":{"background-color":"","background-image":"","background-repeat":"repeat","background-position":"center center","background-size":"auto","background-attachment":"scroll","background-type":"","background-media":"","overlay-type":"","overlay-color":"","overlay-gradient":""},"mobile":{"background-color":"","background-image":"","background-repeat":"repeat","background-position":"center center","background-size":"auto","background-attachment":"scroll","background-type":"","background-media":"","overlay-type":"","overlay-color":"","overlay-gradient":""}},"ast-content-background-meta":{"desktop":{"background-color":"var(--ast-global-color-5)","background-image":"","background-repeat":"repeat","background-position":"center center","background-size":"auto","background-attachment":"scroll","background-type":"","background-media":"","overlay-type":"","overlay-color":"","overlay-gradient":""},"tablet":{"background-color":"var(--ast-global-color-5)","background-image":"","background-repeat":"repeat","background-position":"center center","background-size":"auto","background-attachment":"scroll","background-type":"","background-media":"","overlay-type":"","overlay-color":"","overlay-gradient":""},"mobile":{"background-color":"var(--ast-global-color-5)","background-image":"","background-repeat":"repeat","background-position":"center center","background-size":"auto","background-attachment":"scroll","background-type":"","background-media":"","overlay-type":"","overlay-color":"","overlay-gradient":""}}},"product_cat":[27,35],"product_tag":[29,31,42,43],"class_list":["post-1561","product","type-product","status-publish","has-post-thumbnail","hentry","product_cat-dolu","product_cat-porteurs-et-voitures-a-pedales","product_tag-dolu","product_tag-jouet","product_tag-porteur","product_tag-voiture","product_shipping_class-articles-tres-volumineux","desktop-align-left","tablet-align-left","mobile-align-left"],"_links":{"self":[{"href":"https:\/\/jouetentunisie.tn\/index.php\/wp-json\/wp\/v2\/product\/1561","targetHints":{"allow":["GET"]}}],"collection":[{"href":"https:\/\/jouetentunisie.tn\/index.php\/wp-json\/wp\/v2\/product"}],"about":[{"href":"https:\/\/jouetentunisie.tn\/index.php\/wp-json\/wp\/v2\/types\/product"}],"replies":[{"embeddable":true,"href":"https:\/\/jouetentunisie.tn\/index.php\/wp-json\/wp\/v2\/comments?post=1561"}],"wp:featuredmedia":[{"embeddable":true,"href":"https:\/\/jouetentunisie.tn\/index.php\/wp-json\/wp\/v2\/media\/1611"}],"wp:attachment":[{"href":"https:\/\/jouetentunisie.tn\/index.php\/wp-json\/wp\/v2\/media?parent=1561"}],"wp:term":[{"taxonomy":"product_cat","embeddable":true,"href":"https:\/\/jouetentunisie.tn\/index.php\/wp-json\/wp\/v2\/product_cat?post=1561"},{"taxonomy":"product_tag","embeddable":true,"href":"https:\/\/jouetentunisie.tn\/index.php\/wp-json\/wp\/v2\/product_tag?post=1561"}],"curies":[{"name":"wp","href":"https:\/\/api.w.org\/{rel}","templated":true}]}}