{"id":1563,"date":"2023-11-23T15:22:51","date_gmt":"2023-11-23T14:22:51","guid":{"rendered":"https:\/\/jouetentunisie.tn\/?post_type=product&#038;p=1563"},"modified":"2023-11-23T15:23:08","modified_gmt":"2023-11-23T14:23:08","slug":"chaise-balancoire-dolu","status":"publish","type":"product","link":"https:\/\/jouetentunisie.tn\/index.php\/produit\/chaise-balancoire-dolu\/","title":{"rendered":"Chaise balan\u00e7oire Dolu"},"content":{"rendered":"<p>Chaise balan\u00e7oire de la marque DOLU avec tous les accessoires n\u00e9cessaires pour fixation. A partir de 12 mois. <span style=\"font-size: 16px; font-style: normal; font-weight: 400;\">Dimensions:\u00a0<\/span><span style=\"font-size: 16px; font-style: normal; font-weight: 400;\">49 X 45 X 32 CM. <\/span><span style=\"font-size: 16px;\">Adapt\u00e9 \u00e0 la fois \u00e0 l&rsquo;int\u00e9rieure et \u00e0 l&rsquo;ext\u00e9rieur. Le fabriquant Dolu produit aussi plusieurs <a href=\"https:\/\/www.tipirate-store.tn\/categorie-produit\/toboggans-et-exterieur\/\">jouets d&rsquo;exterieur<\/a>. Cette chaise de balan\u00e7oire est fabrique en plastique de haute qualit\u00e9 et r\u00e9pond \u00e0 toutes les normes <\/span><span style=\"font-size: 16px; font-style: normal; font-weight: 400;\">\u00a0<\/span><span style=\"font-size: 16px; font-style: normal; font-weight: 400;\">internationales <\/span>les plus strictes de qualit\u00e9. Elle est faite pour \u00eatre fix\u00e9e sur un axe horizontale gr\u00e2ce \u00e0 ses supports m\u00e9talliques renforc\u00e9s et ces cordes. Les enfants seront forts heureux de pouvoir \u00eatre bercer dans cette balan\u00e7oire, elle leur procurera le calme et l&rsquo;apaisement n\u00e9cessaire que l&rsquo;on connait lorsque l&rsquo;on berce les b\u00e9b\u00e9s!<\/p>\n<p>Cette balan\u00e7oire\u00a0 est le cadeau\u00a0<span style=\"font-size: 16px; font-style: normal; font-weight: 400;\">et jouet <\/span>parfait pour les enfant de 12 mois et plus afin de les laisser profiter de l&rsquo;ext\u00e9rieur en toute s\u00e9curit\u00e9 gr\u00e2ce \u00e9galement \u00e0 leur ceinture de s\u00e9curit\u00e9! Disponible uniquement en couleur rouge. Cette balan\u00e7oire est le cadeau parfait pour b\u00e9b\u00e9 et pour sa maman qui pourra profiter des beau jours avec son b\u00e9b\u00e9. Elle est tr\u00e8s facile \u00e0 transporter, \u00e0 monter mais aussi \u00e0 d\u00e9monter. La Chaise balan\u00e7oire de la marque DOLU Peut supporter facilement une charge maximale de 90kg.<\/p>\n<p><span style=\"font-size: 16px; font-style: normal; font-weight: 400;\">Achetez et commandez en ligne ou d\u00e9couvrez ce jouet dans notre magasin \u00e0 Tunis, Tunisie.<\/span><span style=\"font-size: 16px; font-style: normal; font-weight: 400;\">\u00a0<\/span><\/p>\n<p>Pour plus d&rsquo;informations visiter le site officiel <a href=\"https:\/\/www.dolu.com.tr\/en\/\">Dolu<\/a><\/p>\n","protected":false},"excerpt":{"rendered":"<p>Chaise balan\u00e7oire marque DOLU avec tous les accessoires n\u00e9cessaires pour fixation. A partir de 12 mois. Dimensions: 49 X 45 X 32 CM. Adapt\u00e9 \u00e0 la fois \u00e0 l&rsquo;int\u00e9rieure et \u00e0 l&rsquo;ext\u00e9rieur. Cette chaise de balan\u00e7oire est fabrique en plastique de haute qualit\u00e9 et r\u00e9pond \u00e0 toutes les normes \u00a0internationales les plus strictes de qualit\u00e9. Elle est faite pour \u00eatre fix\u00e9e sur un axe horizontale gr\u00e2ce \u00e0 ses supports m\u00e9talliques renforc\u00e9s et ces cordes. Les enfants seront forts heureux de pouvoir \u00eatre bercer dans cette balan\u00e7oire, elle leur procurera le calme et l&rsquo;apaisement n\u00e9cessaire que l&rsquo;on connait lorsque l&rsquo;on berce les b\u00e9b\u00e9s!<\/p>\n","protected":false},"featured_media":1615,"comment_status":"open","ping_status":"closed","template":"","meta":{"site-sidebar-layout":"default","site-content-layout":"default","ast-site-content-layout":"","site-content-style":"","site-sidebar-style":"","ast-global-header-display":"","ast-banner-title-visibility":"","ast-main-header-display":"","ast-hfb-above-header-display":"","ast-hfb-below-header-display":"","ast-hfb-mobile-header-display":"","site-post-title":"","ast-breadcrumbs-content":"","ast-featured-img":"","footer-sml-layout":"","theme-transparent-header-meta":"default","adv-header-id-meta":"","stick-header-meta":"default","header-above-stick-meta":"","header-main-stick-meta":"","header-below-stick-meta":"","astra-migrate-meta-layouts":"","ast-page-background-enabled":"default","ast-page-background-meta":{"desktop":{"background-color":"","background-image":"","background-repeat":"repeat","background-position":"center center","background-size":"auto","background-attachment":"scroll","background-type":"","background-media":"","overlay-type":"","overlay-color":"","overlay-gradient":""},"tablet":{"background-color":"","background-image":"","background-repeat":"repeat","background-position":"center center","background-size":"auto","background-attachment":"scroll","background-type":"","background-media":"","overlay-type":"","overlay-color":"","overlay-gradient":""},"mobile":{"background-color":"","background-image":"","background-repeat":"repeat","background-position":"center center","background-size":"auto","background-attachment":"scroll","background-type":"","background-media":"","overlay-type":"","overlay-color":"","overlay-gradient":""}},"ast-content-background-meta":{"desktop":{"background-color":"var(--ast-global-color-5)","background-image":"","background-repeat":"repeat","background-position":"center center","background-size":"auto","background-attachment":"scroll","background-type":"","background-media":"","overlay-type":"","overlay-color":"","overlay-gradient":""},"tablet":{"background-color":"var(--ast-global-color-5)","background-image":"","background-repeat":"repeat","background-position":"center center","background-size":"auto","background-attachment":"scroll","background-type":"","background-media":"","overlay-type":"","overlay-color":"","overlay-gradient":""},"mobile":{"background-color":"var(--ast-global-color-5)","background-image":"","background-repeat":"repeat","background-position":"center center","background-size":"auto","background-attachment":"scroll","background-type":"","background-media":"","overlay-type":"","overlay-color":"","overlay-gradient":""}}},"product_cat":[27,62],"product_tag":[29,31],"class_list":["post-1563","product","type-product","status-publish","has-post-thumbnail","hentry","product_cat-dolu","product_cat-toboggans-et-exterieur","product_tag-dolu","product_tag-jouet","product_shipping_class-articles-tres-volumineux","desktop-align-left","tablet-align-left","mobile-align-left"],"_links":{"self":[{"href":"https:\/\/jouetentunisie.tn\/index.php\/wp-json\/wp\/v2\/product\/1563","targetHints":{"allow":["GET"]}}],"collection":[{"href":"https:\/\/jouetentunisie.tn\/index.php\/wp-json\/wp\/v2\/product"}],"about":[{"href":"https:\/\/jouetentunisie.tn\/index.php\/wp-json\/wp\/v2\/types\/product"}],"replies":[{"embeddable":true,"href":"https:\/\/jouetentunisie.tn\/index.php\/wp-json\/wp\/v2\/comments?post=1563"}],"wp:featuredmedia":[{"embeddable":true,"href":"https:\/\/jouetentunisie.tn\/index.php\/wp-json\/wp\/v2\/media\/1615"}],"wp:attachment":[{"href":"https:\/\/jouetentunisie.tn\/index.php\/wp-json\/wp\/v2\/media?parent=1563"}],"wp:term":[{"taxonomy":"product_cat","embeddable":true,"href":"https:\/\/jouetentunisie.tn\/index.php\/wp-json\/wp\/v2\/product_cat?post=1563"},{"taxonomy":"product_tag","embeddable":true,"href":"https:\/\/jouetentunisie.tn\/index.php\/wp-json\/wp\/v2\/product_tag?post=1563"}],"curies":[{"name":"wp","href":"https:\/\/api.w.org\/{rel}","templated":true}]}}