{"id":1566,"date":"2023-11-23T15:22:52","date_gmt":"2023-11-23T14:22:52","guid":{"rendered":"https:\/\/jouetentunisie.tn\/?post_type=product&#038;p=1566"},"modified":"2023-11-23T15:23:10","modified_gmt":"2023-11-23T14:23:10","slug":"camion-pick-up-dolu","status":"publish","type":"product","link":"https:\/\/jouetentunisie.tn\/index.php\/produit\/camion-pick-up-dolu\/","title":{"rendered":"Camion Pick up Dolu"},"content":{"rendered":"<p>Camion Pick up en plastique de la marque DOLU avec dimensions 24 X 48 X 26. A partir de 18mois. La marque Dolu est un fabriquant qui produit plusieurs <a href=\"https:\/\/www.tipirate-store.tn\/categorie-produit\/jeux-de-role-garcons\/\">jeu de r\u00f4le gar\u00e7ons<\/a>.<\/p>\n<p><span style=\"font-size: 16px;\">Ce jouet camion pick up peut \u00eatre offert pour n&rsquo;importe quel moment\u2026 c&rsquo;est le jouet id\u00e9al pour s&rsquo;amuser \u00e0 l&rsquo;ext\u00e9rieur et notamment lors des vacances \u00e0 la plage, mais aussi \u00e0 l&rsquo;int\u00e9rieur avec notamment des petits mod\u00e8les \u00e0 utiliser sur un tapis de circuit. La marque Dolu est un fabriquant qui produit plusieurs <\/span><a style=\"font-size: 16px; background-color: #ffffff;\" href=\"https:\/\/www.tipirate-store.tn\/categorie-produit\/jeux-de-role-garcons\/\">jeu de r\u00f4le gar\u00e7ons<\/a><span style=\"font-size: 16px;\">. <\/span><span style=\"font-size: 16px;\">Ce camion pick up est une reproduction ludique et r\u00e9aliste des pick up que l&rsquo;on voit dans la vie r\u00e9elle! Dans la m\u00eame cat\u00e9gorie le <a href=\"https:\/\/www.tipirate-store.tn\/produit\/camion-pompier-dolu\/\">camion pompier<\/a><\/span><\/p>\n<p><span style=\"font-size: 16px;\"> Il permet par exemple de d\u00e9placer des marchandises, devenir un moyen de locomotion, tout peut \u00eatre imagin\u00e9! Peu importe l\u2019\u00e2ge de l\u2019enfant, tous ses d\u00e9sirs de cr\u00e9ation seront combl\u00e9s par un camion en jouet. Le camion Pick up de marque Dolu est un cadeau parfait et fera ravir tous les gar\u00e7ons. Les camions sont des engins qui, curieusement, fascinent les enfants, notamment les petits gar\u00e7ons et surtout celui ci avec une taille proche de 50cm et une solidit\u00e9 confirm\u00e9e!<\/span><\/p>\n<p>En outre, Il y en a m\u00eame qui r\u00eavent de conduire ce type de gros v\u00e9hicule. Si vous trouvez d\u00e9j\u00e0 cette envie dans votre enfant, pourquoi ne pas cultiver cela d\u00e8s maintenant en lui offrant magnifique camion! Vous verrez \u00e0 quel point votre petit tr\u00e9sor sera heureux d\u2019en recevoir une. en effet, il a bien raison, puisqu\u2019il s\u2019agit d\u2019un jouet multit\u00e2che qui accomplit monts et merveilles comme transporter, d\u00e9m\u00e9nager, tirer\u2026 . Imaginez les tonnes de choses que votre enfant peut faire avec.<\/p>\n<p><span style=\"font-size: 16px; font-style: normal; font-weight: 400;\">Achetez et commandez en ligne ou d\u00e9couvrez ce jouet dans notre magasin \u00e0 Tunis, Tunisie.<\/span><span style=\"font-size: 16px; font-style: normal; font-weight: 400;\">\u00a0<\/span><\/p>\n<p>Pour plus d&rsquo;informations visiter le site officiel <a href=\"https:\/\/www.dolu.com.tr\/en\/\">Dolu<\/a><\/p>\n","protected":false},"excerpt":{"rendered":"<p>Camion Pick up en plastique de la marque DOLU avec dimensions 24 X 48 X 26. A partir de 18mois. La marque Dolu est un fabriquant qui produit plusieurs jeu de r\u00f4le gar\u00e7ons. Ce jouet camion pick up peut \u00eatre offert pour n&rsquo;importe quel moment\u2026 c&rsquo;est le jouet id\u00e9al pour s&rsquo;amuser \u00e0 l&rsquo;ext\u00e9rieur et notamment lors des vacances \u00e0 la plage, mais aussi \u00e0 l&rsquo;int\u00e9rieur avec notamment des petits mod\u00e8les \u00e0 utiliser sur un tapis de circuit. La marque Dolu est un fabriquant qui produit plusieurs jeu de r\u00f4le gar\u00e7ons. Ce camion pick up est une reproduction ludique et r\u00e9aliste des pick up que l&rsquo;on voit dans la vie r\u00e9elle! Il permet par exemple de d\u00e9placer des marchandises, devenir un moyen de locomotion, tout peut \u00eatre imagin\u00e9! Peu importe l\u2019\u00e2ge de l\u2019enfant, tous ses d\u00e9sirs de cr\u00e9ation seront combl\u00e9s par un camion en jouet. Le camion Pick up de marque Dolu est un cadeau parfait et fera ravir tous les gar\u00e7ons. Les camions sont des engins qui, curieusement, fascinent les enfants, notamment les petits gar\u00e7ons et surtout celui ci avec une taille proche de 50cm et une solidit\u00e9 confirm\u00e9e!<\/p>\n","protected":false},"featured_media":1621,"comment_status":"open","ping_status":"closed","template":"","meta":{"site-sidebar-layout":"default","site-content-layout":"default","ast-site-content-layout":"","site-content-style":"","site-sidebar-style":"","ast-global-header-display":"","ast-banner-title-visibility":"","ast-main-header-display":"","ast-hfb-above-header-display":"","ast-hfb-below-header-display":"","ast-hfb-mobile-header-display":"","site-post-title":"","ast-breadcrumbs-content":"","ast-featured-img":"","footer-sml-layout":"","theme-transparent-header-meta":"default","adv-header-id-meta":"","stick-header-meta":"default","header-above-stick-meta":"","header-main-stick-meta":"","header-below-stick-meta":"","astra-migrate-meta-layouts":"","ast-page-background-enabled":"default","ast-page-background-meta":{"desktop":{"background-color":"","background-image":"","background-repeat":"repeat","background-position":"center center","background-size":"auto","background-attachment":"scroll","background-type":"","background-media":"","overlay-type":"","overlay-color":"","overlay-gradient":""},"tablet":{"background-color":"","background-image":"","background-repeat":"repeat","background-position":"center center","background-size":"auto","background-attachment":"scroll","background-type":"","background-media":"","overlay-type":"","overlay-color":"","overlay-gradient":""},"mobile":{"background-color":"","background-image":"","background-repeat":"repeat","background-position":"center center","background-size":"auto","background-attachment":"scroll","background-type":"","background-media":"","overlay-type":"","overlay-color":"","overlay-gradient":""}},"ast-content-background-meta":{"desktop":{"background-color":"var(--ast-global-color-5)","background-image":"","background-repeat":"repeat","background-position":"center center","background-size":"auto","background-attachment":"scroll","background-type":"","background-media":"","overlay-type":"","overlay-color":"","overlay-gradient":""},"tablet":{"background-color":"var(--ast-global-color-5)","background-image":"","background-repeat":"repeat","background-position":"center center","background-size":"auto","background-attachment":"scroll","background-type":"","background-media":"","overlay-type":"","overlay-color":"","overlay-gradient":""},"mobile":{"background-color":"var(--ast-global-color-5)","background-image":"","background-repeat":"repeat","background-position":"center center","background-size":"auto","background-attachment":"scroll","background-type":"","background-media":"","overlay-type":"","overlay-color":"","overlay-gradient":""}}},"product_cat":[27,58],"product_tag":[29,31],"class_list":["post-1566","product","type-product","status-publish","has-post-thumbnail","hentry","product_cat-dolu","product_cat-jeux-de-role-garcons","product_tag-dolu","product_tag-jouet","desktop-align-left","tablet-align-left","mobile-align-left"],"_links":{"self":[{"href":"https:\/\/jouetentunisie.tn\/index.php\/wp-json\/wp\/v2\/product\/1566","targetHints":{"allow":["GET"]}}],"collection":[{"href":"https:\/\/jouetentunisie.tn\/index.php\/wp-json\/wp\/v2\/product"}],"about":[{"href":"https:\/\/jouetentunisie.tn\/index.php\/wp-json\/wp\/v2\/types\/product"}],"replies":[{"embeddable":true,"href":"https:\/\/jouetentunisie.tn\/index.php\/wp-json\/wp\/v2\/comments?post=1566"}],"wp:featuredmedia":[{"embeddable":true,"href":"https:\/\/jouetentunisie.tn\/index.php\/wp-json\/wp\/v2\/media\/1621"}],"wp:attachment":[{"href":"https:\/\/jouetentunisie.tn\/index.php\/wp-json\/wp\/v2\/media?parent=1566"}],"wp:term":[{"taxonomy":"product_cat","embeddable":true,"href":"https:\/\/jouetentunisie.tn\/index.php\/wp-json\/wp\/v2\/product_cat?post=1566"},{"taxonomy":"product_tag","embeddable":true,"href":"https:\/\/jouetentunisie.tn\/index.php\/wp-json\/wp\/v2\/product_tag?post=1566"}],"curies":[{"name":"wp","href":"https:\/\/api.w.org\/{rel}","templated":true}]}}