{"id":1568,"date":"2023-11-23T15:22:52","date_gmt":"2023-11-23T14:22:52","guid":{"rendered":"https:\/\/jouetentunisie.tn\/?post_type=product&#038;p=1568"},"modified":"2023-11-23T15:23:11","modified_gmt":"2023-11-23T14:23:11","slug":"cuisine-unicorn-dolu","status":"publish","type":"product","link":"https:\/\/jouetentunisie.tn\/index.php\/produit\/cuisine-unicorn-dolu\/","title":{"rendered":"Cuisine Unicorn Dolu"},"content":{"rendered":"<p>Cuisine Unicorn avec accessoires 19pcs de la marque DOLU a partir de 3ans. Dimensions 64X27X41 CM. La marque Dolu est un fabriquant qui produit plusieurs <a href=\"https:\/\/www.tipirate-store.tn\/categorie-produit\/jeux-de-role-filles\/\">jeu de r\u00f4le filles<\/a>. Cette cuisine poss\u00e8de un four ouvrable, plusieurs accessoires et m\u00eame un robinet fictif pour un jeu de r\u00f4le et d&rsquo;imitation parfait! La cuisine en plastique Unicorn de DOLU est intemporelle et saura divertir votre enfant durant de nombreuses heures d&rsquo;amusement. \u00c0 la fois divertissante et \u00e9ducative, elle pr\u00e9sente de nombreux avantages sur l&rsquo;\u00e9volution et l&rsquo;apprentissage.<\/p>\n<p>V\u00e9ritable jouet d&rsquo;imitation, la cuisinette plaira \u00e0 tous et \u00e0 toutes et offre la possibilit\u00e9 de cr\u00e9er toutes sortes d&rsquo;histoires. Une cuisine est un cadeau id\u00e9al et reste g\u00e9n\u00e9ralement dans la famille de nombreuses ann\u00e9es! En plastique, la cuisine sera l\u00e9g\u00e8re, facile \u00e0 installer et \u00e0 d\u00e9placer. De plus elle demandera tr\u00e8s peu d&rsquo;entretien ! D\u00e8s leur plus jeune \u00e2ge, les enfants\u00a0apprennent en observant et en imitant les personnes plus \u00e2g\u00e9es. Les jeux d&rsquo;imitation telles que les kitchenettes ou les autres \u00e9lectrom\u00e9nagers pour enfants\u00a0leur permettent d&rsquo;inventer des sc\u00e9narios.<\/p>\n<p>Cr\u00e9er de nouveaux r\u00f4les \u00e0 jouer dans leurs propres histoires va\u00a0stimuler l&rsquo;imagination\u00a0et\u00a0enrichir la cr\u00e9ativit\u00e9. C&rsquo;est \u00e9galement en imitant, en observant et en cr\u00e9ant qu&rsquo;ils vont pouvoir\u00a0forger leur personnalit\u00e9\u00a0et construire peu \u00e0 peu leur caract\u00e8re et leurs go\u00fbts.<\/p>\n<p><span style=\"font-size: 16px; font-style: normal; font-weight: 400;\">Achetez et commandez en ligne ou d\u00e9couvrez ce jouet dans notre magasin Tipirate \u00e0 Tunis, Tunisie.<\/span><span style=\"font-size: 16px; font-style: normal; font-weight: 400;\">\u00a0<\/span><\/p>\n<p>Pour plus d&rsquo;informations visiter le site officiel <a href=\"https:\/\/www.dolu.com.tr\/en\/\">Dolu<\/a><\/p>\n","protected":false},"excerpt":{"rendered":"<p>Cuisine Unicorn avec accessoires 19pcs de la marque DOLU a partir de 3ans. Dimensions 64X27X41 CM. La marque Dolu est un fabriquant qui produit plusieurs jeu de r\u00f4le filles. Cette cuisine poss\u00e8de un four ouvrable, plusieurs accessoires et m\u00eame un robinet fictif pour un jeu de r\u00f4le et d&rsquo;imitation parfait! La cuisine en plastique Unicorn de DOLU est intemporelle et saura divertir votre enfant durant de nombreuses heures d&rsquo;amusement. \u00c0 la fois divertissante et \u00e9ducative, elle pr\u00e9sente de nombreux avantages sur l&rsquo;\u00e9volution et l&rsquo;apprentissage.<\/p>\n<p>V\u00e9ritable jouet d&rsquo;imitation, la cuisinette plaira \u00e0 tous et \u00e0 toutes et offre la possibilit\u00e9 de cr\u00e9er toutes sortes d&rsquo;histoires. Une cuisine est un cadeau id\u00e9al et reste g\u00e9n\u00e9ralement dans la famille de nombreuses ann\u00e9es! En plastique, la cuisine sera l\u00e9g\u00e8re, facile \u00e0 installer et \u00e0 d\u00e9placer. De plus elle demandera tr\u00e8s peu d&rsquo;entretien ! D\u00e8s leur plus jeune \u00e2ge, les enfants\u00a0apprennent en observant et en imitant les personnes plus \u00e2g\u00e9es. Les jeux d&rsquo;imitation telles que les kitchenettes ou les autres \u00e9lectrom\u00e9nagers pour enfants\u00a0leur permettent d&rsquo;inventer des sc\u00e9narios.<\/p>\n","protected":false},"featured_media":1623,"comment_status":"open","ping_status":"closed","template":"","meta":{"site-sidebar-layout":"default","site-content-layout":"default","ast-site-content-layout":"","site-content-style":"","site-sidebar-style":"","ast-global-header-display":"","ast-banner-title-visibility":"","ast-main-header-display":"","ast-hfb-above-header-display":"","ast-hfb-below-header-display":"","ast-hfb-mobile-header-display":"","site-post-title":"","ast-breadcrumbs-content":"","ast-featured-img":"","footer-sml-layout":"","theme-transparent-header-meta":"default","adv-header-id-meta":"","stick-header-meta":"default","header-above-stick-meta":"","header-main-stick-meta":"","header-below-stick-meta":"","astra-migrate-meta-layouts":"","ast-page-background-enabled":"default","ast-page-background-meta":{"desktop":{"background-color":"","background-image":"","background-repeat":"repeat","background-position":"center center","background-size":"auto","background-attachment":"scroll","background-type":"","background-media":"","overlay-type":"","overlay-color":"","overlay-gradient":""},"tablet":{"background-color":"","background-image":"","background-repeat":"repeat","background-position":"center center","background-size":"auto","background-attachment":"scroll","background-type":"","background-media":"","overlay-type":"","overlay-color":"","overlay-gradient":""},"mobile":{"background-color":"","background-image":"","background-repeat":"repeat","background-position":"center center","background-size":"auto","background-attachment":"scroll","background-type":"","background-media":"","overlay-type":"","overlay-color":"","overlay-gradient":""}},"ast-content-background-meta":{"desktop":{"background-color":"var(--ast-global-color-5)","background-image":"","background-repeat":"repeat","background-position":"center center","background-size":"auto","background-attachment":"scroll","background-type":"","background-media":"","overlay-type":"","overlay-color":"","overlay-gradient":""},"tablet":{"background-color":"var(--ast-global-color-5)","background-image":"","background-repeat":"repeat","background-position":"center center","background-size":"auto","background-attachment":"scroll","background-type":"","background-media":"","overlay-type":"","overlay-color":"","overlay-gradient":""},"mobile":{"background-color":"var(--ast-global-color-5)","background-image":"","background-repeat":"repeat","background-position":"center center","background-size":"auto","background-attachment":"scroll","background-type":"","background-media":"","overlay-type":"","overlay-color":"","overlay-gradient":""}}},"product_cat":[27,56],"product_tag":[29,31,33],"class_list":["post-1568","product","type-product","status-publish","has-post-thumbnail","hentry","product_cat-dolu","product_cat-jeux-de-role-filles","product_tag-dolu","product_tag-jouet","product_tag-unicorn","product_shipping_class-articles-volumineux","desktop-align-left","tablet-align-left","mobile-align-left"],"_links":{"self":[{"href":"https:\/\/jouetentunisie.tn\/index.php\/wp-json\/wp\/v2\/product\/1568","targetHints":{"allow":["GET"]}}],"collection":[{"href":"https:\/\/jouetentunisie.tn\/index.php\/wp-json\/wp\/v2\/product"}],"about":[{"href":"https:\/\/jouetentunisie.tn\/index.php\/wp-json\/wp\/v2\/types\/product"}],"replies":[{"embeddable":true,"href":"https:\/\/jouetentunisie.tn\/index.php\/wp-json\/wp\/v2\/comments?post=1568"}],"wp:featuredmedia":[{"embeddable":true,"href":"https:\/\/jouetentunisie.tn\/index.php\/wp-json\/wp\/v2\/media\/1623"}],"wp:attachment":[{"href":"https:\/\/jouetentunisie.tn\/index.php\/wp-json\/wp\/v2\/media?parent=1568"}],"wp:term":[{"taxonomy":"product_cat","embeddable":true,"href":"https:\/\/jouetentunisie.tn\/index.php\/wp-json\/wp\/v2\/product_cat?post=1568"},{"taxonomy":"product_tag","embeddable":true,"href":"https:\/\/jouetentunisie.tn\/index.php\/wp-json\/wp\/v2\/product_tag?post=1568"}],"curies":[{"name":"wp","href":"https:\/\/api.w.org\/{rel}","templated":true}]}}