{"id":1569,"date":"2023-11-23T15:22:52","date_gmt":"2023-11-23T14:22:52","guid":{"rendered":"https:\/\/jouetentunisie.tn\/?post_type=product&#038;p=1569"},"modified":"2023-11-23T15:23:12","modified_gmt":"2023-11-23T14:23:12","slug":"poussette-unicorn-dolu","status":"publish","type":"product","link":"https:\/\/jouetentunisie.tn\/index.php\/produit\/poussette-unicorn-dolu\/","title":{"rendered":"Poussette Unicorn Dolu"},"content":{"rendered":"<p>Poussette Unicorn de la marque Dolu avec si\u00e8ge en Tissu lavable. Dimensions 50 X 45 X 34 cm. Gr\u00e2ce \u00e0 elle, votre enfant pourra emmener sa\u00a0poup\u00e9e pour une balade ext\u00e9rieure. La marque Dolu est un fabriquant qui produit plusieurs <a href=\"https:\/\/www.tipirate-store.tn\/categorie-produit\/jeux-de-role-filles\/\">jeu de r\u00f4le filles<\/a>. Il lui sera \u00e9galement possible de lui faire visiter sa maison. Il pourra jouer au papa et \u00e0 la maman, gr\u00e2ce \u00e0 ce jouet d&rsquo;imitation, il d\u00e9veloppera son sens de l&rsquo;imagination. L\u00e9g\u00e8re et maniable, cette\u00a0poussette s&#8217;emm\u00e8ne partout et est tr\u00e8s pratique pour promener sa poup\u00e9e favorite.<\/p>\n<p>La poussette pour la poup\u00e9e est le cadeau r\u00eav\u00e9 des petites qui ne manquent pas une occasion d&#8217;emmener leur poup\u00e9e pour jouer au parc ou chez la nounou ! avec une assise en tissu ce mod\u00e8le ressemble aux vraies poussettes pour les b\u00e9b\u00e9s! Cette poussette est un jeu d&rsquo;imitation parfait pour les filles et leur permettent de se sentir plus grande en imitant les adultes! La Poussette Unicorn de la marque Dolu est un cadeau qui fera le bonheur de toutes les filles alors offrez lui ce magnifique jouet! Poussette qui va de paire avec le <a href=\"https:\/\/www.tipirate-store.tn\/produit\/landau-unicorn-dolu\/\">landau Unicorn<\/a>!<\/p>\n<p><span style=\"font-size: 16px; font-style: normal; font-weight: 400;\">Achetez et commandez en ligne ou d\u00e9couvrez ce jouet dans notre magasin Tipirate \u00e0 Tunis, Tunisie.<\/span><span style=\"font-size: 16px; font-style: normal; font-weight: 400;\">\u00a0<\/span><\/p>\n<p>Pour plus d&rsquo;informations visiter le site officiel <a href=\"https:\/\/www.dolu.com.tr\/en\/\">Dolu<\/a><\/p>\n","protected":false},"excerpt":{"rendered":"<p>Poussette Unicorn de la marque Dolu avec si\u00e8ge en Tissu lavable. Dimensions 50 X 45 X 34 cm. Gr\u00e2ce \u00e0 elle, votre enfant pourra emmener sa\u00a0poup\u00e9e pour une balade ext\u00e9rieure. La marque Dolu est un fabriquant qui produit plusieurs jeu de r\u00f4le filles. Il lui sera \u00e9galement possible de lui faire visiter sa maison. Il pourra jouer au papa et \u00e0 la maman, gr\u00e2ce \u00e0 ce jouet d&rsquo;imitation, il d\u00e9veloppera son sens de l&rsquo;imagination. L\u00e9g\u00e8re et maniable, cette\u00a0poussette s&#8217;emm\u00e8ne partout et est tr\u00e8s pratique pour promener sa poup\u00e9e favorite.<\/p>\n<p>La poussette pour la poup\u00e9e est le cadeau r\u00eav\u00e9 des petites qui ne manquent pas une occasion d&#8217;emmener leur poup\u00e9e pour jouer au parc ou chez la nounou ! avec une assise en tissu ce mod\u00e8le ressemble aux vraies poussettes pour les b\u00e9b\u00e9s! Cette poussette est un jeu d&rsquo;imitation parfait pour les filles et leur permettent de se sentir plus grande en imitant les adultes!<\/p>\n","protected":false},"featured_media":1624,"comment_status":"open","ping_status":"closed","template":"","meta":{"site-sidebar-layout":"default","site-content-layout":"default","ast-site-content-layout":"","site-content-style":"","site-sidebar-style":"","ast-global-header-display":"","ast-banner-title-visibility":"","ast-main-header-display":"","ast-hfb-above-header-display":"","ast-hfb-below-header-display":"","ast-hfb-mobile-header-display":"","site-post-title":"","ast-breadcrumbs-content":"","ast-featured-img":"","footer-sml-layout":"","theme-transparent-header-meta":"default","adv-header-id-meta":"","stick-header-meta":"default","header-above-stick-meta":"","header-main-stick-meta":"","header-below-stick-meta":"","astra-migrate-meta-layouts":"","ast-page-background-enabled":"default","ast-page-background-meta":{"desktop":{"background-color":"","background-image":"","background-repeat":"repeat","background-position":"center center","background-size":"auto","background-attachment":"scroll","background-type":"","background-media":"","overlay-type":"","overlay-color":"","overlay-gradient":""},"tablet":{"background-color":"","background-image":"","background-repeat":"repeat","background-position":"center center","background-size":"auto","background-attachment":"scroll","background-type":"","background-media":"","overlay-type":"","overlay-color":"","overlay-gradient":""},"mobile":{"background-color":"","background-image":"","background-repeat":"repeat","background-position":"center center","background-size":"auto","background-attachment":"scroll","background-type":"","background-media":"","overlay-type":"","overlay-color":"","overlay-gradient":""}},"ast-content-background-meta":{"desktop":{"background-color":"var(--ast-global-color-5)","background-image":"","background-repeat":"repeat","background-position":"center center","background-size":"auto","background-attachment":"scroll","background-type":"","background-media":"","overlay-type":"","overlay-color":"","overlay-gradient":""},"tablet":{"background-color":"var(--ast-global-color-5)","background-image":"","background-repeat":"repeat","background-position":"center center","background-size":"auto","background-attachment":"scroll","background-type":"","background-media":"","overlay-type":"","overlay-color":"","overlay-gradient":""},"mobile":{"background-color":"var(--ast-global-color-5)","background-image":"","background-repeat":"repeat","background-position":"center center","background-size":"auto","background-attachment":"scroll","background-type":"","background-media":"","overlay-type":"","overlay-color":"","overlay-gradient":""}}},"product_cat":[27,56],"product_tag":[29,31,33],"class_list":["post-1569","product","type-product","status-publish","has-post-thumbnail","hentry","product_cat-dolu","product_cat-jeux-de-role-filles","product_tag-dolu","product_tag-jouet","product_tag-unicorn","desktop-align-left","tablet-align-left","mobile-align-left"],"_links":{"self":[{"href":"https:\/\/jouetentunisie.tn\/index.php\/wp-json\/wp\/v2\/product\/1569","targetHints":{"allow":["GET"]}}],"collection":[{"href":"https:\/\/jouetentunisie.tn\/index.php\/wp-json\/wp\/v2\/product"}],"about":[{"href":"https:\/\/jouetentunisie.tn\/index.php\/wp-json\/wp\/v2\/types\/product"}],"replies":[{"embeddable":true,"href":"https:\/\/jouetentunisie.tn\/index.php\/wp-json\/wp\/v2\/comments?post=1569"}],"wp:featuredmedia":[{"embeddable":true,"href":"https:\/\/jouetentunisie.tn\/index.php\/wp-json\/wp\/v2\/media\/1624"}],"wp:attachment":[{"href":"https:\/\/jouetentunisie.tn\/index.php\/wp-json\/wp\/v2\/media?parent=1569"}],"wp:term":[{"taxonomy":"product_cat","embeddable":true,"href":"https:\/\/jouetentunisie.tn\/index.php\/wp-json\/wp\/v2\/product_cat?post=1569"},{"taxonomy":"product_tag","embeddable":true,"href":"https:\/\/jouetentunisie.tn\/index.php\/wp-json\/wp\/v2\/product_tag?post=1569"}],"curies":[{"name":"wp","href":"https:\/\/api.w.org\/{rel}","templated":true}]}}