{"id":1570,"date":"2023-11-23T15:22:52","date_gmt":"2023-11-23T14:22:52","guid":{"rendered":"https:\/\/jouetentunisie.tn\/?post_type=product&#038;p=1570"},"modified":"2023-11-23T15:23:20","modified_gmt":"2023-11-23T14:23:20","slug":"landau-unicorn-dolu","status":"publish","type":"product","link":"https:\/\/jouetentunisie.tn\/index.php\/produit\/landau-unicorn-dolu\/","title":{"rendered":"Landau Unicorn Dolu"},"content":{"rendered":"<p>Landau Unicorn avec tissu et sans poup\u00e9e de la marque Dolu. Dimensions assembl\u00e9 de 57 x 35 x 39 cm. Age conseill\u00e9 \u00e0 partir de 2ans. La marque Dolu est un fabriquant qui produit plusieurs <a href=\"https:\/\/www.tipirate-store.tn\/categorie-produit\/jeux-de-role-filles\/\">jeu de r\u00f4le filles<\/a>. Les courbes douces et arrondies en forme de c\u0153ur sont juste magnifiques et feront le bonheur de toutes les filles et de leur poup\u00e9es ador\u00e9es! \u00e7a donne envie d&rsquo;aller faire faire un tour avec sa poup\u00e9e ! Le landau de poup\u00e9e de Dolu encourage votre enfant \u00e0 jouer ke r\u00f4le de la maman et de l&rsquo;imiter, lui permettant en outre de d\u00e9velopper sa sociabilit\u00e9 et sa capacit\u00e9 d&rsquo;imitation. Parfait pour un jeu actif avec des poup\u00e9es et des ours en peluche! Ce jouet est le cadeau parfait!<\/p>\n<p>D&rsquo;ailleurs, le landau de la poup\u00e9e peut aider \u00e0 d\u00e9velopper les comp\u00e9tences sociales de votre enfant gr\u00e2ce \u00e0 des jeux de r\u00f4le, comme votre enfant se faisant passer pour la maman ou le papa de la poup\u00e9e. De plus, le landau de la poup\u00e9e est \u00e9galement stable et relativement maniable, ce qui signifie qu&rsquo;il peut facilement soutenir votre enfant lorsqu&rsquo;il se met debout et l&rsquo;aider donc \u00e0 marcher et faire ses premi\u00e8res promenades et ainsi favoriser le d\u00e9veloppement de la motricit\u00e9. En outre ce jouet le Landau Unicorn de la marque Dolu sera un grand cadeau de maternit\u00e9 et un cadeau pour l&rsquo;enfant qui f\u00eate ses 1 an<\/p>\n<p><span style=\"font-size: 16px; font-style: normal; font-weight: 400;\">Achetez et commandez en ligne ou d\u00e9couvrez ce jouet dans notre magasin \u00e0 Tunis, Tunisie.<\/span><span style=\"font-size: 16px; font-style: normal; font-weight: 400;\">\u00a0<\/span><\/p>\n<p>Pour plus d&rsquo;informations visiter le site officiel <a href=\"https:\/\/www.dolu.com.tr\/en\/\">Dolu<\/a><\/p>\n","protected":false},"excerpt":{"rendered":"<p>Landau Unicorn avec tissu et sans poup\u00e9e de la marque Dolu. Dimensions assembl\u00e9 de 57 x 35 x 39 cm. Age conseill\u00e9 \u00e0 partir de 2ans. La marque Dolu est un fabriquant qui produit plusieurs jeu de r\u00f4le filles. Les courbes douces et arrondies en forme de c\u0153ur sont juste magnifiques et feront le bonheur de toutes les filles et de leur poup\u00e9es ador\u00e9es! \u00e7a donne envie d&rsquo;aller faire faire un tour avec sa poup\u00e9e ! Le landau de poup\u00e9e de Dolu encourage votre enfant \u00e0 jouer ke r\u00f4le de la maman et de l&rsquo;imiter, lui permettant en outre de d\u00e9velopper sa sociabilit\u00e9 et sa capacit\u00e9 d&rsquo;imitation. Parfait pour un jeu actif avec des poup\u00e9es et des ours en peluche! Ce jouet est le cadeau parfait!<\/p>\n<p>D&rsquo;ailleurs, le landau de la poup\u00e9e peut aider \u00e0 d\u00e9velopper les comp\u00e9tences sociales de votre enfant gr\u00e2ce \u00e0 des jeux de r\u00f4le, comme votre enfant se faisant passer pour la maman ou le papa de la poup\u00e9e.<\/p>\n","protected":false},"featured_media":1655,"comment_status":"open","ping_status":"closed","template":"","meta":{"site-sidebar-layout":"default","site-content-layout":"default","ast-site-content-layout":"","site-content-style":"","site-sidebar-style":"","ast-global-header-display":"","ast-banner-title-visibility":"","ast-main-header-display":"","ast-hfb-above-header-display":"","ast-hfb-below-header-display":"","ast-hfb-mobile-header-display":"","site-post-title":"","ast-breadcrumbs-content":"","ast-featured-img":"","footer-sml-layout":"","theme-transparent-header-meta":"default","adv-header-id-meta":"","stick-header-meta":"default","header-above-stick-meta":"","header-main-stick-meta":"","header-below-stick-meta":"","astra-migrate-meta-layouts":"","ast-page-background-enabled":"default","ast-page-background-meta":{"desktop":{"background-color":"","background-image":"","background-repeat":"repeat","background-position":"center center","background-size":"auto","background-attachment":"scroll","background-type":"","background-media":"","overlay-type":"","overlay-color":"","overlay-gradient":""},"tablet":{"background-color":"","background-image":"","background-repeat":"repeat","background-position":"center center","background-size":"auto","background-attachment":"scroll","background-type":"","background-media":"","overlay-type":"","overlay-color":"","overlay-gradient":""},"mobile":{"background-color":"","background-image":"","background-repeat":"repeat","background-position":"center center","background-size":"auto","background-attachment":"scroll","background-type":"","background-media":"","overlay-type":"","overlay-color":"","overlay-gradient":""}},"ast-content-background-meta":{"desktop":{"background-color":"var(--ast-global-color-5)","background-image":"","background-repeat":"repeat","background-position":"center center","background-size":"auto","background-attachment":"scroll","background-type":"","background-media":"","overlay-type":"","overlay-color":"","overlay-gradient":""},"tablet":{"background-color":"var(--ast-global-color-5)","background-image":"","background-repeat":"repeat","background-position":"center center","background-size":"auto","background-attachment":"scroll","background-type":"","background-media":"","overlay-type":"","overlay-color":"","overlay-gradient":""},"mobile":{"background-color":"var(--ast-global-color-5)","background-image":"","background-repeat":"repeat","background-position":"center center","background-size":"auto","background-attachment":"scroll","background-type":"","background-media":"","overlay-type":"","overlay-color":"","overlay-gradient":""}}},"product_cat":[27,56],"product_tag":[29,31,33],"class_list":["post-1570","product","type-product","status-publish","has-post-thumbnail","hentry","product_cat-dolu","product_cat-jeux-de-role-filles","product_tag-dolu","product_tag-jouet","product_tag-unicorn","desktop-align-left","tablet-align-left","mobile-align-left"],"_links":{"self":[{"href":"https:\/\/jouetentunisie.tn\/index.php\/wp-json\/wp\/v2\/product\/1570","targetHints":{"allow":["GET"]}}],"collection":[{"href":"https:\/\/jouetentunisie.tn\/index.php\/wp-json\/wp\/v2\/product"}],"about":[{"href":"https:\/\/jouetentunisie.tn\/index.php\/wp-json\/wp\/v2\/types\/product"}],"replies":[{"embeddable":true,"href":"https:\/\/jouetentunisie.tn\/index.php\/wp-json\/wp\/v2\/comments?post=1570"}],"wp:featuredmedia":[{"embeddable":true,"href":"https:\/\/jouetentunisie.tn\/index.php\/wp-json\/wp\/v2\/media\/1655"}],"wp:attachment":[{"href":"https:\/\/jouetentunisie.tn\/index.php\/wp-json\/wp\/v2\/media?parent=1570"}],"wp:term":[{"taxonomy":"product_cat","embeddable":true,"href":"https:\/\/jouetentunisie.tn\/index.php\/wp-json\/wp\/v2\/product_cat?post=1570"},{"taxonomy":"product_tag","embeddable":true,"href":"https:\/\/jouetentunisie.tn\/index.php\/wp-json\/wp\/v2\/product_tag?post=1570"}],"curies":[{"name":"wp","href":"https:\/\/api.w.org\/{rel}","templated":true}]}}