{"id":1626,"date":"2023-11-23T15:23:13","date_gmt":"2023-11-23T14:23:13","guid":{"rendered":"https:\/\/jouetentunisie.tn\/?post_type=product&#038;p=1626"},"modified":"2023-11-23T15:23:20","modified_gmt":"2023-11-23T14:23:20","slug":"chariot-achat-unicorn-dolu","status":"publish","type":"product","link":"https:\/\/jouetentunisie.tn\/index.php\/produit\/chariot-achat-unicorn-dolu\/","title":{"rendered":"Chariot Achat Unicorn Dolu"},"content":{"rendered":"<p>Chariot d&rsquo;achat Unicorn de la marque Dolu. Dimensions 48 X 30 X 40cm. Assemblage simple et rapide. A partir de 2ans. A partir de 2 ans. La marque Dolu est un fabriquant qui produit plusieurs <a href=\"https:\/\/www.tipirate-store.tn\/categorie-produit\/jeux-de-role-filles\/\">jeu de r\u00f4le filles<\/a>. Il a des avantages pour l&rsquo;imagination et le d\u00e9veloppement du corps des enfants. Les filles vont adorer ce jouet et surtout ce chariot qu&rsquo;elles peuvent transporter partout! Ce Chariot peut parfaitement ranger d&rsquo;autres accessoires de jouets. Les enfants vont adorer pouvoir pousser ce chariot pour faire semblant de faire leurs courses et profiter de jeux de r\u00f4le amusants. En outre, il peut encourager l&rsquo;interaction parent-enfant et d\u00e9velopper la coordination \u0153il-main et l&rsquo;imagination.<\/p>\n<p>Ce jouet en tant que cadeau ravira toutes les petites filles et leur procurera bonheur immense garanti! de part sa structure peut aider\u00a0 les plus jeunes <span style=\"font-size: 16px; font-style: normal; font-weight: 400;\">\u00e0 la marche et \u00e0 se tenir debout! Dans la m\u00eame cat\u00e9gorie le <a href=\"https:\/\/www.tipirate-store.tn\/produit\/chariot-achat-dolu\/\">chariot Dolu<\/a><\/span><\/p>\n<p>Avec ce Chariot d&rsquo;achat mod\u00e8le Unicorn de la marque DOLU, les filles vont adorer jouer ensemble faire semblant de faire leur courses et bien plus!\u00a0 Amusement garanti! Ce jouet est fait de plastique de haute qualit\u00e9 et est un jouet r\u00e9pondant \u00e0 toutes les nomes internationales!<\/p>\n<p><span style=\"font-size: 16px; font-style: normal; font-weight: 400;\">Achetez et commandez en ligne ou d\u00e9couvrez ce jouet dans notre magasin \u00e0 Tunis, Tunisie.<\/span><span style=\"font-size: 16px; font-style: normal; font-weight: 400;\">\u00a0<\/span><\/p>\n<p>Pour plus d&rsquo;informations visiter le site officiel <a href=\"https:\/\/www.dolu.com.tr\/en\/\">Dolu<\/a><\/p>\n","protected":false},"excerpt":{"rendered":"<p>Chariot d&rsquo;achat Unicorn de la marque Dolu. Dimensions 48 X 30 X 40cm. Assemblage simple et rapide. A partir de 2ans. A partir de 2 ans. La marque Dolu est un fabriquant qui produit plusieurs jeu de r\u00f4le filles. Il a des avantages pour l&rsquo;imagination et le d\u00e9veloppement du corps des enfants. Les filles vont adorer ce jouet et surtout ce chariot qu&rsquo;elles peuvent transporter partout! Ce Chariot peut parfaitement ranger d&rsquo;autres accessoires de jouets. Les enfants vont adorer pouvoir pousser ce chariot pour faire semblant de faire leurs courses et profiter de jeux de r\u00f4le amusants. En outre, il peut encourager l&rsquo;interaction parent-enfant et d\u00e9velopper la coordination \u0153il-main et l&rsquo;imagination.\u00a0 Ce jouet en tant que cadeau ravira toutes les petites filles et leur procurera bonheur immense garanti! de part sa structure peut aider\u00a0 les plus jeunes \u00e0 la marche et\u00e0 se tenir debout!<\/p>\n<p>Avec ce Chariot d&rsquo;achat mod\u00e8le Unicorn de la marque DOLU, les filles vont adorer jouer ensemble faire semblant de faire leur courses et bien plus!<\/p>\n","protected":false},"featured_media":1656,"comment_status":"open","ping_status":"closed","template":"","meta":{"site-sidebar-layout":"default","site-content-layout":"default","ast-site-content-layout":"","site-content-style":"","site-sidebar-style":"","ast-global-header-display":"","ast-banner-title-visibility":"","ast-main-header-display":"","ast-hfb-above-header-display":"","ast-hfb-below-header-display":"","ast-hfb-mobile-header-display":"","site-post-title":"","ast-breadcrumbs-content":"","ast-featured-img":"","footer-sml-layout":"","theme-transparent-header-meta":"default","adv-header-id-meta":"","stick-header-meta":"default","header-above-stick-meta":"","header-main-stick-meta":"","header-below-stick-meta":"","astra-migrate-meta-layouts":"","ast-page-background-enabled":"default","ast-page-background-meta":{"desktop":{"background-color":"","background-image":"","background-repeat":"repeat","background-position":"center center","background-size":"auto","background-attachment":"scroll","background-type":"","background-media":"","overlay-type":"","overlay-color":"","overlay-gradient":""},"tablet":{"background-color":"","background-image":"","background-repeat":"repeat","background-position":"center center","background-size":"auto","background-attachment":"scroll","background-type":"","background-media":"","overlay-type":"","overlay-color":"","overlay-gradient":""},"mobile":{"background-color":"","background-image":"","background-repeat":"repeat","background-position":"center center","background-size":"auto","background-attachment":"scroll","background-type":"","background-media":"","overlay-type":"","overlay-color":"","overlay-gradient":""}},"ast-content-background-meta":{"desktop":{"background-color":"var(--ast-global-color-5)","background-image":"","background-repeat":"repeat","background-position":"center center","background-size":"auto","background-attachment":"scroll","background-type":"","background-media":"","overlay-type":"","overlay-color":"","overlay-gradient":""},"tablet":{"background-color":"var(--ast-global-color-5)","background-image":"","background-repeat":"repeat","background-position":"center center","background-size":"auto","background-attachment":"scroll","background-type":"","background-media":"","overlay-type":"","overlay-color":"","overlay-gradient":""},"mobile":{"background-color":"var(--ast-global-color-5)","background-image":"","background-repeat":"repeat","background-position":"center center","background-size":"auto","background-attachment":"scroll","background-type":"","background-media":"","overlay-type":"","overlay-color":"","overlay-gradient":""}}},"product_cat":[27,56],"product_tag":[29,31,33],"class_list":["post-1626","product","type-product","status-publish","has-post-thumbnail","hentry","product_cat-dolu","product_cat-jeux-de-role-filles","product_tag-dolu","product_tag-jouet","product_tag-unicorn","desktop-align-left","tablet-align-left","mobile-align-left"],"_links":{"self":[{"href":"https:\/\/jouetentunisie.tn\/index.php\/wp-json\/wp\/v2\/product\/1626","targetHints":{"allow":["GET"]}}],"collection":[{"href":"https:\/\/jouetentunisie.tn\/index.php\/wp-json\/wp\/v2\/product"}],"about":[{"href":"https:\/\/jouetentunisie.tn\/index.php\/wp-json\/wp\/v2\/types\/product"}],"replies":[{"embeddable":true,"href":"https:\/\/jouetentunisie.tn\/index.php\/wp-json\/wp\/v2\/comments?post=1626"}],"wp:featuredmedia":[{"embeddable":true,"href":"https:\/\/jouetentunisie.tn\/index.php\/wp-json\/wp\/v2\/media\/1656"}],"wp:attachment":[{"href":"https:\/\/jouetentunisie.tn\/index.php\/wp-json\/wp\/v2\/media?parent=1626"}],"wp:term":[{"taxonomy":"product_cat","embeddable":true,"href":"https:\/\/jouetentunisie.tn\/index.php\/wp-json\/wp\/v2\/product_cat?post=1626"},{"taxonomy":"product_tag","embeddable":true,"href":"https:\/\/jouetentunisie.tn\/index.php\/wp-json\/wp\/v2\/product_tag?post=1626"}],"curies":[{"name":"wp","href":"https:\/\/api.w.org\/{rel}","templated":true}]}}