{"id":1629,"date":"2023-11-23T15:23:14","date_gmt":"2023-11-23T14:23:14","guid":{"rendered":"https:\/\/jouetentunisie.tn\/?post_type=product&#038;p=1629"},"modified":"2023-11-23T15:23:22","modified_gmt":"2023-11-23T14:23:22","slug":"chariot-cuisine-unicorn-dolu","status":"publish","type":"product","link":"https:\/\/jouetentunisie.tn\/index.php\/produit\/chariot-cuisine-unicorn-dolu\/","title":{"rendered":"Chariot cuisine Unicorn Dolu"},"content":{"rendered":"<h2>Chariot cuisine Unicorn Dolu<\/h2>\n<p>Chariot cuisine mod\u00e8le Unicorn de la marque DOLU avec accessoires 18pcs. A partir de 2 ans. Il convient aux enfants de 24 mois et plus. La dimension de l\u2019article est de 56 X 30 X 20 cm.Il y a 18 pi\u00e8ces accessoires. La marque Dolu est un fabriquant qui produit plusieurs <a href=\"https:\/\/www.tipirate-store.tn\/categorie-produit\/jeux-de-role-filles\/\">jeu de r\u00f4le filles<\/a>. Il a des avantages pour le th\u00e9\u00e2tre et le d\u00e9veloppement du corps des enfants. Les filles vont adorer ce jouet et surtout le chariot qu&rsquo;elles peuvent transporter partout! Ce Chariot peut parfaitement ranger d&rsquo;autres accessoires de jouets.<\/p>\n<p>Les enfants vont adorer pouvoir pousser ce chariot pour faire semblant de faire leurs courses et profiter de jeux de r\u00f4le amusants. En outre, il peut encourager l&rsquo;interaction parent-enfant et d\u00e9velopper la coordination \u0153il-main et l&rsquo;imagination. Vous trouverez des cuill\u00e8res fourchettes des plats des fruits et plusieurs paquets de soi disons ingr\u00e9dients sauce ketchup etc&#8230;Dans la m\u00eame cat\u00e9gorie la <a href=\"https:\/\/www.tipirate-store.tn\/produit\/cuisine-unicorn-dolu\/\">cuisine unicorn<\/a> ou <a href=\"https:\/\/www.tipirate-store.tn\/produit\/cuisiniere-grand-modele-unicorn-dolu\/\">la grande cuisine unicorn<\/a><\/p>\n<p>Avec ce Chariot cuisine mod\u00e8le Unicorn de la marque DOLU et ces accessoires 18pcs, les filles vont adorer jouer ensemble faire semblant de cuisiner et bien plus!\u00a0 amusement garanti! Ce jouet est fait de plastique de haute qualit\u00e9 et est un jouet r\u00e9pondant \u00e0 toutes les nomes internationales!<\/p>\n<p><span style=\"font-size: 16px; font-style: normal; font-weight: 400;\">Achetez et commandez en ligne ou d\u00e9couvrez ce jouet dans notre magasin \u00e0 Tunis, Tunisie.<\/span><span style=\"font-size: 16px; font-style: normal; font-weight: 400;\">\u00a0<\/span><\/p>\n<p>Pour plus d&rsquo;informations visiter le site officiel <a href=\"https:\/\/www.dolu.com.tr\/en\/\">Dolu<\/a><\/p>\n","protected":false},"excerpt":{"rendered":"<p>Chariot cuisine mod\u00e8le Unicorn de la marque DOLU avec accessoires 18pcs. A partir de 2 ans. Il convient aux enfants de 24 mois et plus. La dimension de l\u2019article est de 56 X 30 X 20 cm.Il y a 18 pi\u00e8ces accessoires. La marque Dolu est un fabriquant qui produit plusieurs jeu de r\u00f4le filles. Il a des avantages pour le th\u00e9\u00e2tre et le d\u00e9veloppement du corps des enfants. Les filles vont adorer ce jouet et surtout le chariot qu&rsquo;elles peuvent transporter partout! Ce Chariot peut parfaitement ranger d&rsquo;autres accessoires de jouets. Les enfants vont adorer pouvoir pousser ce chariot pour faire semblant de faire leurs courses et profiter de jeux de r\u00f4le amusants. En outre, il peut encourager l&rsquo;interaction parent-enfant et d\u00e9velopper la coordination \u0153il-main et l&rsquo;imagination. Vous trouverez des cuill\u00e8res fourchettes des plats des fruits et plusieurs paquets de soi disons ingr\u00e9dients sauce ketchup etc&#8230;<\/p>\n<p>Avec ce Chariot cuisine mod\u00e8le Unicron de la marque DOLU avec accessoires 18pcs, les filles vont adorer jouer ensemble et amusement garanti!<\/p>\n","protected":false},"featured_media":1662,"comment_status":"open","ping_status":"closed","template":"","meta":{"site-sidebar-layout":"default","site-content-layout":"default","ast-site-content-layout":"","site-content-style":"","site-sidebar-style":"","ast-global-header-display":"","ast-banner-title-visibility":"","ast-main-header-display":"","ast-hfb-above-header-display":"","ast-hfb-below-header-display":"","ast-hfb-mobile-header-display":"","site-post-title":"","ast-breadcrumbs-content":"","ast-featured-img":"","footer-sml-layout":"","theme-transparent-header-meta":"default","adv-header-id-meta":"","stick-header-meta":"default","header-above-stick-meta":"","header-main-stick-meta":"","header-below-stick-meta":"","astra-migrate-meta-layouts":"","ast-page-background-enabled":"default","ast-page-background-meta":{"desktop":{"background-color":"","background-image":"","background-repeat":"repeat","background-position":"center center","background-size":"auto","background-attachment":"scroll","background-type":"","background-media":"","overlay-type":"","overlay-color":"","overlay-gradient":""},"tablet":{"background-color":"","background-image":"","background-repeat":"repeat","background-position":"center center","background-size":"auto","background-attachment":"scroll","background-type":"","background-media":"","overlay-type":"","overlay-color":"","overlay-gradient":""},"mobile":{"background-color":"","background-image":"","background-repeat":"repeat","background-position":"center center","background-size":"auto","background-attachment":"scroll","background-type":"","background-media":"","overlay-type":"","overlay-color":"","overlay-gradient":""}},"ast-content-background-meta":{"desktop":{"background-color":"var(--ast-global-color-5)","background-image":"","background-repeat":"repeat","background-position":"center center","background-size":"auto","background-attachment":"scroll","background-type":"","background-media":"","overlay-type":"","overlay-color":"","overlay-gradient":""},"tablet":{"background-color":"var(--ast-global-color-5)","background-image":"","background-repeat":"repeat","background-position":"center center","background-size":"auto","background-attachment":"scroll","background-type":"","background-media":"","overlay-type":"","overlay-color":"","overlay-gradient":""},"mobile":{"background-color":"var(--ast-global-color-5)","background-image":"","background-repeat":"repeat","background-position":"center center","background-size":"auto","background-attachment":"scroll","background-type":"","background-media":"","overlay-type":"","overlay-color":"","overlay-gradient":""}}},"product_cat":[27,56],"product_tag":[29,31,33],"class_list":["post-1629","product","type-product","status-publish","has-post-thumbnail","hentry","product_cat-dolu","product_cat-jeux-de-role-filles","product_tag-dolu","product_tag-jouet","product_tag-unicorn","desktop-align-left","tablet-align-left","mobile-align-left"],"_links":{"self":[{"href":"https:\/\/jouetentunisie.tn\/index.php\/wp-json\/wp\/v2\/product\/1629","targetHints":{"allow":["GET"]}}],"collection":[{"href":"https:\/\/jouetentunisie.tn\/index.php\/wp-json\/wp\/v2\/product"}],"about":[{"href":"https:\/\/jouetentunisie.tn\/index.php\/wp-json\/wp\/v2\/types\/product"}],"replies":[{"embeddable":true,"href":"https:\/\/jouetentunisie.tn\/index.php\/wp-json\/wp\/v2\/comments?post=1629"}],"wp:featuredmedia":[{"embeddable":true,"href":"https:\/\/jouetentunisie.tn\/index.php\/wp-json\/wp\/v2\/media\/1662"}],"wp:attachment":[{"href":"https:\/\/jouetentunisie.tn\/index.php\/wp-json\/wp\/v2\/media?parent=1629"}],"wp:term":[{"taxonomy":"product_cat","embeddable":true,"href":"https:\/\/jouetentunisie.tn\/index.php\/wp-json\/wp\/v2\/product_cat?post=1629"},{"taxonomy":"product_tag","embeddable":true,"href":"https:\/\/jouetentunisie.tn\/index.php\/wp-json\/wp\/v2\/product_tag?post=1629"}],"curies":[{"name":"wp","href":"https:\/\/api.w.org\/{rel}","templated":true}]}}