{"id":1630,"date":"2023-11-23T15:23:14","date_gmt":"2023-11-23T14:23:14","guid":{"rendered":"https:\/\/jouetentunisie.tn\/?post_type=product&#038;p=1630"},"modified":"2023-11-23T15:23:23","modified_gmt":"2023-11-23T14:23:23","slug":"caisse-fisher-price-dolu","status":"publish","type":"product","link":"https:\/\/jouetentunisie.tn\/index.php\/produit\/caisse-fisher-price-dolu\/","title":{"rendered":"Caisse Fisher Price Dolu"},"content":{"rendered":"<h2>Caisse Fisher Price Dolu<\/h2>\n<p>Caisse enregistreuse Fisher Price de la marque DOLU fournit avec accessoires <span style=\"font-size: 16px; font-style: normal; font-weight: 400;\">27pcs<\/span><span style=\"font-size: 16px;\">. Dimensions 37 x 23 x 22.\u00a0 a partir de 3 ans. C<\/span>aisse enregistreuse de simulation. La caisse enregistreuse Junior Cashier de Dolu est un jouet \u00e9ducatif o\u00f9 les enfants pourront d\u00e9velopper leurs comp\u00e9tences sociales et leur cr\u00e9ativit\u00e9. Il s&rsquo;agit d&rsquo;un jeu \u00e9ducatif ludique et d&rsquo;\u00e9veil qui permet de stimuler l&rsquo;imagination des petits en imitant la r\u00e9alit\u00e9 du monde des adultes. La marque Dolu est un fabriquant qui produit plusieurs <a href=\"https:\/\/www.tipirate-store.tn\/categorie-produit\/jeux-de-role-garcons\/\">jeu de r\u00f4le gar\u00e7ons<\/a>. En outre, il est tr\u00e8s utile pour l&rsquo;apprentissage de l&rsquo;\u00e9ducation, des chiffres et des premi\u00e8res op\u00e9rations math\u00e9matiques. Am\u00e9liorez l&rsquo;apprentissage des d\u00e9butants en math\u00e9matiques en jouant \u00e0 ce jeu de r\u00f4le. Dans la m\u00eame cat\u00e9gorie jeu de r\u00f4le <a href=\"https:\/\/www.tipirate-store.tn\/produit\/table-petit-bricoleur-matrax\/\">la table du bricoleur<\/a> et la <a href=\"https:\/\/www.tipirate-store.tn\/produit\/poussette-unicorn-dolu\/\">poussette dolu<\/a> pour filles!<\/p>\n<p>Ce jouet nous apprend la <strong style=\"font-size: 16px;\">Socialisation:\u00a0<\/strong><span style=\"font-size: 16px;\">\u00e9tant un jouet interactif, les enfants encouragent la socialisation par le jeu partag\u00e9 et stimulent \u00e9galement le langage parl\u00e9. Avec ce jouet, les relations sociales sont clairement renforc\u00e9es! Il <\/span>Renforcer la motricit\u00e9 fine: <span style=\"font-size: 16px;\">C&rsquo;est l&rsquo;un des principaux avantages de ces jouets. En tapant sur la calculatrice, en passant par le lecteur de codes-barres, en manipulant des pi\u00e8ces et des billets&#8230; Toutes ces actions am\u00e8neront les enfants \u00e0 manipuler des objets avec de plus en plus d&rsquo;habilet\u00e9. Cette caisse enregistreuse Fisher Price de la marque Dolu <\/span><span style=\"font-size: 16px;\">Renforcera le calcul math\u00e9matique: les caisses enregistreuses sont une bonne m\u00e9thode d&rsquo;apprentissage pour apprendre et renforcer le calcul math\u00e9matique.<\/span><\/p>\n<p><span style=\"font-size: 16px; font-style: normal; font-weight: 400;\">Achetez et commandez en ligne ou d\u00e9couvrez ce jouet dans notre magasin \u00e0 Tunis, Tunisie.<\/span><span style=\"font-size: 16px; font-style: normal; font-weight: 400;\">\u00a0<\/span><\/p>\n<p>Pour plus d&rsquo;informations visiter le site officiel <a href=\"https:\/\/www.dolu.com.tr\/en\/\">Dolu<\/a><\/p>\n","protected":false},"excerpt":{"rendered":"<p>Caisse enregistreuse Fisher Price de la marque DOLU fournit avec accessoires 27pcs. Dimensions 37 x 23 x 22.\u00a0 a partir de 3 ans. Caisse enregistreuse de simulation. La caisse enregistreuse Junior Cashier de Dolu est un jouet \u00e9ducatif o\u00f9 les enfants pourront d\u00e9velopper leurs comp\u00e9tences sociales et leur cr\u00e9ativit\u00e9. Il s&rsquo;agit d&rsquo;un jeu \u00e9ducatif ludique et d&rsquo;\u00e9veil qui permet de stimuler l&rsquo;imagination des petits en imitant la r\u00e9alit\u00e9 du monde des adultes. La marque Dolu est un fabriquant qui produit plusieurs jeu de r\u00f4le gar\u00e7ons. En outre, il est tr\u00e8s utile pour l&rsquo;apprentissage de l&rsquo;\u00e9ducation, des chiffres et des premi\u00e8res op\u00e9rations math\u00e9matiques. Am\u00e9liorez l&rsquo;apprentissage des d\u00e9butants en math\u00e9matiques en jouant \u00e0 ce jeu de r\u00f4le.<\/p>\n","protected":false},"featured_media":1663,"comment_status":"open","ping_status":"closed","template":"","meta":{"site-sidebar-layout":"default","site-content-layout":"default","ast-site-content-layout":"","site-content-style":"","site-sidebar-style":"","ast-global-header-display":"","ast-banner-title-visibility":"","ast-main-header-display":"","ast-hfb-above-header-display":"","ast-hfb-below-header-display":"","ast-hfb-mobile-header-display":"","site-post-title":"","ast-breadcrumbs-content":"","ast-featured-img":"","footer-sml-layout":"","theme-transparent-header-meta":"default","adv-header-id-meta":"","stick-header-meta":"default","header-above-stick-meta":"","header-main-stick-meta":"","header-below-stick-meta":"","astra-migrate-meta-layouts":"","ast-page-background-enabled":"default","ast-page-background-meta":{"desktop":{"background-color":"","background-image":"","background-repeat":"repeat","background-position":"center center","background-size":"auto","background-attachment":"scroll","background-type":"","background-media":"","overlay-type":"","overlay-color":"","overlay-gradient":""},"tablet":{"background-color":"","background-image":"","background-repeat":"repeat","background-position":"center center","background-size":"auto","background-attachment":"scroll","background-type":"","background-media":"","overlay-type":"","overlay-color":"","overlay-gradient":""},"mobile":{"background-color":"","background-image":"","background-repeat":"repeat","background-position":"center center","background-size":"auto","background-attachment":"scroll","background-type":"","background-media":"","overlay-type":"","overlay-color":"","overlay-gradient":""}},"ast-content-background-meta":{"desktop":{"background-color":"var(--ast-global-color-5)","background-image":"","background-repeat":"repeat","background-position":"center center","background-size":"auto","background-attachment":"scroll","background-type":"","background-media":"","overlay-type":"","overlay-color":"","overlay-gradient":""},"tablet":{"background-color":"var(--ast-global-color-5)","background-image":"","background-repeat":"repeat","background-position":"center center","background-size":"auto","background-attachment":"scroll","background-type":"","background-media":"","overlay-type":"","overlay-color":"","overlay-gradient":""},"mobile":{"background-color":"var(--ast-global-color-5)","background-image":"","background-repeat":"repeat","background-position":"center center","background-size":"auto","background-attachment":"scroll","background-type":"","background-media":"","overlay-type":"","overlay-color":"","overlay-gradient":""}}},"product_cat":[27,56,58],"product_tag":[29,31],"class_list":["post-1630","product","type-product","status-publish","has-post-thumbnail","hentry","product_cat-dolu","product_cat-jeux-de-role-filles","product_cat-jeux-de-role-garcons","product_tag-dolu","product_tag-jouet","desktop-align-left","tablet-align-left","mobile-align-left"],"_links":{"self":[{"href":"https:\/\/jouetentunisie.tn\/index.php\/wp-json\/wp\/v2\/product\/1630","targetHints":{"allow":["GET"]}}],"collection":[{"href":"https:\/\/jouetentunisie.tn\/index.php\/wp-json\/wp\/v2\/product"}],"about":[{"href":"https:\/\/jouetentunisie.tn\/index.php\/wp-json\/wp\/v2\/types\/product"}],"replies":[{"embeddable":true,"href":"https:\/\/jouetentunisie.tn\/index.php\/wp-json\/wp\/v2\/comments?post=1630"}],"wp:featuredmedia":[{"embeddable":true,"href":"https:\/\/jouetentunisie.tn\/index.php\/wp-json\/wp\/v2\/media\/1663"}],"wp:attachment":[{"href":"https:\/\/jouetentunisie.tn\/index.php\/wp-json\/wp\/v2\/media?parent=1630"}],"wp:term":[{"taxonomy":"product_cat","embeddable":true,"href":"https:\/\/jouetentunisie.tn\/index.php\/wp-json\/wp\/v2\/product_cat?post=1630"},{"taxonomy":"product_tag","embeddable":true,"href":"https:\/\/jouetentunisie.tn\/index.php\/wp-json\/wp\/v2\/product_tag?post=1630"}],"curies":[{"name":"wp","href":"https:\/\/api.w.org\/{rel}","templated":true}]}}