{"id":1633,"date":"2023-11-23T15:23:15","date_gmt":"2023-11-23T14:23:15","guid":{"rendered":"https:\/\/jouetentunisie.tn\/?post_type=product&#038;p=1633"},"modified":"2023-11-23T15:23:25","modified_gmt":"2023-11-23T14:23:25","slug":"babyfoot-grand-world-champion-matrax","status":"publish","type":"product","link":"https:\/\/jouetentunisie.tn\/index.php\/produit\/babyfoot-grand-world-champion-matrax\/","title":{"rendered":"Babyfoot Grand World Champion Matrax"},"content":{"rendered":"<p><span style=\"font-size: 16px; font-style: normal; font-weight: 400;\">Babyfoot World Champion grand mod\u00e8le <\/span><span style=\"font-size: 16px;\">en plastique <\/span><span style=\"font-size: 16px; font-style: normal; font-weight: 400;\">de la marque Matrax.<\/span><span style=\"font-size: 16px;\">\u00a0Age a partir de 3 ans.\u00a0<\/span><span style=\"font-size: 16px; font-style: normal; font-weight: 400;\">Dimensions 58,5 x 39 x 9 cm.<\/span><span style=\"font-size: 16px;\">\u00a0Le fabriquant Matrax produit \u00e9galement des jouets <\/span><a style=\"font-size: 16px; background-color: #ffffff;\" href=\"https:\/\/www.tipirate-store.tn\/categorie-produit\/jeux-de-role-garcons\/\">jeux de r\u00f4le gar\u00e7on<\/a><span style=\"font-size: 16px;\">. Ce Babyfoot en plastique de qualit\u00e9 parfaite est un excellent cadeau et jouet! Deviens le meilleur buteur du championnat en marquant le plus de points contre ton adversaire ! Ce Babyfoot avec plusieurs joueurs (11 joueurs au total pour chacun) et 3 balles en plastique pour les enfants d\u00e8s 3 ans. Pratique : les filets des cages sont en plastique, pour pouvoir r\u00e9cup\u00e9rer plus facilement les balles. Sa taille permet de l&#8217;emporter partout et de jouer sur une table \u00e0 l&rsquo;int\u00e9rieur, comme \u00e0 l&rsquo;ext\u00e9rieur ! Les enfants et les adultes vont adorer jouer des parties ensemble.<\/span><\/p>\n<p>Ceci est le Jouet de r\u00eave pour tous les enfants! Age \u00e0 partir de 3 ans. Ce jouet de la marque Matrax poss\u00e8de des Dimensions de <span style=\"font-size: 16px;\">40 x 60 x 8,5 c<\/span>m. La m\u00e9thode de jeu est unique et tr\u00e8s simple! La balle passe de joueur en joueur et se stabilise au hasard en face d&rsquo;un autre joueur gr\u00e2ce au petit cercle l\u00e9g\u00e8rement creux autour du joueur. Ce joueur peut soit alors tirer soit tenter de faire une passe et la balle se stabilisera dans la zone creuse d&rsquo;un autre joueur! Avec le BabyFoot World champion grand mod\u00e8le en plastique de la marque Matrax; Fou rire et amusement garanti! En outre, Achetez et commandez en ligne ou d\u00e9couvrez ce jouet dans notre magasin \u00e0 Tunis, Tunisie.<\/p>\n<p>Pour plus d&rsquo;informations contacter le site officiel <a href=\"https:\/\/matraxoyuncak.com\/fr\">Matrax<\/a><\/p>\n","protected":false},"excerpt":{"rendered":"<p>Babyfoot World Champion grand mod\u00e8le en plastique de la marque Matrax.\u00a0Age a partir de 3 ans.\u00a0Dimensions 58,5 x 39 x 9 cm.\u00a0Le fabriquant Matrax produit \u00e9galement des jouets jeux de r\u00f4le gar\u00e7on. Ce Babyfoot en plastique de qualit\u00e9 parfaite est un excellent cadeau et jouet! Deviens le meilleur buteur du championnat en marquant le plus de points contre ton adversaire ! Ce Babyfoot avec plusieurs joueurs (11 joueurs au total pour chacun) et 3 balles en plastique pour les enfants d\u00e8s 3 ans. Pratique : les filets des cages sont en plastique, pour pouvoir r\u00e9cup\u00e9rer plus facilement les balles. Sa taille permet de l&#8217;emporter partout et de jouer sur une table \u00e0 l&rsquo;int\u00e9rieur, comme \u00e0 l&rsquo;ext\u00e9rieur ! Les enfants et les adultes vont adorer jouer des parties ensemble.<\/p>\n<p>Ceci est le Jouet de r\u00eave pour tous les enfants! Age \u00e0 partir de 3 ans. Ce jouet de la marque Matrax poss\u00e8de des Dimensions de 40 x 60 x 8,5 cm. La m\u00e9thode de jeu est unique et tr\u00e8s simple! La balle passe de joueur en joueur et se stabilise au hasard en face d&rsquo;un autre joueur gr\u00e2ce au petit cercle l\u00e9g\u00e8rement creux autour du joueur. Ce joueur peut soit alors tirer soit tenter de faire une passe et la balle se stabilisera dans la zone creuse d&rsquo;un autre joueur! Avec le BabyFoot World champion grand mod\u00e8le en plastique de la marque Matrax; Fou rire et amusement garanti!<\/p>\n","protected":false},"featured_media":1667,"comment_status":"open","ping_status":"closed","template":"","meta":{"site-sidebar-layout":"default","site-content-layout":"default","ast-site-content-layout":"","site-content-style":"","site-sidebar-style":"","ast-global-header-display":"","ast-banner-title-visibility":"","ast-main-header-display":"","ast-hfb-above-header-display":"","ast-hfb-below-header-display":"","ast-hfb-mobile-header-display":"","site-post-title":"","ast-breadcrumbs-content":"","ast-featured-img":"","footer-sml-layout":"","theme-transparent-header-meta":"default","adv-header-id-meta":"","stick-header-meta":"default","header-above-stick-meta":"","header-main-stick-meta":"","header-below-stick-meta":"","astra-migrate-meta-layouts":"","ast-page-background-enabled":"default","ast-page-background-meta":{"desktop":{"background-color":"","background-image":"","background-repeat":"repeat","background-position":"center center","background-size":"auto","background-attachment":"scroll","background-type":"","background-media":"","overlay-type":"","overlay-color":"","overlay-gradient":""},"tablet":{"background-color":"","background-image":"","background-repeat":"repeat","background-position":"center center","background-size":"auto","background-attachment":"scroll","background-type":"","background-media":"","overlay-type":"","overlay-color":"","overlay-gradient":""},"mobile":{"background-color":"","background-image":"","background-repeat":"repeat","background-position":"center center","background-size":"auto","background-attachment":"scroll","background-type":"","background-media":"","overlay-type":"","overlay-color":"","overlay-gradient":""}},"ast-content-background-meta":{"desktop":{"background-color":"var(--ast-global-color-5)","background-image":"","background-repeat":"repeat","background-position":"center center","background-size":"auto","background-attachment":"scroll","background-type":"","background-media":"","overlay-type":"","overlay-color":"","overlay-gradient":""},"tablet":{"background-color":"var(--ast-global-color-5)","background-image":"","background-repeat":"repeat","background-position":"center center","background-size":"auto","background-attachment":"scroll","background-type":"","background-media":"","overlay-type":"","overlay-color":"","overlay-gradient":""},"mobile":{"background-color":"var(--ast-global-color-5)","background-image":"","background-repeat":"repeat","background-position":"center center","background-size":"auto","background-attachment":"scroll","background-type":"","background-media":"","overlay-type":"","overlay-color":"","overlay-gradient":""}}},"product_cat":[58,66,40],"product_tag":[69,68],"class_list":["post-1633","product","type-product","status-publish","has-post-thumbnail","hentry","product_cat-jeux-de-role-garcons","product_cat-matrax","product_cat-promo","product_tag-jeu-de-babyfoot","product_tag-matrax","desktop-align-left","tablet-align-left","mobile-align-left"],"_links":{"self":[{"href":"https:\/\/jouetentunisie.tn\/index.php\/wp-json\/wp\/v2\/product\/1633","targetHints":{"allow":["GET"]}}],"collection":[{"href":"https:\/\/jouetentunisie.tn\/index.php\/wp-json\/wp\/v2\/product"}],"about":[{"href":"https:\/\/jouetentunisie.tn\/index.php\/wp-json\/wp\/v2\/types\/product"}],"replies":[{"embeddable":true,"href":"https:\/\/jouetentunisie.tn\/index.php\/wp-json\/wp\/v2\/comments?post=1633"}],"wp:featuredmedia":[{"embeddable":true,"href":"https:\/\/jouetentunisie.tn\/index.php\/wp-json\/wp\/v2\/media\/1667"}],"wp:attachment":[{"href":"https:\/\/jouetentunisie.tn\/index.php\/wp-json\/wp\/v2\/media?parent=1633"}],"wp:term":[{"taxonomy":"product_cat","embeddable":true,"href":"https:\/\/jouetentunisie.tn\/index.php\/wp-json\/wp\/v2\/product_cat?post=1633"},{"taxonomy":"product_tag","embeddable":true,"href":"https:\/\/jouetentunisie.tn\/index.php\/wp-json\/wp\/v2\/product_tag?post=1633"}],"curies":[{"name":"wp","href":"https:\/\/api.w.org\/{rel}","templated":true}]}}