{"id":1636,"date":"2023-11-23T15:23:15","date_gmt":"2023-11-23T14:23:15","guid":{"rendered":"https:\/\/jouetentunisie.tn\/?post_type=product&#038;p=1636"},"modified":"2023-11-23T15:23:27","modified_gmt":"2023-11-23T14:23:27","slug":"jeu-mini-penalty-matrax","status":"publish","type":"product","link":"https:\/\/jouetentunisie.tn\/index.php\/produit\/jeu-mini-penalty-matrax\/","title":{"rendered":"Jeu Mini penalty Matrax"},"content":{"rendered":"<p>Jeu de Mini penalty de la marque Matrax. A partir de 3 ans dimensions 25 x 17.7 x 8.5 cm. Le fabriquant Matrax produit aussi des <a href=\"https:\/\/www.tipirate-store.tn\/categorie-produit\/jeux-de-role-garcons\/\">jeux de r\u00f4le gar\u00e7on<\/a>. La comp\u00e9tition de p\u00e9nalit\u00e9s est une autre partie agr\u00e9able du jeu de football, et est toujours f\u00e9roce. Avec le jouet Mini Penalty que nous avons produit sp\u00e9cialement pour cette comp\u00e9tition f\u00e9roce, les tirs au but sont d\u00e9sormais plus comp\u00e9titifs. Notre jouet de p\u00e9nalit\u00e9 de petite taille sera l&rsquo;un des jouets que vos enfants appr\u00e9cieront \u00e0 la maison et ils pourront l&#8217;emmener partout pour jouer ! Notre produit Mini Penalty,sont produits \u00e0 partir de mati\u00e8res premi\u00e8res de premi\u00e8re qualit\u00e9 et de peintures saines, sont des produits que les parents peuvent jouer avec leurs enfants en toute tranquillit\u00e9.<\/p>\n<p>Le jeu est simple! vous devez viser et doser votre tir pour que le gardien du joueur adverse ne puisse pas attraper votre tir au but. vous pouvez d\u00e9placer facilement le gardien de part et d&rsquo;autre du but pour attraper le tir! en outre,<\/p>\n<p>Le Jeu de Mini penalty de la marque Matrax est simple \u00e0 jouer et permettra d&rsquo;\u00e9gayer vos apr\u00e8s midi avec vos enfants! Achetez et commandez en ligne ou d\u00e9couvrez ce jouet dans notre magasin \u00e0 Tunis, Tunisie.<\/p>\n<p>Pour plus d&rsquo;informations contacter le site officiel <a href=\"https:\/\/matraxoyuncak.com\/fr\">Matrax<\/a><\/p>\n","protected":false},"excerpt":{"rendered":"<p>Jeu de Mini penalty de la marque Matrax. A partir de 3 ans dimensions 25 x 17.7 x 8.5 cm. Le fabriquant Matrax produit aussi des jeux de r\u00f4le gar\u00e7on. La comp\u00e9tition de p\u00e9nalit\u00e9s est une autre partie agr\u00e9able du jeu de football, et est toujours f\u00e9roce. Avec le jouet Mini Penalty que nous avons produit sp\u00e9cialement pour cette comp\u00e9tition f\u00e9roce, les tirs au but sont d\u00e9sormais plus comp\u00e9titifs. Notre jouet de p\u00e9nalit\u00e9 de petite taille sera l&rsquo;un des jouets que vos enfants appr\u00e9cieront \u00e0 la maison et ils pourront l&#8217;emmener partout pour jouer ! Notre produit Mini Penalty,sont produits \u00e0 partir de mati\u00e8res premi\u00e8res de premi\u00e8re qualit\u00e9 et de peintures saines, sont des produits que les parents peuvent jouer avec leurs enfants en toute tranquillit\u00e9.<\/p>\n<p>Le jeu est simple! vous devez viser et doser votre tir pour que le gardien du joueur adverse ne puisse pas attraper votre tir au but. vous pouvez d\u00e9placer facilement le gardien de part et d&rsquo;autre du but pour attraper le tir! en outre,<\/p>\n<p>Le Jeu de Mini penalty de la marque Matrax est simple \u00e0 jouer et permettra d&rsquo;\u00e9gayer vos apr\u00e8s midi avec vos enfants!<\/p>\n","protected":false},"featured_media":1670,"comment_status":"open","ping_status":"closed","template":"","meta":{"site-sidebar-layout":"default","site-content-layout":"default","ast-site-content-layout":"","site-content-style":"","site-sidebar-style":"","ast-global-header-display":"","ast-banner-title-visibility":"","ast-main-header-display":"","ast-hfb-above-header-display":"","ast-hfb-below-header-display":"","ast-hfb-mobile-header-display":"","site-post-title":"","ast-breadcrumbs-content":"","ast-featured-img":"","footer-sml-layout":"","theme-transparent-header-meta":"default","adv-header-id-meta":"","stick-header-meta":"default","header-above-stick-meta":"","header-main-stick-meta":"","header-below-stick-meta":"","astra-migrate-meta-layouts":"","ast-page-background-enabled":"default","ast-page-background-meta":{"desktop":{"background-color":"","background-image":"","background-repeat":"repeat","background-position":"center center","background-size":"auto","background-attachment":"scroll","background-type":"","background-media":"","overlay-type":"","overlay-color":"","overlay-gradient":""},"tablet":{"background-color":"","background-image":"","background-repeat":"repeat","background-position":"center center","background-size":"auto","background-attachment":"scroll","background-type":"","background-media":"","overlay-type":"","overlay-color":"","overlay-gradient":""},"mobile":{"background-color":"","background-image":"","background-repeat":"repeat","background-position":"center center","background-size":"auto","background-attachment":"scroll","background-type":"","background-media":"","overlay-type":"","overlay-color":"","overlay-gradient":""}},"ast-content-background-meta":{"desktop":{"background-color":"var(--ast-global-color-5)","background-image":"","background-repeat":"repeat","background-position":"center center","background-size":"auto","background-attachment":"scroll","background-type":"","background-media":"","overlay-type":"","overlay-color":"","overlay-gradient":""},"tablet":{"background-color":"var(--ast-global-color-5)","background-image":"","background-repeat":"repeat","background-position":"center center","background-size":"auto","background-attachment":"scroll","background-type":"","background-media":"","overlay-type":"","overlay-color":"","overlay-gradient":""},"mobile":{"background-color":"var(--ast-global-color-5)","background-image":"","background-repeat":"repeat","background-position":"center center","background-size":"auto","background-attachment":"scroll","background-type":"","background-media":"","overlay-type":"","overlay-color":"","overlay-gradient":""}}},"product_cat":[58,66],"product_tag":[69,31,68],"class_list":["post-1636","product","type-product","status-publish","has-post-thumbnail","hentry","product_cat-jeux-de-role-garcons","product_cat-matrax","product_tag-jeu-de-babyfoot","product_tag-jouet","product_tag-matrax","desktop-align-left","tablet-align-left","mobile-align-left"],"_links":{"self":[{"href":"https:\/\/jouetentunisie.tn\/index.php\/wp-json\/wp\/v2\/product\/1636","targetHints":{"allow":["GET"]}}],"collection":[{"href":"https:\/\/jouetentunisie.tn\/index.php\/wp-json\/wp\/v2\/product"}],"about":[{"href":"https:\/\/jouetentunisie.tn\/index.php\/wp-json\/wp\/v2\/types\/product"}],"replies":[{"embeddable":true,"href":"https:\/\/jouetentunisie.tn\/index.php\/wp-json\/wp\/v2\/comments?post=1636"}],"wp:featuredmedia":[{"embeddable":true,"href":"https:\/\/jouetentunisie.tn\/index.php\/wp-json\/wp\/v2\/media\/1670"}],"wp:attachment":[{"href":"https:\/\/jouetentunisie.tn\/index.php\/wp-json\/wp\/v2\/media?parent=1636"}],"wp:term":[{"taxonomy":"product_cat","embeddable":true,"href":"https:\/\/jouetentunisie.tn\/index.php\/wp-json\/wp\/v2\/product_cat?post=1636"},{"taxonomy":"product_tag","embeddable":true,"href":"https:\/\/jouetentunisie.tn\/index.php\/wp-json\/wp\/v2\/product_tag?post=1636"}],"curies":[{"name":"wp","href":"https:\/\/api.w.org\/{rel}","templated":true}]}}