{"id":1639,"date":"2023-11-23T15:23:16","date_gmt":"2023-11-23T14:23:16","guid":{"rendered":"https:\/\/jouetentunisie.tn\/?post_type=product&#038;p=1639"},"modified":"2023-11-23T15:23:29","modified_gmt":"2023-11-23T14:23:29","slug":"jeu-des-cordes-matrax","status":"publish","type":"product","link":"https:\/\/jouetentunisie.tn\/index.php\/produit\/jeu-des-cordes-matrax\/","title":{"rendered":"Jeu des cordes Matrax"},"content":{"rendered":"<p>Jeu \u00e9ducatif des cordes de la marque Matrax. Age \u00e0 partir de 3 ans. Grace aux petites cordes color\u00e9es, r\u00e9alisez plusieurs dessins. Ce coffret est un <a href=\"https:\/\/www.tipirate-store.tn\/categorie-produit\/jeux-educatifs\/\">jeu \u00e9ducatif<\/a> parfait et complet! Le coffret contient 6 supports de dessins de dimensions 28 x 19,7 x 1,2 cm avec plein de petits trous pour y faire passer les cordes color\u00e9es. Grace au chemin suivi l&rsquo;enfant doit essayer de retrouver et recr\u00e9er le dessin qui lui est propos\u00e9. Apprenez \u00e0 votre enfant la coordination de ces gestes et la concentration avec ce jouet \u00e9ducatif. Id\u00e9al pour les garderies et les cr\u00e8ches, ce jouet d\u00e9veloppe l&rsquo;intelligence la motricit\u00e9 fine et l&rsquo;imagination de votre enfant!<\/p>\n<p>Avec le Jeu \u00e9ducatif des cordes de la marque Matrax vous apprendrez \u00e0 votre enfant \u00e0 tirer le meilleur de lui m\u00eame! Ce jeu de cordes est un jeu tr\u00e8s original et de type loisir cr\u00e9atif, il permet r\u00e9ellement de developper l&rsquo;imagination et l&rsquo;attention de votre enfant!\u00a0 Le Jeu \u00e9ducatif des cordes de la marque Matrax saura egayer vos enfants tout en leur apprenant beaucoup! <span style=\"font-size: 16px; font-style: normal; font-weight: 400;\">En outre, Achetez et commandez en ligne ou d\u00e9couvrez ce jouet dans notre magasin \u00e0 Tunis, Tunisie.<\/span><\/p>\n<p>Pour plus d&rsquo;informations visiter le site officiel <a href=\"https:\/\/matraxoyuncak.com\/fr\/\">Matrax<\/a><\/p>\n","protected":false},"excerpt":{"rendered":"<p>Jeu \u00e9ducatif des cordes de la marque Matrax. Age \u00e0 partir de 3 ans. Grace aux petites cordes color\u00e9es, r\u00e9alisez plusieurs dessins. Ce coffret est un jeu \u00e9ducatif parfait et complet! Le coffret contient 6 supports de dessins de dimensions 28 x 19,7 x 1,2 cm avec plein de petits trous pour y faire passer les cordes color\u00e9es. Grace au chemin suivi l&rsquo;enfant doit essayer de retrouver et recr\u00e9er le dessin qui lui est propos\u00e9. Apprenez \u00e0 votre enfant la coordination de ces gestes et la concentration avec ce jouet \u00e9ducatif. Id\u00e9al pour les garderies et les cr\u00e8ches, ce jouet d\u00e9veloppe l&rsquo;intelligence la motricit\u00e9 fine et l&rsquo;imagination de votre enfant! Avec le Jeu \u00e9ducatif des cordes de la marque Matrax vous apprendrez \u00e0 votre enfant \u00e0 tirer le meilleur de lui m\u00eame!<\/p>\n","protected":false},"featured_media":1673,"comment_status":"open","ping_status":"closed","template":"","meta":{"site-sidebar-layout":"default","site-content-layout":"default","ast-site-content-layout":"","site-content-style":"","site-sidebar-style":"","ast-global-header-display":"","ast-banner-title-visibility":"","ast-main-header-display":"","ast-hfb-above-header-display":"","ast-hfb-below-header-display":"","ast-hfb-mobile-header-display":"","site-post-title":"","ast-breadcrumbs-content":"","ast-featured-img":"","footer-sml-layout":"","theme-transparent-header-meta":"default","adv-header-id-meta":"","stick-header-meta":"default","header-above-stick-meta":"","header-main-stick-meta":"","header-below-stick-meta":"","astra-migrate-meta-layouts":"","ast-page-background-enabled":"default","ast-page-background-meta":{"desktop":{"background-color":"","background-image":"","background-repeat":"repeat","background-position":"center center","background-size":"auto","background-attachment":"scroll","background-type":"","background-media":"","overlay-type":"","overlay-color":"","overlay-gradient":""},"tablet":{"background-color":"","background-image":"","background-repeat":"repeat","background-position":"center center","background-size":"auto","background-attachment":"scroll","background-type":"","background-media":"","overlay-type":"","overlay-color":"","overlay-gradient":""},"mobile":{"background-color":"","background-image":"","background-repeat":"repeat","background-position":"center center","background-size":"auto","background-attachment":"scroll","background-type":"","background-media":"","overlay-type":"","overlay-color":"","overlay-gradient":""}},"ast-content-background-meta":{"desktop":{"background-color":"var(--ast-global-color-5)","background-image":"","background-repeat":"repeat","background-position":"center center","background-size":"auto","background-attachment":"scroll","background-type":"","background-media":"","overlay-type":"","overlay-color":"","overlay-gradient":""},"tablet":{"background-color":"var(--ast-global-color-5)","background-image":"","background-repeat":"repeat","background-position":"center center","background-size":"auto","background-attachment":"scroll","background-type":"","background-media":"","overlay-type":"","overlay-color":"","overlay-gradient":""},"mobile":{"background-color":"var(--ast-global-color-5)","background-image":"","background-repeat":"repeat","background-position":"center center","background-size":"auto","background-attachment":"scroll","background-type":"","background-media":"","overlay-type":"","overlay-color":"","overlay-gradient":""}}},"product_cat":[28,66],"product_tag":[30,31,68],"class_list":["post-1639","product","type-product","status-publish","has-post-thumbnail","hentry","product_cat-jeux-educatifs","product_cat-matrax","product_tag-educatif","product_tag-jouet","product_tag-matrax","desktop-align-left","tablet-align-left","mobile-align-left"],"_links":{"self":[{"href":"https:\/\/jouetentunisie.tn\/index.php\/wp-json\/wp\/v2\/product\/1639","targetHints":{"allow":["GET"]}}],"collection":[{"href":"https:\/\/jouetentunisie.tn\/index.php\/wp-json\/wp\/v2\/product"}],"about":[{"href":"https:\/\/jouetentunisie.tn\/index.php\/wp-json\/wp\/v2\/types\/product"}],"replies":[{"embeddable":true,"href":"https:\/\/jouetentunisie.tn\/index.php\/wp-json\/wp\/v2\/comments?post=1639"}],"wp:featuredmedia":[{"embeddable":true,"href":"https:\/\/jouetentunisie.tn\/index.php\/wp-json\/wp\/v2\/media\/1673"}],"wp:attachment":[{"href":"https:\/\/jouetentunisie.tn\/index.php\/wp-json\/wp\/v2\/media?parent=1639"}],"wp:term":[{"taxonomy":"product_cat","embeddable":true,"href":"https:\/\/jouetentunisie.tn\/index.php\/wp-json\/wp\/v2\/product_cat?post=1639"},{"taxonomy":"product_tag","embeddable":true,"href":"https:\/\/jouetentunisie.tn\/index.php\/wp-json\/wp\/v2\/product_tag?post=1639"}],"curies":[{"name":"wp","href":"https:\/\/api.w.org\/{rel}","templated":true}]}}