{"id":1640,"date":"2023-11-23T15:23:16","date_gmt":"2023-11-23T14:23:16","guid":{"rendered":"https:\/\/jouetentunisie.tn\/?post_type=product&#038;p=1640"},"modified":"2023-11-23T15:23:29","modified_gmt":"2023-11-23T14:23:29","slug":"jeu-de-creation-matrax","status":"publish","type":"product","link":"https:\/\/jouetentunisie.tn\/index.php\/produit\/jeu-de-creation-matrax\/","title":{"rendered":"Jeu de cr\u00e9ation Matrax"},"content":{"rendered":"<p>Jeu de cr\u00e9ation de la marque Matrax avec boutons magiques color\u00e9s sur support plastique. Age a partir de 3 ans. Dimension 35 x 29 x 5,5 cm. <span style=\"font-size: 16px; font-style: normal; font-weight: 400;\">Age <\/span><span style=\"font-size: 16px; font-style: normal; font-weight: 400;\">\u00e0 partir de 3 ans. <\/span><span style=\"font-size: 16px;\">Le Fabriquant Matrax produit \u00e9galement des jouets pour <\/span><a style=\"font-size: 16px; background-color: #ffffff;\" href=\"https:\/\/www.tipirate-store.tn\/categorie-produit\/jeux-de-construction\/\">jeux de construction<\/a> Puzzle Cr\u00e9atif \u00e0 imaginer les dessins \u00e0 cr\u00e9er. Ce mat\u00e9riel permet \u00e0 votre b\u00e9b\u00e9 de s\u2019exercer sur ses capacit\u00e9s, d\u2019enrichir son imagination et de reconna\u00eetre les diff\u00e9rentes couleurs et formes g\u00e9om\u00e9triques simples. De plus, ce jouet \u00e9ducatif permet \u00e0 votre enfant de d\u00e9velopper sa coordination \u0153il-main, sa motricit\u00e9 fine et son habilet\u00e9 cr\u00e9ative! C&rsquo;est un Jouet \u00e9ducatif et un cadeau id\u00e9al!<\/p>\n<p>Le Jeu de cr\u00e9ation de la marque Matrax avec boutons magiques est un jouet destin\u00e9 aux plus jeunes, il s\u2019agit d\u2019une plaque en plastique compos\u00e9e d\u2019une multitude de petits trous\u2026 L&rsquo;enfant dispose d&rsquo;une boite compos\u00e9e d\u2019un assortiment de boutons color\u00e9s en plastique, de diff\u00e9rentes formes et tailles qu\u2019il faut ins\u00e9rer dans la plaque afin de r\u00e9aliser un dessin ! Laissez place \u00e0 son imagination! Avec le Jeu de cr\u00e9ation de la marque Matrax avec boutons magiques color\u00e9s vos enfants pourront\u00a0 imaginer les dessins qu&rsquo;ils voudront et d\u00e9velopper ainsi leu imagination! Ce jeu de type loisir cr\u00e9atif est juste parfait!<\/p>\n<p>En outre, Achetez et commandez en ligne ou d\u00e9couvrez ce jouet dans notre magasin \u00e0 Tunis, Tunisie.<\/p>\n<p>Pour plus d&rsquo;informations visiter le site officiel <a href=\"https:\/\/matraxoyuncak.com\/fr\/\">Matrax<\/a><\/p>\n","protected":false},"excerpt":{"rendered":"<p>Jeu de cr\u00e9ation de la marque Matrax avec boutons magiques color\u00e9s sur support plastique. Age a partir de 3 ans. Dimension 35 x 29 x 5,5 cm. Age \u00e0 partir de 3 ans. Le Fabriquant Matrax produit \u00e9galement des jouets pour jeux de construction Puzzle Cr\u00e9atif \u00e0 imaginer les dessins \u00e0 cr\u00e9er. Ce mat\u00e9riel permet \u00e0 votre b\u00e9b\u00e9 de s\u2019exercer sur ses capacit\u00e9s, d\u2019enrichir son imagination et de reconna\u00eetre les diff\u00e9rentes couleurs et formes g\u00e9om\u00e9triques simples. De plus, ce jouet \u00e9ducatif permet \u00e0 votre enfant de d\u00e9velopper sa coordination \u0153il-main, sa motricit\u00e9 fine et son habilet\u00e9 cr\u00e9ative! C&rsquo;est un Jouet \u00e9ducatif et un cadeau id\u00e9al!<\/p>\n<p>Le Jeu de cr\u00e9ation de la marque Matrax avec boutons magiques est un jouet destin\u00e9 aux plus jeunes, il s\u2019agit d\u2019une plaque en plastique compos\u00e9e d\u2019une multitude de petits trous\u2026 L&rsquo;enfant dispose d&rsquo;une boite compos\u00e9e d\u2019un assortiment de boutons color\u00e9s en plastique, de diff\u00e9rentes formes et tailles qu\u2019il faut ins\u00e9rer dans la plaque afin de r\u00e9aliser un dessin ! Laissez place \u00e0 son imagination!<\/p>\n","protected":false},"featured_media":1675,"comment_status":"open","ping_status":"closed","template":"","meta":{"site-sidebar-layout":"default","site-content-layout":"default","ast-site-content-layout":"","site-content-style":"","site-sidebar-style":"","ast-global-header-display":"","ast-banner-title-visibility":"","ast-main-header-display":"","ast-hfb-above-header-display":"","ast-hfb-below-header-display":"","ast-hfb-mobile-header-display":"","site-post-title":"","ast-breadcrumbs-content":"","ast-featured-img":"","footer-sml-layout":"","theme-transparent-header-meta":"default","adv-header-id-meta":"","stick-header-meta":"default","header-above-stick-meta":"","header-main-stick-meta":"","header-below-stick-meta":"","astra-migrate-meta-layouts":"","ast-page-background-enabled":"default","ast-page-background-meta":{"desktop":{"background-color":"","background-image":"","background-repeat":"repeat","background-position":"center center","background-size":"auto","background-attachment":"scroll","background-type":"","background-media":"","overlay-type":"","overlay-color":"","overlay-gradient":""},"tablet":{"background-color":"","background-image":"","background-repeat":"repeat","background-position":"center center","background-size":"auto","background-attachment":"scroll","background-type":"","background-media":"","overlay-type":"","overlay-color":"","overlay-gradient":""},"mobile":{"background-color":"","background-image":"","background-repeat":"repeat","background-position":"center center","background-size":"auto","background-attachment":"scroll","background-type":"","background-media":"","overlay-type":"","overlay-color":"","overlay-gradient":""}},"ast-content-background-meta":{"desktop":{"background-color":"var(--ast-global-color-5)","background-image":"","background-repeat":"repeat","background-position":"center center","background-size":"auto","background-attachment":"scroll","background-type":"","background-media":"","overlay-type":"","overlay-color":"","overlay-gradient":""},"tablet":{"background-color":"var(--ast-global-color-5)","background-image":"","background-repeat":"repeat","background-position":"center center","background-size":"auto","background-attachment":"scroll","background-type":"","background-media":"","overlay-type":"","overlay-color":"","overlay-gradient":""},"mobile":{"background-color":"var(--ast-global-color-5)","background-image":"","background-repeat":"repeat","background-position":"center center","background-size":"auto","background-attachment":"scroll","background-type":"","background-media":"","overlay-type":"","overlay-color":"","overlay-gradient":""}}},"product_cat":[28,66],"product_tag":[30,31,68],"class_list":["post-1640","product","type-product","status-publish","has-post-thumbnail","hentry","product_cat-jeux-educatifs","product_cat-matrax","product_tag-educatif","product_tag-jouet","product_tag-matrax","desktop-align-left","tablet-align-left","mobile-align-left"],"_links":{"self":[{"href":"https:\/\/jouetentunisie.tn\/index.php\/wp-json\/wp\/v2\/product\/1640","targetHints":{"allow":["GET"]}}],"collection":[{"href":"https:\/\/jouetentunisie.tn\/index.php\/wp-json\/wp\/v2\/product"}],"about":[{"href":"https:\/\/jouetentunisie.tn\/index.php\/wp-json\/wp\/v2\/types\/product"}],"replies":[{"embeddable":true,"href":"https:\/\/jouetentunisie.tn\/index.php\/wp-json\/wp\/v2\/comments?post=1640"}],"wp:featuredmedia":[{"embeddable":true,"href":"https:\/\/jouetentunisie.tn\/index.php\/wp-json\/wp\/v2\/media\/1675"}],"wp:attachment":[{"href":"https:\/\/jouetentunisie.tn\/index.php\/wp-json\/wp\/v2\/media?parent=1640"}],"wp:term":[{"taxonomy":"product_cat","embeddable":true,"href":"https:\/\/jouetentunisie.tn\/index.php\/wp-json\/wp\/v2\/product_cat?post=1640"},{"taxonomy":"product_tag","embeddable":true,"href":"https:\/\/jouetentunisie.tn\/index.php\/wp-json\/wp\/v2\/product_tag?post=1640"}],"curies":[{"name":"wp","href":"https:\/\/api.w.org\/{rel}","templated":true}]}}