{"id":1641,"date":"2023-11-23T15:23:16","date_gmt":"2023-11-23T14:23:16","guid":{"rendered":"https:\/\/jouetentunisie.tn\/?post_type=product&#038;p=1641"},"modified":"2023-11-23T15:23:30","modified_gmt":"2023-11-23T14:23:30","slug":"mini-billard-americain-matrax","status":"publish","type":"product","link":"https:\/\/jouetentunisie.tn\/index.php\/produit\/mini-billard-americain-matrax\/","title":{"rendered":"Mini Billard am\u00e9ricain Matrax"},"content":{"rendered":"<p>Mini Table de billard am\u00e9ricain avec petits pieds en plastique de la marque Matrax.\u00a0<span style=\"font-size: 16px; font-style: normal; font-weight: 400;\">Dimensions 18,5 x 31 x 8 cm. Age <\/span><span style=\"font-size: 16px; font-style: normal; font-weight: 400;\">\u00e0 partir de 3 ans. <\/span><span style=\"font-size: 16px;\">Le Fabriquant Matrax produit \u00e9galement des jouets pour <\/span><a style=\"font-size: 16px; background-color: #ffffff;\" href=\"https:\/\/www.tipirate-store.tn\/categorie-produit\/jeux-de-role-garcons\/\">jeux de r\u00f4le gar\u00e7ons<\/a><span style=\"font-size: 16px;\">. Contient 2 queues en bois et avec un tapis de jeu velours couleur verte. Assemblage simple et facile tout comme son d\u00e9montage ult\u00e9rieur. <\/span><span class=\"a-list-item\" style=\"font-size: 16px;\">Descriptif produit: Ce petit billard offre une activit\u00e9 distrayante tout en \u00e9duquant de mani\u00e8re ludique la motricit\u00e9 et la coordination main-\u0153il ! Les enfants apprendront \u00e0 bien prendre leur marque et se concentrer pour bien viser! Excellent jouet \u00e0 offrir!<\/span><\/p>\n<p><span class=\"a-list-item\">Les joueurs vont se livrer des parties passionnantes pleine de joie et de plaisir avec les 2 queues, les boules, et le triangle! Le billard est le jeu noble! La mini Table de billard am\u00e9ricain avec pieds en plastique de la marque Matrax est Parfaitement adapt\u00e9 aux enfants et adultes pour un jeu rapide entre deux ou une soir\u00e9e de tournoi ! Laisser vos enfants d\u00e9couvrir ce jouet simple et tr\u00e8s amusant! La mini Table de billard am\u00e9ricain de la marque Matrax\u00a0 saura \u00e9gayer vos enfants! <\/span><span style=\"font-size: 16px; font-style: normal; font-weight: 400;\">En outre, Achetez et commandez en ligne ou d\u00e9couvrez ce jouet dans notre magasin \u00e0 Tunis, Tunisie.<\/span><span style=\"font-size: 16px; font-style: normal; font-weight: 400;\">\u00a0<\/span><\/p>\n<p>Pour plus d&rsquo;informations visiter le site officiel <a href=\"https:\/\/matraxoyuncak.com\/fr\/\">Matrax<\/a><\/p>\n","protected":false},"excerpt":{"rendered":"<p>Mini Table de billard am\u00e9ricain avec petits pieds en plastique de la marque Matrax.\u00a0Dimensions 18,5 x 31 x 8 cm. Age \u00e0 partir de 3 ans. Le Fabriquant Matrax produit \u00e9galement des jouets pour jeux de r\u00f4le gar\u00e7ons. Contient 2 queues en bois et avec un tapis de jeu velours couleur verte. Assemblage simple et facile tout comme son d\u00e9montage ult\u00e9rieur. Descriptif produit: Ce petit billard offre une activit\u00e9 distrayante tout en \u00e9duquant de mani\u00e8re ludique la motricit\u00e9 et la coordination main-\u0153il ! Les enfants apprendront \u00e0 bien prendre leur marque et se concentrer pour bien viser! Excellent jouet \u00e0 offrir!<\/p>\n<p>Les joueurs vont se livrer des parties passionnantes pleine de joie et de plaisir avec les 2 queues, les boules, et le triangle! Le billard est le jeu noble! La mini Table de billard am\u00e9ricain avec pieds en plastique de la marque Matrax est Parfaitement adapt\u00e9 aux enfants et adultes pour un jeu rapide entre deux ou une soir\u00e9e de tournoi !<\/p>\n","protected":false},"featured_media":1677,"comment_status":"open","ping_status":"closed","template":"","meta":{"site-sidebar-layout":"default","site-content-layout":"default","ast-site-content-layout":"","site-content-style":"","site-sidebar-style":"","ast-global-header-display":"","ast-banner-title-visibility":"","ast-main-header-display":"","ast-hfb-above-header-display":"","ast-hfb-below-header-display":"","ast-hfb-mobile-header-display":"","site-post-title":"","ast-breadcrumbs-content":"","ast-featured-img":"","footer-sml-layout":"","theme-transparent-header-meta":"default","adv-header-id-meta":"","stick-header-meta":"default","header-above-stick-meta":"","header-main-stick-meta":"","header-below-stick-meta":"","astra-migrate-meta-layouts":"","ast-page-background-enabled":"default","ast-page-background-meta":{"desktop":{"background-color":"","background-image":"","background-repeat":"repeat","background-position":"center center","background-size":"auto","background-attachment":"scroll","background-type":"","background-media":"","overlay-type":"","overlay-color":"","overlay-gradient":""},"tablet":{"background-color":"","background-image":"","background-repeat":"repeat","background-position":"center center","background-size":"auto","background-attachment":"scroll","background-type":"","background-media":"","overlay-type":"","overlay-color":"","overlay-gradient":""},"mobile":{"background-color":"","background-image":"","background-repeat":"repeat","background-position":"center center","background-size":"auto","background-attachment":"scroll","background-type":"","background-media":"","overlay-type":"","overlay-color":"","overlay-gradient":""}},"ast-content-background-meta":{"desktop":{"background-color":"var(--ast-global-color-5)","background-image":"","background-repeat":"repeat","background-position":"center center","background-size":"auto","background-attachment":"scroll","background-type":"","background-media":"","overlay-type":"","overlay-color":"","overlay-gradient":""},"tablet":{"background-color":"var(--ast-global-color-5)","background-image":"","background-repeat":"repeat","background-position":"center center","background-size":"auto","background-attachment":"scroll","background-type":"","background-media":"","overlay-type":"","overlay-color":"","overlay-gradient":""},"mobile":{"background-color":"var(--ast-global-color-5)","background-image":"","background-repeat":"repeat","background-position":"center center","background-size":"auto","background-attachment":"scroll","background-type":"","background-media":"","overlay-type":"","overlay-color":"","overlay-gradient":""}}},"product_cat":[58,66],"product_tag":[67,31,68],"class_list":["post-1641","product","type-product","status-publish","has-post-thumbnail","hentry","product_cat-jeux-de-role-garcons","product_cat-matrax","product_tag-jeu-de-billard","product_tag-jouet","product_tag-matrax","desktop-align-left","tablet-align-left","mobile-align-left"],"_links":{"self":[{"href":"https:\/\/jouetentunisie.tn\/index.php\/wp-json\/wp\/v2\/product\/1641","targetHints":{"allow":["GET"]}}],"collection":[{"href":"https:\/\/jouetentunisie.tn\/index.php\/wp-json\/wp\/v2\/product"}],"about":[{"href":"https:\/\/jouetentunisie.tn\/index.php\/wp-json\/wp\/v2\/types\/product"}],"replies":[{"embeddable":true,"href":"https:\/\/jouetentunisie.tn\/index.php\/wp-json\/wp\/v2\/comments?post=1641"}],"wp:featuredmedia":[{"embeddable":true,"href":"https:\/\/jouetentunisie.tn\/index.php\/wp-json\/wp\/v2\/media\/1677"}],"wp:attachment":[{"href":"https:\/\/jouetentunisie.tn\/index.php\/wp-json\/wp\/v2\/media?parent=1641"}],"wp:term":[{"taxonomy":"product_cat","embeddable":true,"href":"https:\/\/jouetentunisie.tn\/index.php\/wp-json\/wp\/v2\/product_cat?post=1641"},{"taxonomy":"product_tag","embeddable":true,"href":"https:\/\/jouetentunisie.tn\/index.php\/wp-json\/wp\/v2\/product_tag?post=1641"}],"curies":[{"name":"wp","href":"https:\/\/api.w.org\/{rel}","templated":true}]}}