{"id":1644,"date":"2023-11-23T15:23:17","date_gmt":"2023-11-23T14:23:17","guid":{"rendered":"https:\/\/jouetentunisie.tn\/?post_type=product&#038;p=1644"},"modified":"2023-11-23T15:23:32","modified_gmt":"2023-11-23T14:23:32","slug":"jeu-flexi-250pcs-matrax","status":"publish","type":"product","link":"https:\/\/jouetentunisie.tn\/index.php\/produit\/jeu-flexi-250pcs-matrax\/","title":{"rendered":"Jeu Flexi 250pcs Matrax"},"content":{"rendered":"<p>Jeu de construction Flexi color\u00e9es en boite 250pcs\u00a0de la marque Matrax. Le fabriquant Matrax produit aussi des <a href=\"https:\/\/www.tipirate-store.tn\/categorie-produit\/jeux-de-construction\/\">jeux de construction<\/a> originaux. A partir de 3 ans. Le jeu de construction permet \u00e0 l&rsquo;enfant de fixer son attention sur une seule et m\u00eame chose et d&rsquo;utiliser ses comp\u00e9tences pour atteindre son objectif ! En jouant \u00e0 un jeu de construction, l&rsquo;enfant s&rsquo;amuse \u00e0 cr\u00e9er et maintenir l&rsquo;\u00e9quilibre, \u00e0 imaginer un nouvel univers, \u00e0 s&rsquo;inventer une histoire. Tr\u00e8s simple en apparence, le jeu de construction est en r\u00e9alit\u00e9 tr\u00e8s complet. Il mobilise diff\u00e9rentes comp\u00e9tences chez l\u2019enfant et lui permet de nombreux apprentissages, tant moteurs qu\u2019intellectuels. Le Jeu de construction Flexi color\u00e9es en boite 250pcs de\u00a0 Matrax C&rsquo;est le jouet id\u00e9al pour votre enfant!<\/p>\n<p>A partir du moment o\u00f9 l\u2019enfant va acqu\u00e9rir une certaine capacit\u00e9 de pr\u00e9hension, il va pouvoir prendre plaisir \u00e0 jouer aux jeux de construction. Et cela va entrainer un certain nombre d\u2019apprentissages : l\u2019habilet\u00e9 manuelle, La coordination entre l\u2019\u0153il et la main et la la prise d\u2019initiatives. Dans un jeu de construction, l\u2019enfant est libre de faire ce qu\u2019il veut. Il se laisse aussi guider par le hasard mais assez vite, un projet \u00e9merge. Il place trois cubes les uns \u00e0 c\u00f4t\u00e9 des autres et d\u00e9cide d\u2019en empiler un quatri\u00e8me&#8230; L\u2019enfant prend alors des d\u00e9cisions en pla\u00e7ant les \u00e9l\u00e9ments tel qu\u2019il l\u2019entend. En outre, Achetez et commandez en ligne ou d\u00e9couvrez ce jouet dans notre magasin \u00e0 Tunis, Tunisie.<\/p>\n<p>Pour plus d&rsquo;informations contacter le site officiel <a href=\"https:\/\/matraxoyuncak.com\/fr\">Matrax<\/a><\/p>\n","protected":false},"excerpt":{"rendered":"<p>Jeu de construction Flexi color\u00e9es en boite 250pcs de la marque Matrax. Le fabriquant Matrax produit aussi des jeux de construction originaux. A partir de 3 ans. Le jeu de construction permet \u00e0 l&rsquo;enfant de fixer son attention sur une seule et m\u00eame chose et d&rsquo;utiliser ses comp\u00e9tences pour atteindre son objectif ! En jouant \u00e0 un jeu de construction, l&rsquo;enfant s&rsquo;amuse \u00e0 cr\u00e9er et maintenir l&rsquo;\u00e9quilibre, \u00e0 imaginer un nouvel univers, \u00e0 s&rsquo;inventer une histoire. Tr\u00e8s simple en apparence, le jeu de construction est en r\u00e9alit\u00e9 tr\u00e8s complet. Il mobilise diff\u00e9rentes comp\u00e9tences chez l\u2019enfant et lui permet de nombreux apprentissages, tant moteurs qu\u2019intellectuels. C&rsquo;est le jouet id\u00e9al pour votre enfant!<\/p>\n<p>A partir du moment o\u00f9 l\u2019enfant va acqu\u00e9rir une certaine capacit\u00e9 de pr\u00e9hension, il va pouvoir prendre plaisir \u00e0 jouer aux jeux de construction. Et cela va entrainer un certain nombre d\u2019apprentissages : l\u2019habilet\u00e9 manuelle, La coordination entre l\u2019\u0153il et la main et la la prise d\u2019initiatives. Dans un jeu de construction, l\u2019enfant est libre de faire ce qu\u2019il veut. Il se laisse aussi guider par le hasard mais assez vite, un projet \u00e9merge. Il place trois cubes les uns \u00e0 c\u00f4t\u00e9 des autres et d\u00e9cide d\u2019en empiler un quatri\u00e8me&#8230; L\u2019enfant prend alors des d\u00e9cisions en pla\u00e7ant les \u00e9l\u00e9ments tel qu\u2019il l\u2019entend.<\/p>\n","protected":false},"featured_media":1681,"comment_status":"open","ping_status":"closed","template":"","meta":{"site-sidebar-layout":"default","site-content-layout":"default","ast-site-content-layout":"","site-content-style":"","site-sidebar-style":"","ast-global-header-display":"","ast-banner-title-visibility":"","ast-main-header-display":"","ast-hfb-above-header-display":"","ast-hfb-below-header-display":"","ast-hfb-mobile-header-display":"","site-post-title":"","ast-breadcrumbs-content":"","ast-featured-img":"","footer-sml-layout":"","theme-transparent-header-meta":"default","adv-header-id-meta":"","stick-header-meta":"default","header-above-stick-meta":"","header-main-stick-meta":"","header-below-stick-meta":"","astra-migrate-meta-layouts":"","ast-page-background-enabled":"default","ast-page-background-meta":{"desktop":{"background-color":"","background-image":"","background-repeat":"repeat","background-position":"center center","background-size":"auto","background-attachment":"scroll","background-type":"","background-media":"","overlay-type":"","overlay-color":"","overlay-gradient":""},"tablet":{"background-color":"","background-image":"","background-repeat":"repeat","background-position":"center center","background-size":"auto","background-attachment":"scroll","background-type":"","background-media":"","overlay-type":"","overlay-color":"","overlay-gradient":""},"mobile":{"background-color":"","background-image":"","background-repeat":"repeat","background-position":"center center","background-size":"auto","background-attachment":"scroll","background-type":"","background-media":"","overlay-type":"","overlay-color":"","overlay-gradient":""}},"ast-content-background-meta":{"desktop":{"background-color":"var(--ast-global-color-5)","background-image":"","background-repeat":"repeat","background-position":"center center","background-size":"auto","background-attachment":"scroll","background-type":"","background-media":"","overlay-type":"","overlay-color":"","overlay-gradient":""},"tablet":{"background-color":"var(--ast-global-color-5)","background-image":"","background-repeat":"repeat","background-position":"center center","background-size":"auto","background-attachment":"scroll","background-type":"","background-media":"","overlay-type":"","overlay-color":"","overlay-gradient":""},"mobile":{"background-color":"var(--ast-global-color-5)","background-image":"","background-repeat":"repeat","background-position":"center center","background-size":"auto","background-attachment":"scroll","background-type":"","background-media":"","overlay-type":"","overlay-color":"","overlay-gradient":""}}},"product_cat":[36,28,66],"product_tag":[30,38,31,68],"class_list":["post-1644","product","type-product","status-publish","has-post-thumbnail","hentry","product_cat-jeux-de-construction","product_cat-jeux-educatifs","product_cat-matrax","product_tag-educatif","product_tag-jeu-de-construction","product_tag-jouet","product_tag-matrax","desktop-align-left","tablet-align-left","mobile-align-left"],"_links":{"self":[{"href":"https:\/\/jouetentunisie.tn\/index.php\/wp-json\/wp\/v2\/product\/1644","targetHints":{"allow":["GET"]}}],"collection":[{"href":"https:\/\/jouetentunisie.tn\/index.php\/wp-json\/wp\/v2\/product"}],"about":[{"href":"https:\/\/jouetentunisie.tn\/index.php\/wp-json\/wp\/v2\/types\/product"}],"replies":[{"embeddable":true,"href":"https:\/\/jouetentunisie.tn\/index.php\/wp-json\/wp\/v2\/comments?post=1644"}],"wp:featuredmedia":[{"embeddable":true,"href":"https:\/\/jouetentunisie.tn\/index.php\/wp-json\/wp\/v2\/media\/1681"}],"wp:attachment":[{"href":"https:\/\/jouetentunisie.tn\/index.php\/wp-json\/wp\/v2\/media?parent=1644"}],"wp:term":[{"taxonomy":"product_cat","embeddable":true,"href":"https:\/\/jouetentunisie.tn\/index.php\/wp-json\/wp\/v2\/product_cat?post=1644"},{"taxonomy":"product_tag","embeddable":true,"href":"https:\/\/jouetentunisie.tn\/index.php\/wp-json\/wp\/v2\/product_tag?post=1644"}],"curies":[{"name":"wp","href":"https:\/\/api.w.org\/{rel}","templated":true}]}}