{"id":1648,"date":"2023-11-23T15:23:18","date_gmt":"2023-11-23T14:23:18","guid":{"rendered":"https:\/\/jouetentunisie.tn\/?post_type=product&#038;p=1648"},"modified":"2023-11-23T15:23:34","modified_gmt":"2023-11-23T14:23:34","slug":"midi-panneau-basket-matrax","status":"publish","type":"product","link":"https:\/\/jouetentunisie.tn\/index.php\/produit\/midi-panneau-basket-matrax\/","title":{"rendered":"Midi Panneau Basket Matrax"},"content":{"rendered":"<h2>Midi Panneau Basket Matrax<\/h2>\n<p>Le Midi Panneau de Basket de la marque Matrax est un jeu qui fera le bonheur de votre enfant! il est livr\u00e9 avec tous les accessoires <span style=\"font-size: 16px;\">n\u00e9cessaires \u00e0 son accrochage.\u00a0 Par ailleurs, <\/span><span style=\"font-size: 16px; font-style: normal; font-weight: 400;\">Ce coffret permettra \u00e0 nos enfants de profiter et de jouer au basket \u00e0 la maison. Celui-ci suscitera la joie chez votre enfant et lui permettra de faire du sport tout en s&rsquo;amusant! Sans aucun doute, votre enfant sera ravi!<\/span><span style=\"font-size: 16px; font-style: normal; font-weight: 400;\">\u00a0<\/span><span style=\"font-size: 16px;\">En outre, l&rsquo;installation du produit est simple. En outre, ce jouet s&rsquo;utilise \u00e0 partir de 3 ans. <\/span><span style=\"font-size: 16px;\">Ce jeu d\u00e9veloppera sa concentration et de son adresse tout en jouant! <\/span><span style=\"font-size: 16px; font-style: normal; font-weight: 400;\">Matrax produit aussi un large choix de\u00a0<\/span><a style=\"background-color: #ffffff; font-size: 16px; font-style: normal; font-weight: 400; color: #3a3a3a;\" href=\"https:\/\/www.tipirate-store.tn\/categorie-produit\/jeux-de-role-garcons\/\">jeux de r\u00f4le gar\u00e7on<\/a><span style=\"font-size: 16px; font-style: normal; font-weight: 400;\">.\u00a0 Dans la m\u00eame cat\u00e9gorie le <a href=\"https:\/\/www.tipirate-store.tn\/produit\/mini-panneau-basket-matrax\/\">mini basket matrax<\/a> et le <a href=\"https:\/\/www.tipirate-store.tn\/produit\/jeu-basket-extensible-dolu\/\">basket Dolu<\/a>!<\/span><\/p>\n<p>L&rsquo;assemblage de ce jeu est tr\u00e8s simple. Ce jouet est fabriqu\u00e9 avec des mat\u00e9riaux solides et l\u00e9ger. Le ballon de basket utilis\u00e9 a une taille moyenne de 13cm et pr\u00e9sente une robustesse et une excellente maniabilit\u00e9. D&rsquo;un autre cot\u00e9, ce ballon contient une valve ce qui permet le gonflage ou le d\u00e9gonflage facilement gr\u00e2ce \u00e0 une pompe \u00e9galement fournie. Bref, C&rsquo;est un produit facile \u00e0 monter, avec 1 balle de jeu dans le coffret et tous les accessoires d&rsquo;accrochage \u00e0 la porte! Le Midi Panneau de Basket de la marque Matrax utilise du plastique de haute qualit\u00e9. Comme avec tous nos autres jouets! En outre, Achetez et commandez en ligne ou d\u00e9couvrez ce jouet dans notre magasin \u00e0 Tunis, Tunisie!<\/p>\n<p>Pour plus d&rsquo;informations contacter le site officiel <a href=\"https:\/\/matraxoyuncak.com\/fr\">Matrax<\/a><\/p>\n","protected":false},"excerpt":{"rendered":"<p>Le Midi Panneau de Basket de la marque Matrax est un jeu qui fera le bonheur de votre enfant! il est livr\u00e9 avec tous les accessoires n\u00e9cessaires \u00e0 son accrochage.\u00a0 Par ailleurs, Ce coffret permettra \u00e0 nos enfants de profiter et de jouer au basket \u00e0 la maison. Celui-ci suscitera la joie chez votre enfant et lui permettra de faire du sport tout en s&rsquo;amusant! Sans aucun doute, votre enfant sera ravi!\u00a0En outre, l&rsquo;installation du produit est simple. En outre, ce jouet s&rsquo;utilise \u00e0 partir de 3 ans. Ce jeu d\u00e9veloppera sa concentration et de son adresse tout en jouant! Matrax produit aussi un large choix de\u00a0jeux de r\u00f4le gar\u00e7on.<\/p>\n<p>L&rsquo;assemblage de ce jeu est tr\u00e8s simple et il est fabriqu\u00e9 avec des mat\u00e9riaux solides et l\u00e9ger. Le ballon de basket utilis\u00e9 a une taille moyenne de 13cm et pr\u00e9sente une robustesse et une excellente maniabilit\u00e9. D&rsquo;un autre cot\u00e9, ce ballon contient une valve ce qui permet le gonflage ou le d\u00e9gonflage facilement gr\u00e2ce \u00e0 une pompe \u00e9galement fournie.\u00a0Bref, C&rsquo;est un produit facile \u00e0 monter, avec 1 balle de jeu dans le coffret et tous les accessoires d&rsquo;accrochage \u00e0 la porte! Le Midi Panneau de Basket de la marque Matrax utilise du plastique de haute qualit\u00e9, Comme avec tous nos autres jouets!<\/p>\n","protected":false},"featured_media":1685,"comment_status":"open","ping_status":"closed","template":"","meta":{"site-sidebar-layout":"default","site-content-layout":"default","ast-site-content-layout":"","site-content-style":"","site-sidebar-style":"","ast-global-header-display":"","ast-banner-title-visibility":"","ast-main-header-display":"","ast-hfb-above-header-display":"","ast-hfb-below-header-display":"","ast-hfb-mobile-header-display":"","site-post-title":"","ast-breadcrumbs-content":"","ast-featured-img":"","footer-sml-layout":"","theme-transparent-header-meta":"default","adv-header-id-meta":"","stick-header-meta":"default","header-above-stick-meta":"","header-main-stick-meta":"","header-below-stick-meta":"","astra-migrate-meta-layouts":"","ast-page-background-enabled":"default","ast-page-background-meta":{"desktop":{"background-color":"","background-image":"","background-repeat":"repeat","background-position":"center center","background-size":"auto","background-attachment":"scroll","background-type":"","background-media":"","overlay-type":"","overlay-color":"","overlay-gradient":""},"tablet":{"background-color":"","background-image":"","background-repeat":"repeat","background-position":"center center","background-size":"auto","background-attachment":"scroll","background-type":"","background-media":"","overlay-type":"","overlay-color":"","overlay-gradient":""},"mobile":{"background-color":"","background-image":"","background-repeat":"repeat","background-position":"center center","background-size":"auto","background-attachment":"scroll","background-type":"","background-media":"","overlay-type":"","overlay-color":"","overlay-gradient":""}},"ast-content-background-meta":{"desktop":{"background-color":"var(--ast-global-color-5)","background-image":"","background-repeat":"repeat","background-position":"center center","background-size":"auto","background-attachment":"scroll","background-type":"","background-media":"","overlay-type":"","overlay-color":"","overlay-gradient":""},"tablet":{"background-color":"var(--ast-global-color-5)","background-image":"","background-repeat":"repeat","background-position":"center center","background-size":"auto","background-attachment":"scroll","background-type":"","background-media":"","overlay-type":"","overlay-color":"","overlay-gradient":""},"mobile":{"background-color":"var(--ast-global-color-5)","background-image":"","background-repeat":"repeat","background-position":"center center","background-size":"auto","background-attachment":"scroll","background-type":"","background-media":"","overlay-type":"","overlay-color":"","overlay-gradient":""}}},"product_cat":[58,66],"product_tag":[31,68],"class_list":["post-1648","product","type-product","status-publish","has-post-thumbnail","hentry","product_cat-jeux-de-role-garcons","product_cat-matrax","product_tag-jouet","product_tag-matrax","desktop-align-left","tablet-align-left","mobile-align-left"],"_links":{"self":[{"href":"https:\/\/jouetentunisie.tn\/index.php\/wp-json\/wp\/v2\/product\/1648","targetHints":{"allow":["GET"]}}],"collection":[{"href":"https:\/\/jouetentunisie.tn\/index.php\/wp-json\/wp\/v2\/product"}],"about":[{"href":"https:\/\/jouetentunisie.tn\/index.php\/wp-json\/wp\/v2\/types\/product"}],"replies":[{"embeddable":true,"href":"https:\/\/jouetentunisie.tn\/index.php\/wp-json\/wp\/v2\/comments?post=1648"}],"wp:featuredmedia":[{"embeddable":true,"href":"https:\/\/jouetentunisie.tn\/index.php\/wp-json\/wp\/v2\/media\/1685"}],"wp:attachment":[{"href":"https:\/\/jouetentunisie.tn\/index.php\/wp-json\/wp\/v2\/media?parent=1648"}],"wp:term":[{"taxonomy":"product_cat","embeddable":true,"href":"https:\/\/jouetentunisie.tn\/index.php\/wp-json\/wp\/v2\/product_cat?post=1648"},{"taxonomy":"product_tag","embeddable":true,"href":"https:\/\/jouetentunisie.tn\/index.php\/wp-json\/wp\/v2\/product_tag?post=1648"}],"curies":[{"name":"wp","href":"https:\/\/api.w.org\/{rel}","templated":true}]}}