{"id":1651,"date":"2023-11-23T15:23:19","date_gmt":"2023-11-23T14:23:19","guid":{"rendered":"https:\/\/jouetentunisie.tn\/?post_type=product&#038;p=1651"},"modified":"2023-11-23T15:23:35","modified_gmt":"2023-11-23T14:23:35","slug":"panneau-basket-mural-matrax","status":"publish","type":"product","link":"https:\/\/jouetentunisie.tn\/index.php\/produit\/panneau-basket-mural-matrax\/","title":{"rendered":"Panneau Basket Mural Matrax"},"content":{"rendered":"<p>Panneau basket mural bois de la marque Matrax. Age \u00e0 partir de 3 ans. Dimensions du corps \u00a0: 38 x 49 cm. Diam\u00e8tre du cercle : 24 cm. Ce coffret est fournit avec 1 petite balle gonflable de 13cm. Le fabriquant Matrax produit aussi des <a href=\"https:\/\/www.tipirate-store.tn\/categorie-produit\/jeux-de-role-garcons\/\">jeux de r\u00f4le gar\u00e7on<\/a>. Laisser votre enfant s&rsquo;amuser en faisant du sport! Les enfants appr\u00e9cieront de jouer \u00e0 la maison avec le jouet de basket-ball cerceau en bois. Le ballon de basket \u00e0 l\u2019int\u00e9rieur du jouet de basket-ball en bois est fait d\u2019un mat\u00e9riau solide, l\u00e9ger et flexible. Une valve est utilis\u00e9e dans la conception du ballon de basket. De cette mani\u00e8re, le gonflage ou le d\u00e9gonflage peut se faire en option gr\u00e2ce \u00e0 une petite pompe incluse dans le coffret!<strong>\u00a0<\/strong><\/p>\n<p>Il y a aussi un ballon de basket d&rsquo;1 couleur de diam\u00e8tre\u00a013 cm.<span style=\"font-size: 16px;\"> Contient \u00e9galement un accroche-porte. L\u2019installation du produit est tr\u00e8s simple. Ainsi, les plus petits peuvent jouer au jouet de basket \u00e0 la maison avec plaisir. Comme avec tous nos autres produits ; Il est produit avec des mati\u00e8res premi\u00e8res et des peintures adapt\u00e9es \u00e0 la sant\u00e9 des enfants. avec ce Panneau basket mural bois de la marque Matrax votre enfant va se r\u00e9galer en jouant!<\/span><\/p>\n<p>Achetez et commandez en ligne ou d\u00e9couvrez ce jouet dans notre magasin \u00e0 Tunis, Tunisie<\/p>\n<p>Pour plus d&rsquo;informations contacter le site officiel <a href=\"https:\/\/matraxoyuncak.com\/fr\">Matrax<\/a><\/p>\n","protected":false},"excerpt":{"rendered":"<p>Panneau basket mural bois de la marque Matrax. Age \u00e0 partir de 3 ans. Dimensions du corps \u00a0: 38 x 49 cm. Diam\u00e8tre du cercle : 24 cm. Ce coffret est fournit avec 1 petite balle gonflable de 13cm. Le fabriquant Matrax produit aussi des jeux de r\u00f4le gar\u00e7on. Laisser votre enfant s&rsquo;amuser en faisant du sport! Les enfants appr\u00e9cieront de jouer \u00e0 la maison avec le jouet de basket-ball cerceau en bois. Le ballon de basket \u00e0 l\u2019int\u00e9rieur du jouet de basket-ball en bois est fait d\u2019un mat\u00e9riau solide, l\u00e9ger et flexible. Une valve est utilis\u00e9e dans la conception du ballon de basket. De cette mani\u00e8re, le gonflage ou le d\u00e9gonflage peut se faire en option gr\u00e2ce \u00e0 une petite pompe incluse dans le coffret!<\/p>\n<p>Il y a aussi un ballon de basket d&rsquo;1 couleur de diam\u00e8tre\u00a013 cm. Contient \u00e9galement un accroche-porte. L\u2019installation du produit est tr\u00e8s simple. Ainsi, les plus petits peuvent jouer au jouet de basket \u00e0 la maison avec plaisir. Comme avec tous nos autres produits ; Il est produit avec des mati\u00e8res premi\u00e8res et des peintures adapt\u00e9es \u00e0 la sant\u00e9 des enfants. avec ce Panneau basket mural bois de la marque Matrax votre enfant va se r\u00e9galer en jouant!<\/p>\n","protected":false},"featured_media":1688,"comment_status":"open","ping_status":"closed","template":"","meta":{"site-sidebar-layout":"default","site-content-layout":"default","ast-site-content-layout":"","site-content-style":"","site-sidebar-style":"","ast-global-header-display":"","ast-banner-title-visibility":"","ast-main-header-display":"","ast-hfb-above-header-display":"","ast-hfb-below-header-display":"","ast-hfb-mobile-header-display":"","site-post-title":"","ast-breadcrumbs-content":"","ast-featured-img":"","footer-sml-layout":"","theme-transparent-header-meta":"default","adv-header-id-meta":"","stick-header-meta":"default","header-above-stick-meta":"","header-main-stick-meta":"","header-below-stick-meta":"","astra-migrate-meta-layouts":"","ast-page-background-enabled":"default","ast-page-background-meta":{"desktop":{"background-color":"","background-image":"","background-repeat":"repeat","background-position":"center center","background-size":"auto","background-attachment":"scroll","background-type":"","background-media":"","overlay-type":"","overlay-color":"","overlay-gradient":""},"tablet":{"background-color":"","background-image":"","background-repeat":"repeat","background-position":"center center","background-size":"auto","background-attachment":"scroll","background-type":"","background-media":"","overlay-type":"","overlay-color":"","overlay-gradient":""},"mobile":{"background-color":"","background-image":"","background-repeat":"repeat","background-position":"center center","background-size":"auto","background-attachment":"scroll","background-type":"","background-media":"","overlay-type":"","overlay-color":"","overlay-gradient":""}},"ast-content-background-meta":{"desktop":{"background-color":"var(--ast-global-color-5)","background-image":"","background-repeat":"repeat","background-position":"center center","background-size":"auto","background-attachment":"scroll","background-type":"","background-media":"","overlay-type":"","overlay-color":"","overlay-gradient":""},"tablet":{"background-color":"var(--ast-global-color-5)","background-image":"","background-repeat":"repeat","background-position":"center center","background-size":"auto","background-attachment":"scroll","background-type":"","background-media":"","overlay-type":"","overlay-color":"","overlay-gradient":""},"mobile":{"background-color":"var(--ast-global-color-5)","background-image":"","background-repeat":"repeat","background-position":"center center","background-size":"auto","background-attachment":"scroll","background-type":"","background-media":"","overlay-type":"","overlay-color":"","overlay-gradient":""}}},"product_cat":[66,62],"product_tag":[31,68],"class_list":["post-1651","product","type-product","status-publish","has-post-thumbnail","hentry","product_cat-matrax","product_cat-toboggans-et-exterieur","product_tag-jouet","product_tag-matrax","desktop-align-left","tablet-align-left","mobile-align-left"],"_links":{"self":[{"href":"https:\/\/jouetentunisie.tn\/index.php\/wp-json\/wp\/v2\/product\/1651","targetHints":{"allow":["GET"]}}],"collection":[{"href":"https:\/\/jouetentunisie.tn\/index.php\/wp-json\/wp\/v2\/product"}],"about":[{"href":"https:\/\/jouetentunisie.tn\/index.php\/wp-json\/wp\/v2\/types\/product"}],"replies":[{"embeddable":true,"href":"https:\/\/jouetentunisie.tn\/index.php\/wp-json\/wp\/v2\/comments?post=1651"}],"wp:featuredmedia":[{"embeddable":true,"href":"https:\/\/jouetentunisie.tn\/index.php\/wp-json\/wp\/v2\/media\/1688"}],"wp:attachment":[{"href":"https:\/\/jouetentunisie.tn\/index.php\/wp-json\/wp\/v2\/media?parent=1651"}],"wp:term":[{"taxonomy":"product_cat","embeddable":true,"href":"https:\/\/jouetentunisie.tn\/index.php\/wp-json\/wp\/v2\/product_cat?post=1651"},{"taxonomy":"product_tag","embeddable":true,"href":"https:\/\/jouetentunisie.tn\/index.php\/wp-json\/wp\/v2\/product_tag?post=1651"}],"curies":[{"name":"wp","href":"https:\/\/api.w.org\/{rel}","templated":true}]}}