{"id":1652,"date":"2023-11-23T15:23:19","date_gmt":"2023-11-23T14:23:19","guid":{"rendered":"https:\/\/jouetentunisie.tn\/?post_type=product&#038;p=1652"},"modified":"2023-11-23T15:23:36","modified_gmt":"2023-11-23T14:23:36","slug":"panier-basket-extensible-matrax","status":"publish","type":"product","link":"https:\/\/jouetentunisie.tn\/index.php\/produit\/panier-basket-extensible-matrax\/","title":{"rendered":"Panier Basket Extensible Matrax"},"content":{"rendered":"<h2>Panier Basket Extensible Matrax<\/h2>\n<p>Panier Basket avec support au sol hauteur r\u00e9glable et extensible \u00e0 3 niveaux de la marque Matrax. Panneau de\u00a0Basket et un ballon de Basket de 10 CM inclus \u00e9galement! Dimensions extensible \u00e0 63 cm \u2013 94 cm \u2013 125 cm. Age a partir de 3 ans. Le fabriquant Matrax produit aussi des <a href=\"https:\/\/www.tipirate-store.tn\/categorie-produit\/jeux-de-role-garcons\/\">jeux de r\u00f4le gar\u00e7on<\/a>. Support peut se remplir de sable pour une meilleure stabilit\u00e9. Apr\u00e8s avoir mont\u00e9 ce panier de basket en deux trois mouvements, il suffit d&rsquo;ajouter un peu d&rsquo;eau ou sable dans la base pour lui donner de la stabilit\u00e9 et la partie peut commencer !<\/p>\n<p>Avec le ballon de basket inclus, votre enfant peut commencer \u00e0 marquer des paniers sur-le-champ. Viser le panier, seul ou \u00e0 plusieurs, stimule son adresse et la pr\u00e9cision de ses gestes. Et pour qu&rsquo;il reste toujours \u00e0 la hauteur de ses talents, ce panier de basket s&rsquo;ajuste en hauteur en fonction de sa taille. Avec le Panier Basket extensible \u00e0 3 niveaux de la marque Matrax vous offrez un magnifique Jouet tr\u00e8s facile a d\u00e9monter et se transportant partout ! La partie de basketball se poursuit donc \u00e0 tout moment !<\/p>\n<p>Cadeau parfait pour votre enfant!\u00a0Dans la m\u00eame cat\u00e9gorie d\u00e9couvrez le <a href=\"https:\/\/www.tipirate-store.tn\/produit\/babyfoot-super-star-matrax\/\">babyfoot super star<\/a> et le <a href=\"https:\/\/www.tipirate-store.tn\/produit\/jeu-basket-extensible-dolu\/\">Panneau basket Dolu<\/a>!<\/p>\n<p>Achetez et commandez en ligne ou d\u00e9couvrez ce jouet dans notre magasin \u00e0 Tunis, Tunisie<\/p>\n<p>Pour plus d&rsquo;informations contacter le site officiel <a href=\"https:\/\/matraxoyuncak.com\/fr\">Matrax<\/a><\/p>\n","protected":false},"excerpt":{"rendered":"<p>Panier Basket avec support au sol hauteur r\u00e9glable et extensible \u00e0 3 niveaux de la marque Matrax. Panneau de\u00a0Basket et un ballon de Basket de 10 CM inclus \u00e9galement! Dimensions extensible \u00e0 63 cm \u2013 94 cm \u2013 125 cm. Age a partir de 3 ans. Le fabriquant Matrax produit aussi des jeux de r\u00f4le gar\u00e7on. Support peut se remplir de sable pour une meilleure stabilit\u00e9. Apr\u00e8s avoir mont\u00e9 ce panier de basket en deux trois mouvements, il suffit d&rsquo;ajouter un peu d&rsquo;eau ou sable dans la base pour lui donner de la stabilit\u00e9 et la partie peut commencer ! Avec le ballon de basket inclus, votre enfant peut commencer \u00e0 marquer des paniers sur-le-champ. Viser le panier, seul ou \u00e0 plusieurs, stimule son adresse et la pr\u00e9cision de ses gestes. Et pour qu&rsquo;il reste toujours \u00e0 la hauteur de ses talents, ce panier de basket s&rsquo;ajuste en hauteur en fonction de sa taille. Avec le Panier Basket extensible \u00e0 3 niveaux de la marque Matrax vous offrez un magnifique Jouet tr\u00e8s facile a d\u00e9monter et se transportant partout ! La partie de basketball se poursuit donc \u00e0 tout moment !<\/p>\n","protected":false},"featured_media":1689,"comment_status":"open","ping_status":"closed","template":"","meta":{"site-sidebar-layout":"default","site-content-layout":"default","ast-site-content-layout":"","site-content-style":"","site-sidebar-style":"","ast-global-header-display":"","ast-banner-title-visibility":"","ast-main-header-display":"","ast-hfb-above-header-display":"","ast-hfb-below-header-display":"","ast-hfb-mobile-header-display":"","site-post-title":"","ast-breadcrumbs-content":"","ast-featured-img":"","footer-sml-layout":"","theme-transparent-header-meta":"default","adv-header-id-meta":"","stick-header-meta":"default","header-above-stick-meta":"","header-main-stick-meta":"","header-below-stick-meta":"","astra-migrate-meta-layouts":"","ast-page-background-enabled":"default","ast-page-background-meta":{"desktop":{"background-color":"","background-image":"","background-repeat":"repeat","background-position":"center center","background-size":"auto","background-attachment":"scroll","background-type":"","background-media":"","overlay-type":"","overlay-color":"","overlay-gradient":""},"tablet":{"background-color":"","background-image":"","background-repeat":"repeat","background-position":"center center","background-size":"auto","background-attachment":"scroll","background-type":"","background-media":"","overlay-type":"","overlay-color":"","overlay-gradient":""},"mobile":{"background-color":"","background-image":"","background-repeat":"repeat","background-position":"center center","background-size":"auto","background-attachment":"scroll","background-type":"","background-media":"","overlay-type":"","overlay-color":"","overlay-gradient":""}},"ast-content-background-meta":{"desktop":{"background-color":"var(--ast-global-color-5)","background-image":"","background-repeat":"repeat","background-position":"center center","background-size":"auto","background-attachment":"scroll","background-type":"","background-media":"","overlay-type":"","overlay-color":"","overlay-gradient":""},"tablet":{"background-color":"var(--ast-global-color-5)","background-image":"","background-repeat":"repeat","background-position":"center center","background-size":"auto","background-attachment":"scroll","background-type":"","background-media":"","overlay-type":"","overlay-color":"","overlay-gradient":""},"mobile":{"background-color":"var(--ast-global-color-5)","background-image":"","background-repeat":"repeat","background-position":"center center","background-size":"auto","background-attachment":"scroll","background-type":"","background-media":"","overlay-type":"","overlay-color":"","overlay-gradient":""}}},"product_cat":[66,40,62],"product_tag":[31,68],"class_list":["post-1652","product","type-product","status-publish","has-post-thumbnail","hentry","product_cat-matrax","product_cat-promo","product_cat-toboggans-et-exterieur","product_tag-jouet","product_tag-matrax","desktop-align-left","tablet-align-left","mobile-align-left"],"_links":{"self":[{"href":"https:\/\/jouetentunisie.tn\/index.php\/wp-json\/wp\/v2\/product\/1652","targetHints":{"allow":["GET"]}}],"collection":[{"href":"https:\/\/jouetentunisie.tn\/index.php\/wp-json\/wp\/v2\/product"}],"about":[{"href":"https:\/\/jouetentunisie.tn\/index.php\/wp-json\/wp\/v2\/types\/product"}],"replies":[{"embeddable":true,"href":"https:\/\/jouetentunisie.tn\/index.php\/wp-json\/wp\/v2\/comments?post=1652"}],"wp:featuredmedia":[{"embeddable":true,"href":"https:\/\/jouetentunisie.tn\/index.php\/wp-json\/wp\/v2\/media\/1689"}],"wp:attachment":[{"href":"https:\/\/jouetentunisie.tn\/index.php\/wp-json\/wp\/v2\/media?parent=1652"}],"wp:term":[{"taxonomy":"product_cat","embeddable":true,"href":"https:\/\/jouetentunisie.tn\/index.php\/wp-json\/wp\/v2\/product_cat?post=1652"},{"taxonomy":"product_tag","embeddable":true,"href":"https:\/\/jouetentunisie.tn\/index.php\/wp-json\/wp\/v2\/product_tag?post=1652"}],"curies":[{"name":"wp","href":"https:\/\/api.w.org\/{rel}","templated":true}]}}