{"id":1653,"date":"2023-11-23T15:23:19","date_gmt":"2023-11-23T14:23:19","guid":{"rendered":"https:\/\/jouetentunisie.tn\/?post_type=product&#038;p=1653"},"modified":"2023-11-23T15:23:36","modified_gmt":"2023-11-23T14:23:36","slug":"camions-chantier-matrax","status":"publish","type":"product","link":"https:\/\/jouetentunisie.tn\/index.php\/produit\/camions-chantier-matrax\/","title":{"rendered":"Camions Chantier Matrax"},"content":{"rendered":"<h2>Camions Chantier Matrax<\/h2>\n<p>Petits camions de chantier de la marque Matrax. Age a partir de 3 ans. Dimensions 10x12x11cm. Le fabriquant Matrax produit aussi des <a href=\"https:\/\/www.tipirate-store.tn\/categorie-produit\/jeux-de-role-garcons\/\">jeux de r\u00f4le gar\u00e7on<\/a>. Camion de qualit\u00e9 et solidit\u00e9 prouv\u00e9e! Jouet parfait comme cadeau! Donnez \u00e0 votre enfant l\u2019opportunit\u00e9 de d\u00e9couvrir et d\u2019apprendre \u00e0 manier les gros engins de chantier! Amusement garanti! Contient \u00e9galement un camion avec \u00e9chelle pour un amusement sans limite! Gr\u00e2ce \u00e0 ces jouets, votre enfant pourra mettre en place son propre chantier et jouer au chef de travaux \u00e0 l&rsquo;int\u00e9rieur comme \u00e0 l&rsquo;ext\u00e9rieur. Il pourra tirer des camions et objets gr\u00e2ce au camion remorque, remplir la benne de son camion pour aller renverser la terre \u00e0 un autre endroit, et utiliser le camion \u00e0 \u00e9chelle pour imaginer atteindre le haut d&rsquo;un immeuble! Avec ces camions de chantier de la marque Matrax laisser votre enfant donner plein de sens \u00e0 son imagination! Cadeau parfait pour votre enfant!\u00a0Dans la m\u00eame cat\u00e9gorie d\u00e9couvrez le <a href=\"https:\/\/www.tipirate-store.tn\/produit\/babyfoot-super-star-matrax\/\">babyfoot super star<\/a> et pour le m\u00eame \u00e2ge le <a href=\"https:\/\/www.tipirate-store.tn\/produit\/camion-a-benne-dolu\/\">camion \u00e0 benne Dolu<\/a>!<\/p>\n<p>L&rsquo;enfant sera ravi! En outre, Il y en a m\u00eame qui r\u00eavent de conduire ce type de gros v\u00e9hicule. Si vous trouvez d\u00e9j\u00e0 cette envie dans votre enfant, pourquoi ne pas cultiver cela d\u00e8s maintenant en lui offrant un assortiment de ces magnifiques camion! Vous verrez \u00e0 quel point votre petit tr\u00e9sor sera heureux d\u2019en recevoir. En effet, il a bien raison, puisqu\u2019il s\u2019agit de jouets multit\u00e2ches qui accomplit monts et merveilles comme transporter, dem\u00e9nager, tirer\u2026 . Imaginez les tonnes de choses que votre enfant peut faire avec ces jouets.<\/p>\n<p>Achetez et commandez en ligne ou d\u00e9couvrez ce jouet dans notre magasin \u00e0 Tunis, Tunisie<\/p>\n<p>Pour plus d&rsquo;informations contacter le site officiel <a href=\"https:\/\/matraxoyuncak.com\/fr\">Matrax<\/a><\/p>\n","protected":false},"excerpt":{"rendered":"<p>Petits camions de chantier de la marque Matrax. Age a partir de 3 ans. Dimensions 10x12x11cm. Le fabriquant Matrax produit aussi des jeux de r\u00f4le gar\u00e7on. Camion de qualit\u00e9 et solidit\u00e9 prouv\u00e9e! Jouet parfait comme cadeau! Donnez \u00e0 votre enfant l\u2019opportunit\u00e9 de d\u00e9couvrir et d\u2019apprendre \u00e0 manier les gros engins de chantier! Amusement garanti! Contient \u00e9galement un camion avec \u00e9chelle pour un amusement sans limite! Gr\u00e2ce \u00e0 ces jouets, votre enfant pourra mettre en place son propre chantier et jouer au chef de travaux \u00e0 l&rsquo;int\u00e9rieur comme \u00e0 l&rsquo;ext\u00e9rieur. Il pourra tirer des camions et objets gr\u00e2ce au camion remorque, remplir la benne de son camion pour aller renverser la terre \u00e0 un autre endroit, et utiliser le camion \u00e0 \u00e9chelle pour imaginer atteindre le haut d&rsquo;un immeuble! Avec ces camions de chantier de la marque Matrax laisser votre enfant donner plein de sens \u00e0 son imagination! L&rsquo;enfant sera ravi!<\/p>\n","protected":false},"featured_media":1690,"comment_status":"open","ping_status":"closed","template":"","meta":{"site-sidebar-layout":"default","site-content-layout":"default","ast-site-content-layout":"","site-content-style":"","site-sidebar-style":"","ast-global-header-display":"","ast-banner-title-visibility":"","ast-main-header-display":"","ast-hfb-above-header-display":"","ast-hfb-below-header-display":"","ast-hfb-mobile-header-display":"","site-post-title":"","ast-breadcrumbs-content":"","ast-featured-img":"","footer-sml-layout":"","theme-transparent-header-meta":"default","adv-header-id-meta":"","stick-header-meta":"default","header-above-stick-meta":"","header-main-stick-meta":"","header-below-stick-meta":"","astra-migrate-meta-layouts":"","ast-page-background-enabled":"default","ast-page-background-meta":{"desktop":{"background-color":"","background-image":"","background-repeat":"repeat","background-position":"center center","background-size":"auto","background-attachment":"scroll","background-type":"","background-media":"","overlay-type":"","overlay-color":"","overlay-gradient":""},"tablet":{"background-color":"","background-image":"","background-repeat":"repeat","background-position":"center center","background-size":"auto","background-attachment":"scroll","background-type":"","background-media":"","overlay-type":"","overlay-color":"","overlay-gradient":""},"mobile":{"background-color":"","background-image":"","background-repeat":"repeat","background-position":"center center","background-size":"auto","background-attachment":"scroll","background-type":"","background-media":"","overlay-type":"","overlay-color":"","overlay-gradient":""}},"ast-content-background-meta":{"desktop":{"background-color":"var(--ast-global-color-5)","background-image":"","background-repeat":"repeat","background-position":"center center","background-size":"auto","background-attachment":"scroll","background-type":"","background-media":"","overlay-type":"","overlay-color":"","overlay-gradient":""},"tablet":{"background-color":"var(--ast-global-color-5)","background-image":"","background-repeat":"repeat","background-position":"center center","background-size":"auto","background-attachment":"scroll","background-type":"","background-media":"","overlay-type":"","overlay-color":"","overlay-gradient":""},"mobile":{"background-color":"var(--ast-global-color-5)","background-image":"","background-repeat":"repeat","background-position":"center center","background-size":"auto","background-attachment":"scroll","background-type":"","background-media":"","overlay-type":"","overlay-color":"","overlay-gradient":""}}},"product_cat":[58,66],"product_tag":[31,68],"class_list":["post-1653","product","type-product","status-publish","has-post-thumbnail","hentry","product_cat-jeux-de-role-garcons","product_cat-matrax","product_tag-jouet","product_tag-matrax","desktop-align-left","tablet-align-left","mobile-align-left"],"_links":{"self":[{"href":"https:\/\/jouetentunisie.tn\/index.php\/wp-json\/wp\/v2\/product\/1653","targetHints":{"allow":["GET"]}}],"collection":[{"href":"https:\/\/jouetentunisie.tn\/index.php\/wp-json\/wp\/v2\/product"}],"about":[{"href":"https:\/\/jouetentunisie.tn\/index.php\/wp-json\/wp\/v2\/types\/product"}],"replies":[{"embeddable":true,"href":"https:\/\/jouetentunisie.tn\/index.php\/wp-json\/wp\/v2\/comments?post=1653"}],"wp:featuredmedia":[{"embeddable":true,"href":"https:\/\/jouetentunisie.tn\/index.php\/wp-json\/wp\/v2\/media\/1690"}],"wp:attachment":[{"href":"https:\/\/jouetentunisie.tn\/index.php\/wp-json\/wp\/v2\/media?parent=1653"}],"wp:term":[{"taxonomy":"product_cat","embeddable":true,"href":"https:\/\/jouetentunisie.tn\/index.php\/wp-json\/wp\/v2\/product_cat?post=1653"},{"taxonomy":"product_tag","embeddable":true,"href":"https:\/\/jouetentunisie.tn\/index.php\/wp-json\/wp\/v2\/product_tag?post=1653"}],"curies":[{"name":"wp","href":"https:\/\/api.w.org\/{rel}","templated":true}]}}