{"id":1695,"date":"2023-11-23T15:23:38","date_gmt":"2023-11-23T14:23:38","guid":{"rendered":"https:\/\/jouetentunisie.tn\/?post_type=product&#038;p=1695"},"modified":"2023-11-23T15:23:46","modified_gmt":"2023-11-23T14:23:46","slug":"tapis-puzzle-animaux-matrax","status":"publish","type":"product","link":"https:\/\/jouetentunisie.tn\/index.php\/produit\/tapis-puzzle-animaux-matrax\/","title":{"rendered":"Tapis Puzzle Animaux Matrax"},"content":{"rendered":"<h2>Tapis Puzzle Animaux Matrax<\/h2>\n<p>Tapis Puzzle Eva Les Animaux taille 33cm de la marque Matrax avec dessins ou motifs des animaux, \u00e9paisseur 2.5cm dimension 33cm x 33cm la pi\u00e8ce. Excellente qualit\u00e9 et plusieurs couleurs, contient 9pcs. Le fabriquant Matrax produit aussi des <a href=\"https:\/\/www.tipirate-store.tn\/categorie-produit\/jeux-de-role-garcons\/\">jeux de r\u00f4le gar\u00e7on<\/a>. Un tapis sans limite d&rsquo;\u00e2ge, d\u00e8s les premiers jours de la vie ! Fabriqu\u00e9 en mousse EVA originale de la plus haute qualit\u00e9. Possibilit\u00e9 de combiner plusieurs tapis &#8211; taille illimit\u00e9e ! Confortable &#8211; environ. 2.5 cm d&rsquo;\u00e9paisseur ! Facile \u00e0 nettoyer et imperm\u00e9able. Il est dot\u00e9 d&rsquo;une structure antid\u00e9rapante. Isolation du sol froid et excellent amortissant en cas de chute. Id\u00e9al pour une utilisation dans la chambre de l&rsquo;enfant, le salon, le balcon ou le jardin. Le tapis est facile \u00e0 nettoyer. Il n&rsquo;absorbe pas les liquides renvers\u00e9s. Il suffit d&rsquo;essuyer la surface avec un chiffon humide pour enlever toute salet\u00e9.\u00a0Cadeau parfait pour votre enfant!<\/p>\n<p>Dans la m\u00eame cat\u00e9gorie d\u00e9couvrez le <a href=\"https:\/\/www.tipirate-store.tn\/produit\/tapis-puzzle-fruits-matrax\/\">tapis puzzle fruits<\/a> ou autre chose <span style=\"font-size: 16px; font-style: normal; font-weight: 400;\">les <a href=\"https:\/\/www.tipirate-store.tn\/categorie-produit\/jeux-de-construction\/\">jeux de construction <\/a><\/span><span style=\"font-size: 16px;\">le <\/span><a style=\"font-size: 16px; background-color: #ffffff;\" href=\"https:\/\/www.tipirate-store.tn\/produit\/jeu-basket-extensible-dolu\/\">Panneau basket Dolu<\/a><span style=\"font-size: 16px;\">!<\/span><\/p>\n<p>Le Tapis Puzzle en mousse EVA de la marque Matrax est inodore, Peut \u00eatre utilis\u00e9 par les personnes souffrant d&rsquo;allergies.<\/p>\n<p>Pour plus d&rsquo;informations contacter le site officiel <a href=\"https:\/\/matraxoyuncak.com\/fr\">Matrax<\/a><\/p>\n","protected":false},"excerpt":{"rendered":"<p>Tapis Puzzle Eva Les Animaux taille 33cm de la marque Matrax avec dessins ou motifs des animaux, \u00e9paisseur 2.5cm dimension 33cm x 33cm la pi\u00e8ce. Excellente qualit\u00e9 et plusieurs couleurs, contient 9pcs. Le fabriquant Matrax produit aussi des jeux de r\u00f4le gar\u00e7on. Un tapis sans limite d&rsquo;\u00e2ge, d\u00e8s les premiers jours de la vie ! Fabriqu\u00e9 en mousse EVA originale de la plus haute qualit\u00e9. Possibilit\u00e9 de combiner plusieurs tapis &#8211; taille illimit\u00e9e ! Confortable &#8211; environ. 2.5 cm d&rsquo;\u00e9paisseur ! Facile \u00e0 nettoyer et imperm\u00e9able. Il est dot\u00e9 d&rsquo;une structure antid\u00e9rapante. Isolation du sol froid et excellent amortissant en cas de chute. Id\u00e9al pour une utilisation dans la chambre de l&rsquo;enfant, le salon, le balcon ou le jardin. Le tapis est facile \u00e0 nettoyer. Il n&rsquo;absorbe pas les liquides renvers\u00e9s. Il suffit d&rsquo;essuyer la surface avec un chiffon humide pour enlever toute salet\u00e9.<\/p>\n<p>Le Tapis Puzzle en mousse EVA Les animaux de taille 33cm de la marque Matrax est inodore, Peut \u00eatre utilis\u00e9 par les personnes souffrant d&rsquo;allergies.<\/p>\n","protected":false},"featured_media":1725,"comment_status":"open","ping_status":"closed","template":"","meta":{"site-sidebar-layout":"default","site-content-layout":"default","ast-site-content-layout":"","site-content-style":"","site-sidebar-style":"","ast-global-header-display":"","ast-banner-title-visibility":"","ast-main-header-display":"","ast-hfb-above-header-display":"","ast-hfb-below-header-display":"","ast-hfb-mobile-header-display":"","site-post-title":"","ast-breadcrumbs-content":"","ast-featured-img":"","footer-sml-layout":"","theme-transparent-header-meta":"default","adv-header-id-meta":"","stick-header-meta":"default","header-above-stick-meta":"","header-main-stick-meta":"","header-below-stick-meta":"","astra-migrate-meta-layouts":"","ast-page-background-enabled":"default","ast-page-background-meta":{"desktop":{"background-color":"","background-image":"","background-repeat":"repeat","background-position":"center center","background-size":"auto","background-attachment":"scroll","background-type":"","background-media":"","overlay-type":"","overlay-color":"","overlay-gradient":""},"tablet":{"background-color":"","background-image":"","background-repeat":"repeat","background-position":"center center","background-size":"auto","background-attachment":"scroll","background-type":"","background-media":"","overlay-type":"","overlay-color":"","overlay-gradient":""},"mobile":{"background-color":"","background-image":"","background-repeat":"repeat","background-position":"center center","background-size":"auto","background-attachment":"scroll","background-type":"","background-media":"","overlay-type":"","overlay-color":"","overlay-gradient":""}},"ast-content-background-meta":{"desktop":{"background-color":"var(--ast-global-color-5)","background-image":"","background-repeat":"repeat","background-position":"center center","background-size":"auto","background-attachment":"scroll","background-type":"","background-media":"","overlay-type":"","overlay-color":"","overlay-gradient":""},"tablet":{"background-color":"var(--ast-global-color-5)","background-image":"","background-repeat":"repeat","background-position":"center center","background-size":"auto","background-attachment":"scroll","background-type":"","background-media":"","overlay-type":"","overlay-color":"","overlay-gradient":""},"mobile":{"background-color":"var(--ast-global-color-5)","background-image":"","background-repeat":"repeat","background-position":"center center","background-size":"auto","background-attachment":"scroll","background-type":"","background-media":"","overlay-type":"","overlay-color":"","overlay-gradient":""}}},"product_cat":[66,40,51],"product_tag":[68,53],"class_list":["post-1695","product","type-product","status-publish","has-post-thumbnail","hentry","product_cat-matrax","product_cat-promo","product_cat-securite-et-confort-bebe","product_tag-matrax","product_tag-securite-bebe","desktop-align-left","tablet-align-left","mobile-align-left"],"_links":{"self":[{"href":"https:\/\/jouetentunisie.tn\/index.php\/wp-json\/wp\/v2\/product\/1695","targetHints":{"allow":["GET"]}}],"collection":[{"href":"https:\/\/jouetentunisie.tn\/index.php\/wp-json\/wp\/v2\/product"}],"about":[{"href":"https:\/\/jouetentunisie.tn\/index.php\/wp-json\/wp\/v2\/types\/product"}],"replies":[{"embeddable":true,"href":"https:\/\/jouetentunisie.tn\/index.php\/wp-json\/wp\/v2\/comments?post=1695"}],"wp:featuredmedia":[{"embeddable":true,"href":"https:\/\/jouetentunisie.tn\/index.php\/wp-json\/wp\/v2\/media\/1725"}],"wp:attachment":[{"href":"https:\/\/jouetentunisie.tn\/index.php\/wp-json\/wp\/v2\/media?parent=1695"}],"wp:term":[{"taxonomy":"product_cat","embeddable":true,"href":"https:\/\/jouetentunisie.tn\/index.php\/wp-json\/wp\/v2\/product_cat?post=1695"},{"taxonomy":"product_tag","embeddable":true,"href":"https:\/\/jouetentunisie.tn\/index.php\/wp-json\/wp\/v2\/product_tag?post=1695"}],"curies":[{"name":"wp","href":"https:\/\/api.w.org\/{rel}","templated":true}]}}