{"id":1702,"date":"2023-11-23T15:23:40","date_gmt":"2023-11-23T14:23:40","guid":{"rendered":"https:\/\/jouetentunisie.tn\/?post_type=product&#038;p=1702"},"modified":"2023-11-23T15:23:50","modified_gmt":"2023-11-23T14:23:50","slug":"grand-babyfoot-matrax","status":"publish","type":"product","link":"https:\/\/jouetentunisie.tn\/index.php\/produit\/grand-babyfoot-matrax\/","title":{"rendered":"Grand BabyFoot Matrax"},"content":{"rendered":"<h2>Grand BabyFoot Matrax<\/h2>\n<p>Grand BabyFoot \u00e0 pieds en bois de la marque Matrax. Le fabriquant Matrax produit \u00e9galement des jouets <a href=\"https:\/\/www.tipirate-store.tn\/categorie-produit\/jeux-de-role-garcons\/\">jeux de r\u00f4le gar\u00e7on<\/a>. Ce Babyfoot en bois de qualit\u00e9 parfaite est un excellent cadeau pour divertir grands et petits! Deviens le meilleur buteur du championnat en marquant le plus de points contre ton adversaire ! Mini Babyfoot en bois avec 4 rang\u00e9es de joueurs (11 joueurs au total) et 3 balles en bois pour les enfants d\u00e8s 3 ans. Pratique : les filets des cages sont en plastique, pour pouvoir r\u00e9cup\u00e9rer plus facilement les balles. Sa taille permet de l&#8217;emporter partout et de jouer sur une table \u00e0 l&rsquo;int\u00e9rieur, comme \u00e0 l&rsquo;ext\u00e9rieur ! Age 3 ans. Le Grand BabyFoot \u00e0 pieds en bois de la marque Matrax poss\u00e8de des Dimensions assembl\u00e9 de 68x93x59cm. Cadeau parfait pour votre enfant!<\/p>\n<p>Dans la m\u00eame cat\u00e9gorie d\u00e9couvrez les <a href=\"https:\/\/www.tipirate-store.tn\/produit\/jeu-flexy-129pcs-matrax\/\">jeux flexy<\/a> ou le <a href=\"https:\/\/www.tipirate-store.tn\/produit\/babyfoot-super-star-matrax\/\">babyfoot super star<\/a> et pour le m\u00eame \u00e2ge les <a href=\"https:\/\/www.tipirate-store.tn\/categorie-produit\/jeux-de-construction-petite-taille\/\">petits jeux de construction<\/a>!<\/p>\n<p>Acheter ce jouet babyfoot en magasin ou en ligne!<\/p>\n<p>Pour plus d&rsquo;informations contacter le site officiel <a href=\"https:\/\/matraxoyuncak.com\/fr\">Matrax<\/a><\/p>\n<p>&nbsp;<\/p>\n","protected":false},"excerpt":{"rendered":"<p>Grand BabyFoot \u00e0 pieds en bois de la marque Matrax. Le fabriquant Matrax produit \u00e9galement des jouets jeux de r\u00f4le gar\u00e7on. Ce Babyfoot en bois de qualit\u00e9 parfaite est un excellent cadeau pour divertir grands et petits! Deviens le meilleur buteur du championnat en marquant le plus de points contre ton adversaire ! Mini Babyfoot en bois avec 4 rang\u00e9es de joueurs (11 joueurs au total) et 3 balles en bois pour les enfants d\u00e8s 3 ans. Pratique : les filets des cages sont en plastique, pour pouvoir r\u00e9cup\u00e9rer plus facilement les balles. Sa taille permet de l&#8217;emporter partout et de jouer sur une table \u00e0 l&rsquo;int\u00e9rieur, comme \u00e0 l&rsquo;ext\u00e9rieur ! Age 3 ans. Le Grand BabyFoot \u00e0 pieds en bois de la marque Matrax poss\u00e8de des Dimensions assembl\u00e9 de 68x93x59cm<\/p>\n","protected":false},"featured_media":1732,"comment_status":"open","ping_status":"closed","template":"","meta":{"site-sidebar-layout":"default","site-content-layout":"default","ast-site-content-layout":"","site-content-style":"","site-sidebar-style":"","ast-global-header-display":"","ast-banner-title-visibility":"","ast-main-header-display":"","ast-hfb-above-header-display":"","ast-hfb-below-header-display":"","ast-hfb-mobile-header-display":"","site-post-title":"","ast-breadcrumbs-content":"","ast-featured-img":"","footer-sml-layout":"","theme-transparent-header-meta":"default","adv-header-id-meta":"","stick-header-meta":"default","header-above-stick-meta":"","header-main-stick-meta":"","header-below-stick-meta":"","astra-migrate-meta-layouts":"","ast-page-background-enabled":"default","ast-page-background-meta":{"desktop":{"background-color":"","background-image":"","background-repeat":"repeat","background-position":"center center","background-size":"auto","background-attachment":"scroll","background-type":"","background-media":"","overlay-type":"","overlay-color":"","overlay-gradient":""},"tablet":{"background-color":"","background-image":"","background-repeat":"repeat","background-position":"center center","background-size":"auto","background-attachment":"scroll","background-type":"","background-media":"","overlay-type":"","overlay-color":"","overlay-gradient":""},"mobile":{"background-color":"","background-image":"","background-repeat":"repeat","background-position":"center center","background-size":"auto","background-attachment":"scroll","background-type":"","background-media":"","overlay-type":"","overlay-color":"","overlay-gradient":""}},"ast-content-background-meta":{"desktop":{"background-color":"var(--ast-global-color-5)","background-image":"","background-repeat":"repeat","background-position":"center center","background-size":"auto","background-attachment":"scroll","background-type":"","background-media":"","overlay-type":"","overlay-color":"","overlay-gradient":""},"tablet":{"background-color":"var(--ast-global-color-5)","background-image":"","background-repeat":"repeat","background-position":"center center","background-size":"auto","background-attachment":"scroll","background-type":"","background-media":"","overlay-type":"","overlay-color":"","overlay-gradient":""},"mobile":{"background-color":"var(--ast-global-color-5)","background-image":"","background-repeat":"repeat","background-position":"center center","background-size":"auto","background-attachment":"scroll","background-type":"","background-media":"","overlay-type":"","overlay-color":"","overlay-gradient":""}}},"product_cat":[58,66,40],"product_tag":[69,31,68],"class_list":["post-1702","product","type-product","status-publish","has-post-thumbnail","hentry","product_cat-jeux-de-role-garcons","product_cat-matrax","product_cat-promo","product_tag-jeu-de-babyfoot","product_tag-jouet","product_tag-matrax","product_shipping_class-articles-tres-volumineux","desktop-align-left","tablet-align-left","mobile-align-left"],"_links":{"self":[{"href":"https:\/\/jouetentunisie.tn\/index.php\/wp-json\/wp\/v2\/product\/1702","targetHints":{"allow":["GET"]}}],"collection":[{"href":"https:\/\/jouetentunisie.tn\/index.php\/wp-json\/wp\/v2\/product"}],"about":[{"href":"https:\/\/jouetentunisie.tn\/index.php\/wp-json\/wp\/v2\/types\/product"}],"replies":[{"embeddable":true,"href":"https:\/\/jouetentunisie.tn\/index.php\/wp-json\/wp\/v2\/comments?post=1702"}],"wp:featuredmedia":[{"embeddable":true,"href":"https:\/\/jouetentunisie.tn\/index.php\/wp-json\/wp\/v2\/media\/1732"}],"wp:attachment":[{"href":"https:\/\/jouetentunisie.tn\/index.php\/wp-json\/wp\/v2\/media?parent=1702"}],"wp:term":[{"taxonomy":"product_cat","embeddable":true,"href":"https:\/\/jouetentunisie.tn\/index.php\/wp-json\/wp\/v2\/product_cat?post=1702"},{"taxonomy":"product_tag","embeddable":true,"href":"https:\/\/jouetentunisie.tn\/index.php\/wp-json\/wp\/v2\/product_tag?post=1702"}],"curies":[{"name":"wp","href":"https:\/\/api.w.org\/{rel}","templated":true}]}}