{"id":1706,"date":"2023-11-23T15:23:41","date_gmt":"2023-11-23T14:23:41","guid":{"rendered":"https:\/\/jouetentunisie.tn\/?post_type=product&#038;p=1706"},"modified":"2023-11-23T15:23:52","modified_gmt":"2023-11-23T14:23:52","slug":"raquettes-et-filet-ping-pong-matrax","status":"publish","type":"product","link":"https:\/\/jouetentunisie.tn\/index.php\/produit\/raquettes-et-filet-ping-pong-matrax\/","title":{"rendered":"Raquettes et filet Ping-Pong Matrax"},"content":{"rendered":"<p>Deux Raquettes et un filet de Ping-Pong avec balles de la marque Matrax.\u00a0 En outre, Matrax fabrique aussi des jouets pour <a href=\"https:\/\/www.tipirate-store.tn\/categorie-produit\/jeux-de-role-garcons\/\">jeux de r\u00f4les gar\u00e7ons<\/a>. A partir de 3 ans. Standard haute qualit\u00e9. <span class=\"a-list-item\">Un filet, une paire de raquettes, trois balles de tennis de table. Convient aux amateurs de tennis de table \u00e0 transporter. <\/span><span class=\"a-list-item\">Facile \u00e0 installer: Vous n&rsquo;avez besoin que d&rsquo;une table, placez le filet au milieu de la table et retirez-le, les montants du filet sont \u00e9quip\u00e9s d&rsquo;\u00e9taux en plastique pour non seulement tenir fermement pour assurer la stabilit\u00e9, mais aussi faciles \u00e0 d\u00e9monter et \u00e0 installer. <\/span><\/p>\n<p><span class=\"a-list-item\">Ce jeu convient parfaitement aux amateurs de tennis de table, mais \u00e9galement aux amateurs de sports de plein air. Il convient \u00e9galement \u00e0 des joueurs de tennis de table professionnels; et m\u00eame pour un sports de divertissement en famille. <\/span><span class=\"a-list-item\">Int\u00e9rieur et ext\u00e9rieur : Jouez sur la table \u00e0 manger ou au bureau; cliquez et maintenez le poteau pour s&rsquo;adapter facilement \u00e0 une table \u00e0 manger de 2 pouces d&rsquo;\u00e9paisseur. Aucun tennis de table requis! Il suffit d&rsquo;une simple table pour jouer au tennis de table. Avec les Raquettes et filet de Ping-Pong de la marque Matrax, V<\/span><span class=\"a-list-item\">ous pouvez jouer au tennis de table \u00e0 tout moment, n&rsquo;importe o\u00f9; Ce jouet est le cadeau parfait pour les jeunes gar\u00e7ons et filles.<\/span><\/p>\n<p>Pour plus d&rsquo;informations visiter le site officiel de <a href=\"https:\/\/matraxoyuncak.com\/en\/\">Matrax<\/a><\/p>\n","protected":false},"excerpt":{"rendered":"<p>2 Raquettes et filet de Ping-Pong avec balles de la marque Matrax, qui produit aussi des jouets pour jeux de r\u00f4les gar\u00e7ons. A partir de 3 ans. Standard haute qualit\u00e9. Un filet, une paire de raquettes, trois balles de tennis de table. Convient aux amateurs de tennis de table \u00e0 transporter. Facile \u00e0 installer: Vous n&rsquo;avez besoin que d&rsquo;une table, placez le filet au milieu de la table et retirez-le, les montants du filet sont \u00e9quip\u00e9s d&rsquo;\u00e9taux en plastique pour non seulement tenir fermement pour assurer la stabilit\u00e9, mais aussi faciles \u00e0 d\u00e9monter et \u00e0 installer. Convient aux amateurs de tennis de table, amateurs de sports de plein air, joueurs de tennis de table professionnels; sports de divertissement en famille. Int\u00e9rieur et ext\u00e9rieur : Jouez sur la table \u00e0 manger ou au bureau; cliquez et maintenez le poteau pour s&rsquo;adapter facilement \u00e0 une table \u00e0 manger de 2 pouces d&rsquo;\u00e9paisseur. Aucun tennis de table requis! Il suffit d&rsquo;une simple table pour jouer au tennis de table. Vous pouvez jouer au tennis de table \u00e0 tout moment, n&rsquo;importe o\u00f9; Ce jouet est le cadeau parfait pour les jeunes gar\u00e7ons et filles.<\/p>\n","protected":false},"featured_media":1739,"comment_status":"open","ping_status":"closed","template":"","meta":{"site-sidebar-layout":"default","site-content-layout":"default","ast-site-content-layout":"","site-content-style":"","site-sidebar-style":"","ast-global-header-display":"","ast-banner-title-visibility":"","ast-main-header-display":"","ast-hfb-above-header-display":"","ast-hfb-below-header-display":"","ast-hfb-mobile-header-display":"","site-post-title":"","ast-breadcrumbs-content":"","ast-featured-img":"","footer-sml-layout":"","theme-transparent-header-meta":"default","adv-header-id-meta":"","stick-header-meta":"default","header-above-stick-meta":"","header-main-stick-meta":"","header-below-stick-meta":"","astra-migrate-meta-layouts":"","ast-page-background-enabled":"default","ast-page-background-meta":{"desktop":{"background-color":"","background-image":"","background-repeat":"repeat","background-position":"center center","background-size":"auto","background-attachment":"scroll","background-type":"","background-media":"","overlay-type":"","overlay-color":"","overlay-gradient":""},"tablet":{"background-color":"","background-image":"","background-repeat":"repeat","background-position":"center center","background-size":"auto","background-attachment":"scroll","background-type":"","background-media":"","overlay-type":"","overlay-color":"","overlay-gradient":""},"mobile":{"background-color":"","background-image":"","background-repeat":"repeat","background-position":"center center","background-size":"auto","background-attachment":"scroll","background-type":"","background-media":"","overlay-type":"","overlay-color":"","overlay-gradient":""}},"ast-content-background-meta":{"desktop":{"background-color":"var(--ast-global-color-5)","background-image":"","background-repeat":"repeat","background-position":"center center","background-size":"auto","background-attachment":"scroll","background-type":"","background-media":"","overlay-type":"","overlay-color":"","overlay-gradient":""},"tablet":{"background-color":"var(--ast-global-color-5)","background-image":"","background-repeat":"repeat","background-position":"center center","background-size":"auto","background-attachment":"scroll","background-type":"","background-media":"","overlay-type":"","overlay-color":"","overlay-gradient":""},"mobile":{"background-color":"var(--ast-global-color-5)","background-image":"","background-repeat":"repeat","background-position":"center center","background-size":"auto","background-attachment":"scroll","background-type":"","background-media":"","overlay-type":"","overlay-color":"","overlay-gradient":""}}},"product_cat":[58,66,40],"product_tag":[31,68],"class_list":["post-1706","product","type-product","status-publish","has-post-thumbnail","hentry","product_cat-jeux-de-role-garcons","product_cat-matrax","product_cat-promo","product_tag-jouet","product_tag-matrax","desktop-align-left","tablet-align-left","mobile-align-left"],"_links":{"self":[{"href":"https:\/\/jouetentunisie.tn\/index.php\/wp-json\/wp\/v2\/product\/1706","targetHints":{"allow":["GET"]}}],"collection":[{"href":"https:\/\/jouetentunisie.tn\/index.php\/wp-json\/wp\/v2\/product"}],"about":[{"href":"https:\/\/jouetentunisie.tn\/index.php\/wp-json\/wp\/v2\/types\/product"}],"replies":[{"embeddable":true,"href":"https:\/\/jouetentunisie.tn\/index.php\/wp-json\/wp\/v2\/comments?post=1706"}],"wp:featuredmedia":[{"embeddable":true,"href":"https:\/\/jouetentunisie.tn\/index.php\/wp-json\/wp\/v2\/media\/1739"}],"wp:attachment":[{"href":"https:\/\/jouetentunisie.tn\/index.php\/wp-json\/wp\/v2\/media?parent=1706"}],"wp:term":[{"taxonomy":"product_cat","embeddable":true,"href":"https:\/\/jouetentunisie.tn\/index.php\/wp-json\/wp\/v2\/product_cat?post=1706"},{"taxonomy":"product_tag","embeddable":true,"href":"https:\/\/jouetentunisie.tn\/index.php\/wp-json\/wp\/v2\/product_tag?post=1706"}],"curies":[{"name":"wp","href":"https:\/\/api.w.org\/{rel}","templated":true}]}}