{"id":1708,"date":"2023-11-23T15:23:41","date_gmt":"2023-11-23T14:23:41","guid":{"rendered":"https:\/\/jouetentunisie.tn\/?post_type=product&#038;p=1708"},"modified":"2023-11-23T15:23:53","modified_gmt":"2023-11-23T14:23:53","slug":"cuisiniere-matrax","status":"publish","type":"product","link":"https:\/\/jouetentunisie.tn\/index.php\/produit\/cuisiniere-matrax\/","title":{"rendered":"Cuisini\u00e8re Matrax"},"content":{"rendered":"<h2>Cuisini\u00e8re Matrax<\/h2>\n<p>Petite Cuisini\u00e8re avec accessoires de la marque Matrax qui propose aussi de jouets pour <a href=\"https:\/\/www.tipirate-store.tn\/categorie-produit\/jeux-de-role-filles\/\">jeux de role filles<\/a>. Age a partir de 3 ans. <span class=\"Y2IQFc\" lang=\"fr\">Cette cuisini\u00e8re parce qu&rsquo;elle contient de petites pi\u00e8ces, convient aux enfants de 3 ans et plus, car il permet aux enfants de profiter des ustensiles de cuisine et du four. D\u00e9veloppe l&rsquo;entraide et la participation des enfants. D\u00e9veloppe l&rsquo;habitude des enfants de ranger leurs affaires. Elle a un look \u00e9l\u00e9gant et un design ergonomique. Comme dans tous nos autres produits, ce produit est \u00e9galement fabriqu\u00e9 avec des mati\u00e8res premi\u00e8res et des peintures adapt\u00e9es \u00e0 la sant\u00e9 de l&rsquo;enfant. Dans la m\u00eame cat\u00e9gorie <a href=\"https:\/\/www.tipirate-store.tn\/produit\/cuisiniere-avec-accessoires-matrax\/\">cuisini\u00e8re matrax avec accessoires<\/a> et <a href=\"https:\/\/www.tipirate-store.tn\/produit\/cuisine-unicorn-dolu\/\">cuisini\u00e8re Dolu<\/a><\/span><\/p>\n<p id=\"tw-target-text\" class=\"tw-data-text tw-text-large tw-ta\" dir=\"ltr\" data-placeholder=\"Traduction\"><span class=\"Y2IQFc\" lang=\"fr\">La Petite Cuisini\u00e8re Matrax arrive avec ses beaux accessoires. Les enfants vont adorer avec cet ensemble de cuisine jouet, un four et une louche 3 pi\u00e8ces. Les jouets pour la maison, les ustensiles de cuisine et les accessoires sont appr\u00e9ci\u00e9s des filles. L&rsquo;ensemble de cuisine jouet sera \u00e9galement un excellent cadeau pour les petites dames. La porte inf\u00e9rieure du four de cette cuisine peut \u00eatre ouverte et ferm\u00e9e. <\/span><\/p>\n<p>Dimension Cuisine 27 x 16 x 28,5 cm.<\/p>\n<p>Pour plus d&rsquo;informations visiter le site officiel <a href=\"https:\/\/matraxoyuncak.com\/en\/\">Matrax<\/a><\/p>\n","protected":false},"excerpt":{"rendered":"<p>Petite Cuisini\u00e8re avec accessoires de la marque Matrax qui propose aussi de jouets pour jeux de role filles. Age a partir de 3 ans. Cette cuisini\u00e8re parce qu&rsquo;elle contient de petites pi\u00e8ces, convient aux enfants de 3 ans et plus, car il permet aux enfants de profiter des ustensiles de cuisine et du four. D\u00e9veloppe l&rsquo;entraide et la participation des enfants. D\u00e9veloppe l&rsquo;habitude des enfants de ranger leurs affaires. Elle a un look \u00e9l\u00e9gant et un design ergonomique. Comme dans tous nos autres produits, ce produit est \u00e9galement fabriqu\u00e9 avec des mati\u00e8res premi\u00e8res et des peintures adapt\u00e9es \u00e0 la sant\u00e9 de l&rsquo;enfant.<\/p>\n<p>La Petite Cuisini\u00e8re Matrax arrive avec ses beaux accessoires. Les enfants vont adorer avec cet ensemble de cuisine jouet, un four et une louche 3 pi\u00e8ces. Les jouets pour la maison, les ustensiles de cuisine et les accessoires sont appr\u00e9ci\u00e9s des filles. L&rsquo;ensemble de cuisine jouet sera \u00e9galement un excellent cadeau pour les petites dames. La porte inf\u00e9rieure du four de cette cuisine peut \u00eatre ouverte et ferm\u00e9e.<\/p>\n<p>Dimension Cuisine 27 x 16 x 28,5 cm.<\/p>\n","protected":false},"featured_media":1741,"comment_status":"open","ping_status":"closed","template":"","meta":{"site-sidebar-layout":"default","site-content-layout":"default","ast-site-content-layout":"","site-content-style":"","site-sidebar-style":"","ast-global-header-display":"","ast-banner-title-visibility":"","ast-main-header-display":"","ast-hfb-above-header-display":"","ast-hfb-below-header-display":"","ast-hfb-mobile-header-display":"","site-post-title":"","ast-breadcrumbs-content":"","ast-featured-img":"","footer-sml-layout":"","theme-transparent-header-meta":"default","adv-header-id-meta":"","stick-header-meta":"default","header-above-stick-meta":"","header-main-stick-meta":"","header-below-stick-meta":"","astra-migrate-meta-layouts":"","ast-page-background-enabled":"default","ast-page-background-meta":{"desktop":{"background-color":"","background-image":"","background-repeat":"repeat","background-position":"center center","background-size":"auto","background-attachment":"scroll","background-type":"","background-media":"","overlay-type":"","overlay-color":"","overlay-gradient":""},"tablet":{"background-color":"","background-image":"","background-repeat":"repeat","background-position":"center center","background-size":"auto","background-attachment":"scroll","background-type":"","background-media":"","overlay-type":"","overlay-color":"","overlay-gradient":""},"mobile":{"background-color":"","background-image":"","background-repeat":"repeat","background-position":"center center","background-size":"auto","background-attachment":"scroll","background-type":"","background-media":"","overlay-type":"","overlay-color":"","overlay-gradient":""}},"ast-content-background-meta":{"desktop":{"background-color":"var(--ast-global-color-5)","background-image":"","background-repeat":"repeat","background-position":"center center","background-size":"auto","background-attachment":"scroll","background-type":"","background-media":"","overlay-type":"","overlay-color":"","overlay-gradient":""},"tablet":{"background-color":"var(--ast-global-color-5)","background-image":"","background-repeat":"repeat","background-position":"center center","background-size":"auto","background-attachment":"scroll","background-type":"","background-media":"","overlay-type":"","overlay-color":"","overlay-gradient":""},"mobile":{"background-color":"var(--ast-global-color-5)","background-image":"","background-repeat":"repeat","background-position":"center center","background-size":"auto","background-attachment":"scroll","background-type":"","background-media":"","overlay-type":"","overlay-color":"","overlay-gradient":""}}},"product_cat":[56,66],"product_tag":[31,68],"class_list":["post-1708","product","type-product","status-publish","has-post-thumbnail","hentry","product_cat-jeux-de-role-filles","product_cat-matrax","product_tag-jouet","product_tag-matrax","desktop-align-left","tablet-align-left","mobile-align-left"],"_links":{"self":[{"href":"https:\/\/jouetentunisie.tn\/index.php\/wp-json\/wp\/v2\/product\/1708","targetHints":{"allow":["GET"]}}],"collection":[{"href":"https:\/\/jouetentunisie.tn\/index.php\/wp-json\/wp\/v2\/product"}],"about":[{"href":"https:\/\/jouetentunisie.tn\/index.php\/wp-json\/wp\/v2\/types\/product"}],"replies":[{"embeddable":true,"href":"https:\/\/jouetentunisie.tn\/index.php\/wp-json\/wp\/v2\/comments?post=1708"}],"wp:featuredmedia":[{"embeddable":true,"href":"https:\/\/jouetentunisie.tn\/index.php\/wp-json\/wp\/v2\/media\/1741"}],"wp:attachment":[{"href":"https:\/\/jouetentunisie.tn\/index.php\/wp-json\/wp\/v2\/media?parent=1708"}],"wp:term":[{"taxonomy":"product_cat","embeddable":true,"href":"https:\/\/jouetentunisie.tn\/index.php\/wp-json\/wp\/v2\/product_cat?post=1708"},{"taxonomy":"product_tag","embeddable":true,"href":"https:\/\/jouetentunisie.tn\/index.php\/wp-json\/wp\/v2\/product_tag?post=1708"}],"curies":[{"name":"wp","href":"https:\/\/api.w.org\/{rel}","templated":true}]}}