{"id":1709,"date":"2023-11-23T15:23:41","date_gmt":"2023-11-23T14:23:41","guid":{"rendered":"https:\/\/jouetentunisie.tn\/?post_type=product&#038;p=1709"},"modified":"2023-11-23T15:23:54","modified_gmt":"2023-11-23T14:23:54","slug":"toboggan-junior-dolu","status":"publish","type":"product","link":"https:\/\/jouetentunisie.tn\/index.php\/produit\/toboggan-junior-dolu\/","title":{"rendered":"Toboggan Junior Dolu"},"content":{"rendered":"<h2>Le Toboggan Junior de la marque Dolu<\/h2>\n<p>Le Toboggan Junior de la marque Dolu pr\u00e9sente 3 marches est un jouet \u00e0 utiliser a partir de 3 ans. Dolu est une marque de renomm\u00e9e internationale. Le toboggan Dolu Junior est un excellent toboggan et fait partie des<a href=\"https:\/\/www.tipirate-store.tn\/categorie-produit\/toboggans-et-exterieur\/\"> toboggans et ext\u00e9rieurs<\/a>. Il est facile \u00e0 assembler et s&rsquo;utilise pour tout espace ext\u00e9rieur ou int\u00e9rieur. Aide \u00e0 promouvoir la forme physique, l&rsquo;\u00e9quilibre et la coordination de votre tout-petit. Le toboggan a \u00e9t\u00e9 con\u00e7u pour une grande stabilit\u00e9 pour les jeunes enfants, et les marches disposent de poign\u00e9es int\u00e9gr\u00e9es pour que votre enfant puisse grimper tout en offrant soutien et s\u00e9curit\u00e9. Les rampes se clipsent et la glissi\u00e8re se d\u00e9monte pour un rangement facile. Dimensions 90 x 135 x 60,5 cm. dans la m\u00eame cat\u00e9gorie le <a href=\"https:\/\/www.tipirate-store.tn\/produit\/mon-1er-toboggan-dolu\/\">1er toboggan<\/a>! ou le <a href=\"https:\/\/www.tipirate-store.tn\/produit\/toboggan-option-eau-dolu\/\">toboggan \u00e0 eau<\/a> ou le <a href=\"https:\/\/www.tipirate-store.tn\/produit\/toboggan-unicorn-pliable-dolu\/\">toboggan unicorn<\/a> !<\/p>\n<p>Ce jouet toboggan rendra vos enfants tout heureux et fera un excellent cadeau! Il leur permettra de profiter de l&rsquo;ext\u00e9rieur et de jouer tranquillement<\/p>\n<p><span style=\"font-size: 16px; font-style: normal; font-weight: 400;\">Achetez et commandez en ligne ou d\u00e9couvrez ce jouet dans notre magasin \u00e0 Tunis, Tunisie.<\/span><span style=\"font-size: 16px; font-style: normal; font-weight: 400;\">\u00a0<\/span><\/p>\n<p>Pour plus d&rsquo;informations visiter le site officiel <a href=\"https:\/\/www.dolu.com.tr\/en\/\">Dolu<\/a><\/p>\n","protected":false},"excerpt":{"rendered":"<p>Le Toboggan Junior de la marque Dolu pr\u00e9sente 3 marches est un jouet \u00e0 utiliser a partir de 3 ans. Dolu est une marque de renomm\u00e9e internationale. Le toboggan Dolu Junior est un excellent toboggan et fait partie des toboggans et ext\u00e9rieurs. Il est facile \u00e0 assembler et s&rsquo;utilise pour tout espace ext\u00e9rieur ou int\u00e9rieur. Aide \u00e0 promouvoir la forme physique, l&rsquo;\u00e9quilibre et la coordination de votre tout-petit. Le toboggan a \u00e9t\u00e9 con\u00e7u pour une grande stabilit\u00e9 pour les jeunes enfants, et les marches disposent de poign\u00e9es int\u00e9gr\u00e9es pour que votre enfant puisse grimper tout en offrant soutien et s\u00e9curit\u00e9. Les rampes se clipsent et la glissi\u00e8re se d\u00e9monte pour un rangement facile. Dimensions 90 x 135 x 60,5 cm.<\/p>\n","protected":false},"featured_media":1742,"comment_status":"open","ping_status":"closed","template":"","meta":{"site-sidebar-layout":"default","site-content-layout":"default","ast-site-content-layout":"","site-content-style":"","site-sidebar-style":"","ast-global-header-display":"","ast-banner-title-visibility":"","ast-main-header-display":"","ast-hfb-above-header-display":"","ast-hfb-below-header-display":"","ast-hfb-mobile-header-display":"","site-post-title":"","ast-breadcrumbs-content":"","ast-featured-img":"","footer-sml-layout":"","theme-transparent-header-meta":"default","adv-header-id-meta":"","stick-header-meta":"default","header-above-stick-meta":"","header-main-stick-meta":"","header-below-stick-meta":"","astra-migrate-meta-layouts":"","ast-page-background-enabled":"default","ast-page-background-meta":{"desktop":{"background-color":"","background-image":"","background-repeat":"repeat","background-position":"center center","background-size":"auto","background-attachment":"scroll","background-type":"","background-media":"","overlay-type":"","overlay-color":"","overlay-gradient":""},"tablet":{"background-color":"","background-image":"","background-repeat":"repeat","background-position":"center center","background-size":"auto","background-attachment":"scroll","background-type":"","background-media":"","overlay-type":"","overlay-color":"","overlay-gradient":""},"mobile":{"background-color":"","background-image":"","background-repeat":"repeat","background-position":"center center","background-size":"auto","background-attachment":"scroll","background-type":"","background-media":"","overlay-type":"","overlay-color":"","overlay-gradient":""}},"ast-content-background-meta":{"desktop":{"background-color":"var(--ast-global-color-5)","background-image":"","background-repeat":"repeat","background-position":"center center","background-size":"auto","background-attachment":"scroll","background-type":"","background-media":"","overlay-type":"","overlay-color":"","overlay-gradient":""},"tablet":{"background-color":"var(--ast-global-color-5)","background-image":"","background-repeat":"repeat","background-position":"center center","background-size":"auto","background-attachment":"scroll","background-type":"","background-media":"","overlay-type":"","overlay-color":"","overlay-gradient":""},"mobile":{"background-color":"var(--ast-global-color-5)","background-image":"","background-repeat":"repeat","background-position":"center center","background-size":"auto","background-attachment":"scroll","background-type":"","background-media":"","overlay-type":"","overlay-color":"","overlay-gradient":""}}},"product_cat":[27,40,62],"product_tag":[29,63],"class_list":["post-1709","product","type-product","status-publish","has-post-thumbnail","hentry","product_cat-dolu","product_cat-promo","product_cat-toboggans-et-exterieur","product_tag-dolu","product_tag-toboggans","product_shipping_class-articles-tres-volumineux","desktop-align-left","tablet-align-left","mobile-align-left"],"_links":{"self":[{"href":"https:\/\/jouetentunisie.tn\/index.php\/wp-json\/wp\/v2\/product\/1709","targetHints":{"allow":["GET"]}}],"collection":[{"href":"https:\/\/jouetentunisie.tn\/index.php\/wp-json\/wp\/v2\/product"}],"about":[{"href":"https:\/\/jouetentunisie.tn\/index.php\/wp-json\/wp\/v2\/types\/product"}],"replies":[{"embeddable":true,"href":"https:\/\/jouetentunisie.tn\/index.php\/wp-json\/wp\/v2\/comments?post=1709"}],"wp:featuredmedia":[{"embeddable":true,"href":"https:\/\/jouetentunisie.tn\/index.php\/wp-json\/wp\/v2\/media\/1742"}],"wp:attachment":[{"href":"https:\/\/jouetentunisie.tn\/index.php\/wp-json\/wp\/v2\/media?parent=1709"}],"wp:term":[{"taxonomy":"product_cat","embeddable":true,"href":"https:\/\/jouetentunisie.tn\/index.php\/wp-json\/wp\/v2\/product_cat?post=1709"},{"taxonomy":"product_tag","embeddable":true,"href":"https:\/\/jouetentunisie.tn\/index.php\/wp-json\/wp\/v2\/product_tag?post=1709"}],"curies":[{"name":"wp","href":"https:\/\/api.w.org\/{rel}","templated":true}]}}