{"id":1712,"date":"2023-11-23T15:23:42","date_gmt":"2023-11-23T14:23:42","guid":{"rendered":"https:\/\/jouetentunisie.tn\/?post_type=product&#038;p=1712"},"modified":"2023-11-23T15:23:56","modified_gmt":"2023-11-23T14:23:56","slug":"mon-1er-toboggan-dolu","status":"publish","type":"product","link":"https:\/\/jouetentunisie.tn\/index.php\/produit\/mon-1er-toboggan-dolu\/","title":{"rendered":"Mon 1er Toboggan Dolu"},"content":{"rendered":"<h2><span class=\"a-list-item\">Mon 1er Toboggan Dolu<\/span><\/h2>\n<p><span class=\"a-list-item\">Mon 1er Toboggan est facile \u00e0 assembler et facile \u00e0 ranger, marque <a href=\"https:\/\/www.tipirate-store.tn\/categorie-produit\/dolu\/\">Dolu<\/a>. <\/span><span class=\"a-list-item\">Sp\u00e9cialement con\u00e7u pour plus de stabilit\u00e9 et solidit\u00e9. <\/span><span class=\"a-list-item\">Peut \u00eatre utilis\u00e9 pour l&rsquo;int\u00e9rieur ou \u00e0 l&rsquo;ext\u00e9rieur, <\/span><span class=\"a-list-item\">dimensions 70 cm x 117.5 cm x 48.5 cm. A<\/span><span class=\"a-list-item\">ge \u00e0 partir de 24 mois. Le toboggan incite les enfants \u00e0 bouger et les encourage \u00e0 avoir une vie active, en les \u00e9loignant des smartphones, tablettes et ordinateurs. Combattre le s\u00e9dentarisme et l\u00b4ob\u00e9sit\u00e9 chez les enfants. Sur un toboggan, l\u2019enfant grimpe, s\u2019assoit et glisse\u2026 autant de mouvements qui font travailler sa coordination et son \u00e9quilibre. Il monte ses mains et ses pieds en alternance, utilise sa force pour arriver en haut, trouve une solution pour s\u2019asseoir, glisse en gardant son \u00e9quilibre et ma\u00eetrise sa r\u00e9ception en bas ! Tout un programme pour un enfant ! D\u00e9couvrez aussi les <a href=\"https:\/\/www.tipirate-store.tn\/produit\/toboggan-junior-dolu\/\">toboggans Junior<\/a>, les <a href=\"https:\/\/www.tipirate-store.tn\/produit\/toboggan-option-eau-dolu\/\">toboggans \u00e0 eau<\/a> ou le <a href=\"https:\/\/www.tipirate-store.tn\/produit\/toboggan-unicorn-pliable-dolu\/\">toboggan unicorn<\/a>!<\/span><\/p>\n<p>Pour plus d&rsquo;informations visiter le site officiel <a href=\"https:\/\/www.dolu.com.tr\/en\/\">Dolu<\/a><\/p>\n","protected":false},"excerpt":{"rendered":"<p><span class=\"a-list-item\">Mon 1er Toboggan est facile \u00e0 assembler et facile \u00e0 ranger, marque <a href=\"https:\/\/www.tipirate-store.tn\/categorie-produit\/dolu\/\">Dolu<\/a>. <\/span><span class=\"a-list-item\">Sp\u00e9cialement con\u00e7u pour plus de stabilit\u00e9 et solidit\u00e9. <\/span><span class=\"a-list-item\">Peut \u00eatre utilis\u00e9 pour l&rsquo;int\u00e9rieur ou \u00e0 l&rsquo;ext\u00e9rieur, <\/span><span class=\"a-list-item\">dimensions 70 cm x 117.5 cm x 48.5 cm. A<\/span><span class=\"a-list-item\">ge \u00e0 partir de 24 mois. Le toboggan incite les enfants \u00e0 bouger et les encourage \u00e0 avoir une vie active, en les \u00e9loignant des smartphones, tablettes et ordinateurs. Combattre le s\u00e9dentarisme et l\u00b4ob\u00e9sit\u00e9 chez les enfants. Sur un toboggan, l\u2019enfant grimpe, s\u2019assoit et glisse\u2026 autant de mouvements qui font travailler sa coordination et son \u00e9quilibre. Il monte ses mains et ses pieds en alternance, utilise sa force pour arriver en haut, trouve une solution pour s\u2019asseoir, glisse en gardant son \u00e9quilibre et ma\u00eetrise sa r\u00e9ception en bas ! Tout un programme pour un enfant !<\/span><\/p>\n","protected":false},"featured_media":1745,"comment_status":"open","ping_status":"closed","template":"","meta":{"site-sidebar-layout":"default","site-content-layout":"default","ast-site-content-layout":"","site-content-style":"","site-sidebar-style":"","ast-global-header-display":"","ast-banner-title-visibility":"","ast-main-header-display":"","ast-hfb-above-header-display":"","ast-hfb-below-header-display":"","ast-hfb-mobile-header-display":"","site-post-title":"","ast-breadcrumbs-content":"","ast-featured-img":"","footer-sml-layout":"","theme-transparent-header-meta":"default","adv-header-id-meta":"","stick-header-meta":"default","header-above-stick-meta":"","header-main-stick-meta":"","header-below-stick-meta":"","astra-migrate-meta-layouts":"","ast-page-background-enabled":"default","ast-page-background-meta":{"desktop":{"background-color":"","background-image":"","background-repeat":"repeat","background-position":"center center","background-size":"auto","background-attachment":"scroll","background-type":"","background-media":"","overlay-type":"","overlay-color":"","overlay-gradient":""},"tablet":{"background-color":"","background-image":"","background-repeat":"repeat","background-position":"center center","background-size":"auto","background-attachment":"scroll","background-type":"","background-media":"","overlay-type":"","overlay-color":"","overlay-gradient":""},"mobile":{"background-color":"","background-image":"","background-repeat":"repeat","background-position":"center center","background-size":"auto","background-attachment":"scroll","background-type":"","background-media":"","overlay-type":"","overlay-color":"","overlay-gradient":""}},"ast-content-background-meta":{"desktop":{"background-color":"var(--ast-global-color-5)","background-image":"","background-repeat":"repeat","background-position":"center center","background-size":"auto","background-attachment":"scroll","background-type":"","background-media":"","overlay-type":"","overlay-color":"","overlay-gradient":""},"tablet":{"background-color":"var(--ast-global-color-5)","background-image":"","background-repeat":"repeat","background-position":"center center","background-size":"auto","background-attachment":"scroll","background-type":"","background-media":"","overlay-type":"","overlay-color":"","overlay-gradient":""},"mobile":{"background-color":"var(--ast-global-color-5)","background-image":"","background-repeat":"repeat","background-position":"center center","background-size":"auto","background-attachment":"scroll","background-type":"","background-media":"","overlay-type":"","overlay-color":"","overlay-gradient":""}}},"product_cat":[27,40,62],"product_tag":[29,63],"class_list":["post-1712","product","type-product","status-publish","has-post-thumbnail","hentry","product_cat-dolu","product_cat-promo","product_cat-toboggans-et-exterieur","product_tag-dolu","product_tag-toboggans","product_shipping_class-articles-tres-volumineux","desktop-align-left","tablet-align-left","mobile-align-left"],"_links":{"self":[{"href":"https:\/\/jouetentunisie.tn\/index.php\/wp-json\/wp\/v2\/product\/1712","targetHints":{"allow":["GET"]}}],"collection":[{"href":"https:\/\/jouetentunisie.tn\/index.php\/wp-json\/wp\/v2\/product"}],"about":[{"href":"https:\/\/jouetentunisie.tn\/index.php\/wp-json\/wp\/v2\/types\/product"}],"replies":[{"embeddable":true,"href":"https:\/\/jouetentunisie.tn\/index.php\/wp-json\/wp\/v2\/comments?post=1712"}],"wp:featuredmedia":[{"embeddable":true,"href":"https:\/\/jouetentunisie.tn\/index.php\/wp-json\/wp\/v2\/media\/1745"}],"wp:attachment":[{"href":"https:\/\/jouetentunisie.tn\/index.php\/wp-json\/wp\/v2\/media?parent=1712"}],"wp:term":[{"taxonomy":"product_cat","embeddable":true,"href":"https:\/\/jouetentunisie.tn\/index.php\/wp-json\/wp\/v2\/product_cat?post=1712"},{"taxonomy":"product_tag","embeddable":true,"href":"https:\/\/jouetentunisie.tn\/index.php\/wp-json\/wp\/v2\/product_tag?post=1712"}],"curies":[{"name":"wp","href":"https:\/\/api.w.org\/{rel}","templated":true}]}}