{"id":1713,"date":"2023-11-23T15:23:42","date_gmt":"2023-11-23T14:23:42","guid":{"rendered":"https:\/\/jouetentunisie.tn\/?post_type=product&#038;p=1713"},"modified":"2023-11-23T15:23:56","modified_gmt":"2023-11-23T14:23:56","slug":"projecteur-starlino-reer","status":"publish","type":"product","link":"https:\/\/jouetentunisie.tn\/index.php\/produit\/projecteur-starlino-reer\/","title":{"rendered":"Projecteur Starlino REER"},"content":{"rendered":"<h2><span class=\"a-list-item\">Projecteur de lumi\u00e8re \u00e9toil\u00e9e Starlino marque REER<\/span><\/h2>\n<p><span class=\"a-list-item\">Projecteur de lumi\u00e8re \u00e9toil\u00e9e Starlino marque <a href=\"https:\/\/www.tipirate-store.tn\/categorie-produit\/reer\/\">REER<\/a>: pour cr\u00e9er un ciel \u00e9toil\u00e9 color\u00e9 dans la chambre de votre enfant. <\/span><span class=\"a-list-item\">Veilleuse: lumi\u00e8re de nuit color\u00e9e ou blanche et douce avec fonction de ciel \u00e9toil\u00e9. <\/span><span class=\"a-list-item\">Trois niveaux de luminosit\u00e9 au choix font de la veilleuse une superbe aide \u00e0 l&rsquo;endormissement. <\/span><span class=\"a-list-item\">Veilleuse Led moderne: \u00e9conome en \u00e9nergie et durable. <\/span><span class=\"a-list-item\">Minuterie int\u00e9gr\u00e9e: 30 minutes. Id\u00e9al comme cadeau de naissance! Cette veilleuse LED est une n\u00e9cessit\u00e9 pour les nouvelles mamans et leur b\u00e9b\u00e9. Dans la m\u00eame cat\u00e9gorie la <a href=\"https:\/\/www.tipirate-store.tn\/produit\/veilleuse-led-reer\/\">veilleuse lune<\/a> et <a href=\"https:\/\/www.tipirate-store.tn\/produit\/veilleuse-led-sensible-reer\/\">LED sensible<\/a>!<\/span><\/p>\n<p><span style=\"font-size: 16px; font-style: normal; font-weight: 400;\">Achetez et commandez en ligne ou d\u00e9couvrez cette veilleuse ou des jouets dans notre magasin \u00e0 Tunis, Tunisie.<\/span><span style=\"font-size: 16px; font-style: normal; font-weight: 400;\">\u00a0<\/span><\/p>\n<p>Pour plus d&rsquo;informations visiter le site officiel <a href=\"https:\/\/www.reer.de\/en\">REER<\/a><\/p>\n","protected":false},"excerpt":{"rendered":"<p>Projecteur de lumi\u00e8re \u00e9toil\u00e9e Starlino marque REER: pour cr\u00e9er un ciel \u00e9toil\u00e9 color\u00e9 dans la chambre de votre enfant. Veilleuse: lumi\u00e8re de nuit color\u00e9e ou blanche et douce avec fonction de ciel \u00e9toil\u00e9. Trois niveaux de luminosit\u00e9 au choix font de la veilleuse une superbe aide \u00e0 l&rsquo;endormissement. Veilleuse Led moderne: \u00e9conome en \u00e9nergie et durable. Minuterie int\u00e9gr\u00e9e: 30 minutes.<\/p>\n","protected":false},"featured_media":1746,"comment_status":"open","ping_status":"closed","template":"","meta":{"site-sidebar-layout":"default","site-content-layout":"default","ast-site-content-layout":"","site-content-style":"","site-sidebar-style":"","ast-global-header-display":"","ast-banner-title-visibility":"","ast-main-header-display":"","ast-hfb-above-header-display":"","ast-hfb-below-header-display":"","ast-hfb-mobile-header-display":"","site-post-title":"","ast-breadcrumbs-content":"","ast-featured-img":"","footer-sml-layout":"","theme-transparent-header-meta":"default","adv-header-id-meta":"","stick-header-meta":"default","header-above-stick-meta":"","header-main-stick-meta":"","header-below-stick-meta":"","astra-migrate-meta-layouts":"","ast-page-background-enabled":"default","ast-page-background-meta":{"desktop":{"background-color":"","background-image":"","background-repeat":"repeat","background-position":"center center","background-size":"auto","background-attachment":"scroll","background-type":"","background-media":"","overlay-type":"","overlay-color":"","overlay-gradient":""},"tablet":{"background-color":"","background-image":"","background-repeat":"repeat","background-position":"center center","background-size":"auto","background-attachment":"scroll","background-type":"","background-media":"","overlay-type":"","overlay-color":"","overlay-gradient":""},"mobile":{"background-color":"","background-image":"","background-repeat":"repeat","background-position":"center center","background-size":"auto","background-attachment":"scroll","background-type":"","background-media":"","overlay-type":"","overlay-color":"","overlay-gradient":""}},"ast-content-background-meta":{"desktop":{"background-color":"var(--ast-global-color-5)","background-image":"","background-repeat":"repeat","background-position":"center center","background-size":"auto","background-attachment":"scroll","background-type":"","background-media":"","overlay-type":"","overlay-color":"","overlay-gradient":""},"tablet":{"background-color":"var(--ast-global-color-5)","background-image":"","background-repeat":"repeat","background-position":"center center","background-size":"auto","background-attachment":"scroll","background-type":"","background-media":"","overlay-type":"","overlay-color":"","overlay-gradient":""},"mobile":{"background-color":"var(--ast-global-color-5)","background-image":"","background-repeat":"repeat","background-position":"center center","background-size":"auto","background-attachment":"scroll","background-type":"","background-media":"","overlay-type":"","overlay-color":"","overlay-gradient":""}}},"product_cat":[40,44,51],"product_tag":[47,52,53],"class_list":["post-1713","product","type-product","status-publish","has-post-thumbnail","hentry","product_cat-promo","product_cat-reer","product_cat-securite-et-confort-bebe","product_tag-reer","product_tag-securite","product_tag-securite-bebe","desktop-align-left","tablet-align-left","mobile-align-left"],"_links":{"self":[{"href":"https:\/\/jouetentunisie.tn\/index.php\/wp-json\/wp\/v2\/product\/1713","targetHints":{"allow":["GET"]}}],"collection":[{"href":"https:\/\/jouetentunisie.tn\/index.php\/wp-json\/wp\/v2\/product"}],"about":[{"href":"https:\/\/jouetentunisie.tn\/index.php\/wp-json\/wp\/v2\/types\/product"}],"replies":[{"embeddable":true,"href":"https:\/\/jouetentunisie.tn\/index.php\/wp-json\/wp\/v2\/comments?post=1713"}],"wp:featuredmedia":[{"embeddable":true,"href":"https:\/\/jouetentunisie.tn\/index.php\/wp-json\/wp\/v2\/media\/1746"}],"wp:attachment":[{"href":"https:\/\/jouetentunisie.tn\/index.php\/wp-json\/wp\/v2\/media?parent=1713"}],"wp:term":[{"taxonomy":"product_cat","embeddable":true,"href":"https:\/\/jouetentunisie.tn\/index.php\/wp-json\/wp\/v2\/product_cat?post=1713"},{"taxonomy":"product_tag","embeddable":true,"href":"https:\/\/jouetentunisie.tn\/index.php\/wp-json\/wp\/v2\/product_tag?post=1713"}],"curies":[{"name":"wp","href":"https:\/\/api.w.org\/{rel}","templated":true}]}}