{"id":1714,"date":"2023-11-23T15:23:42","date_gmt":"2023-11-23T14:23:42","guid":{"rendered":"https:\/\/jouetentunisie.tn\/?post_type=product&#038;p=1714"},"modified":"2023-11-23T15:23:57","modified_gmt":"2023-11-23T14:23:57","slug":"grande-maisonnette-dolu","status":"publish","type":"product","link":"https:\/\/jouetentunisie.tn\/index.php\/produit\/grande-maisonnette-dolu\/","title":{"rendered":"Grande Maisonnette Dolu"},"content":{"rendered":"<h2>Grande Maisonnette marque Dolu<\/h2>\n<p>Grande Maisonnette couleur rouge et bleue avec fen\u00eatres et porte ouvrantes marque <a href=\"https:\/\/www.tipirate-store.tn\/categorie-produit\/dolu\/\">Dolu<\/a>. La marque Dolu propose plusieurs mod\u00e8les de maison d&rsquo;ext\u00e9rieur. Id\u00e9ale pour jouer \u00e0 l&rsquo;ext\u00e9rieur. Dimensions 106cm x 100cm x 100cm. A partir de 2 ans.\u00a0 Jeux d&rsquo;ext\u00e9rieur, jeux de r\u00f4le ou de mim\u00e9tisme, la cabane permet aux enfants de se cr\u00e9er des aventures, des histoires et de jouer des personnages dans un univers qui leur est enti\u00e8rement d\u00e9di\u00e9. Ils d\u00e9veloppent ainsi leur cr\u00e9ativit\u00e9 et leur imagination de fa\u00e7on tr\u00e8s ludique. Elle s\u2019int\u00e8gre et se monte facilement et permet de cr\u00e9er un lieu propice au d\u00e9veloppement de l\u2019imagination de vos enfants.<\/p>\n<p>La grande maisonnette de Dolu est un jouet qui fera ravir tous les enfant et leur procurera beaucoup de joie! C\u2019est un jeu d\u2019ext\u00e9rieur ludique et amusant permettant le jeu en communaut\u00e9 et favorisant donc le d\u00e9veloppement de comportements tels que le partage et le relationnel. Cette maisonnette poss\u00e8de une porte avec sonnerie et des fen\u00eatres. Il existe aussi une sortie pour les petits animaux domestique tels les chats! Ne n\u00e9cessite pas d&rsquo;entretien et est facilement nettoyable.<\/p>\n<p><span style=\"font-size: 16px; font-style: normal; font-weight: 400;\">Achetez et commandez en ligne ou d\u00e9couvrez ce jouet dans notre magasin \u00e0 Tunis, Tunisie.<\/span><span style=\"font-size: 16px; font-style: normal; font-weight: 400;\">\u00a0<\/span><\/p>\n<p>Pour plus d&rsquo;informations visiter le site officiel <a href=\"https:\/\/www.dolu.com.tr\/en\/\">Dolu<\/a><\/p>\n","protected":false},"excerpt":{"rendered":"<p>Grande Maisonnette couleur rouge et bleue avec fen\u00eatres et porte ouvrantes marque Dolu. La marque Dolu propose plusieurs mod\u00e8les de maison d&rsquo;ext\u00e9rieur. Id\u00e9ale pour jouer \u00e0 l&rsquo;ext\u00e9rieur. Dimensions 106cm x 100cm x 100cm. A partir de 2 ans.\u00a0 Jeux d&rsquo;ext\u00e9rieur, jeux de r\u00f4le ou de mim\u00e9tisme, la cabane permet aux enfants de se cr\u00e9er des aventures, des histoires et de jouer des personnages dans un univers qui leur est enti\u00e8rement d\u00e9di\u00e9. Ils d\u00e9veloppent ainsi leur cr\u00e9ativit\u00e9 et leur imagination de fa\u00e7on tr\u00e8s ludique. Elle s\u2019int\u00e8gre et se monte facilement et permet de cr\u00e9er un lieu propice au d\u00e9veloppement de l\u2019imagination de vos enfants.<\/p>\n<p>La grande maisonnette de Dolu est un jouet qui fera ravir tous les enfant et leur procurera beaucoup de joie! C\u2019est un jeu d\u2019ext\u00e9rieur ludique et amusant permettant le jeu en communaut\u00e9 et favorisant donc le d\u00e9veloppement de comportements tels que le partage et le relationnel. Cette maisonnette poss\u00e8de une porte avec sonnerie et des fen\u00eatres. Il existe aussi une sortie pour les petits animaux domestique tels les chats! Ne n\u00e9cessite pas d&rsquo;entretien et est facilement nettoyable.<\/p>\n","protected":false},"featured_media":1748,"comment_status":"open","ping_status":"closed","template":"","meta":{"site-sidebar-layout":"default","site-content-layout":"default","ast-site-content-layout":"","site-content-style":"","site-sidebar-style":"","ast-global-header-display":"","ast-banner-title-visibility":"","ast-main-header-display":"","ast-hfb-above-header-display":"","ast-hfb-below-header-display":"","ast-hfb-mobile-header-display":"","site-post-title":"","ast-breadcrumbs-content":"","ast-featured-img":"","footer-sml-layout":"","theme-transparent-header-meta":"default","adv-header-id-meta":"","stick-header-meta":"default","header-above-stick-meta":"","header-main-stick-meta":"","header-below-stick-meta":"","astra-migrate-meta-layouts":"","ast-page-background-enabled":"default","ast-page-background-meta":{"desktop":{"background-color":"","background-image":"","background-repeat":"repeat","background-position":"center center","background-size":"auto","background-attachment":"scroll","background-type":"","background-media":"","overlay-type":"","overlay-color":"","overlay-gradient":""},"tablet":{"background-color":"","background-image":"","background-repeat":"repeat","background-position":"center center","background-size":"auto","background-attachment":"scroll","background-type":"","background-media":"","overlay-type":"","overlay-color":"","overlay-gradient":""},"mobile":{"background-color":"","background-image":"","background-repeat":"repeat","background-position":"center center","background-size":"auto","background-attachment":"scroll","background-type":"","background-media":"","overlay-type":"","overlay-color":"","overlay-gradient":""}},"ast-content-background-meta":{"desktop":{"background-color":"var(--ast-global-color-5)","background-image":"","background-repeat":"repeat","background-position":"center center","background-size":"auto","background-attachment":"scroll","background-type":"","background-media":"","overlay-type":"","overlay-color":"","overlay-gradient":""},"tablet":{"background-color":"var(--ast-global-color-5)","background-image":"","background-repeat":"repeat","background-position":"center center","background-size":"auto","background-attachment":"scroll","background-type":"","background-media":"","overlay-type":"","overlay-color":"","overlay-gradient":""},"mobile":{"background-color":"var(--ast-global-color-5)","background-image":"","background-repeat":"repeat","background-position":"center center","background-size":"auto","background-attachment":"scroll","background-type":"","background-media":"","overlay-type":"","overlay-color":"","overlay-gradient":""}}},"product_cat":[27,62],"product_tag":[29,31],"class_list":["post-1714","product","type-product","status-publish","has-post-thumbnail","hentry","product_cat-dolu","product_cat-toboggans-et-exterieur","product_tag-dolu","product_tag-jouet","product_shipping_class-articles-tres-volumineux","desktop-align-left","tablet-align-left","mobile-align-left"],"_links":{"self":[{"href":"https:\/\/jouetentunisie.tn\/index.php\/wp-json\/wp\/v2\/product\/1714","targetHints":{"allow":["GET"]}}],"collection":[{"href":"https:\/\/jouetentunisie.tn\/index.php\/wp-json\/wp\/v2\/product"}],"about":[{"href":"https:\/\/jouetentunisie.tn\/index.php\/wp-json\/wp\/v2\/types\/product"}],"replies":[{"embeddable":true,"href":"https:\/\/jouetentunisie.tn\/index.php\/wp-json\/wp\/v2\/comments?post=1714"}],"wp:featuredmedia":[{"embeddable":true,"href":"https:\/\/jouetentunisie.tn\/index.php\/wp-json\/wp\/v2\/media\/1748"}],"wp:attachment":[{"href":"https:\/\/jouetentunisie.tn\/index.php\/wp-json\/wp\/v2\/media?parent=1714"}],"wp:term":[{"taxonomy":"product_cat","embeddable":true,"href":"https:\/\/jouetentunisie.tn\/index.php\/wp-json\/wp\/v2\/product_cat?post=1714"},{"taxonomy":"product_tag","embeddable":true,"href":"https:\/\/jouetentunisie.tn\/index.php\/wp-json\/wp\/v2\/product_tag?post=1714"}],"curies":[{"name":"wp","href":"https:\/\/api.w.org\/{rel}","templated":true}]}}