{"id":1721,"date":"2023-11-23T15:23:44","date_gmt":"2023-11-23T14:23:44","guid":{"rendered":"https:\/\/jouetentunisie.tn\/?post_type=product&#038;p=1721"},"modified":"2023-11-23T15:24:02","modified_gmt":"2023-11-23T14:24:02","slug":"camion-pompier-dolu","status":"publish","type":"product","link":"https:\/\/jouetentunisie.tn\/index.php\/produit\/camion-pompier-dolu\/","title":{"rendered":"Camion Pompier Dolu"},"content":{"rendered":"<h2>Le Camion pompier marque Dolu<\/h2>\n<p>Le Camion pompier marque <a href=\"https:\/\/www.tipirate-store.tn\/categorie-produit\/dolu\/\">Dolu<\/a>, avec \u00e9chelle et pompe \u00e0 eau qui fonctionne manuellement. Dimensions: 24,5 X 38 X 19 cm Age 18 mois et plus. <span class=\"a-list-item\">Les jouets de camion de pompiers sont d&rsquo;excellents cadeau pour les enfants celui ci poss\u00e8de une \u00e9chelle rotative de sauvetage extensible! Les enfants vont pouvoir s&rsquo;imaginer \u00e0 la rescousse pour sauver la situation et se voir en h\u00e9ro!\u00a0 Ce jouets de camion est tr\u00e8s durable pour une utilisation int\u00e9rieure et ext\u00e9rieure, y compris les pelouses,les jardin d&rsquo;enfants et partout ailleurs, la qualit\u00e9 de son plastique est exceptionnelles! Ce jouet va D\u00e9velopper la capacit\u00e9 de manipulation, la motricit\u00e9, l&rsquo;esprit vif, la sym\u00e9trie et la cr\u00e9ativit\u00e9 de l&rsquo;enfant tout en jouant. <\/span><\/p>\n<p><span class=\"a-list-item\">Excellent Cadeau pour Enfants de 18 mois et m\u00eame plus. Le jouet de camion de pompier Dolu est un cadeau parfait pour les anniversaires et autres occasions de cadeaux. Les gar\u00e7ons qui aiment les camions jouets seront divertis pendant des heures, satisfaction Garantie! <span style=\"font-size: 16px;\"> Vous verrez \u00e0 quel point votre petit tr\u00e9sor sera heureux de recevoir ce jouet! En effet, il a bien raison, puisqu\u2019il s\u2019agit d\u2019un jouet multit\u00e2che!\u00a0<\/span><\/span><\/p>\n<p><span style=\"font-size: 16px; font-style: normal; font-weight: 400;\">Achetez et commandez en ligne ou d\u00e9couvrez ce jouet dans notre magasin \u00e0 Tunis, Tunisie.<\/span><span style=\"font-size: 16px; font-style: normal; font-weight: 400;\">\u00a0<\/span><\/p>\n<p>Pour plus d &lsquo;info. Visiter le site officiel <a href=\"https:\/\/www.dolu.com.tr\/en\/\">Dolu<\/a>.<\/p>\n","protected":false},"excerpt":{"rendered":"<p>Le Camion pompier marque Dolu, avec \u00e9chelle et pompe \u00e0 eau qui fonctionne manuellement. Dimensions: 24,5 X 38 X 19 cm Age 18 mois et plus. Les jouets de camion de pompiers sont d&rsquo;excellents cadeau pour les enfants celui ci poss\u00e8de une \u00e9chelle rotative de sauvetage extensible! Les enfants vont pouvoir s&rsquo;imaginer \u00e0 la rescousse pour sauver la situation et se voir en h\u00e9ro!\u00a0 Ce jouets de camion est tr\u00e8s durable pour une utilisation int\u00e9rieure et ext\u00e9rieure, y compris les pelouses,les jardin d&rsquo;enfants et partout ailleurs, la qualit\u00e9 de son plastique est exceptionnelles! Ce jouet va D\u00e9velopper la capacit\u00e9 de manipulation, la motricit\u00e9, l&rsquo;esprit vif, la sym\u00e9trie et la cr\u00e9ativit\u00e9 de l&rsquo;enfant tout en jouant.<\/p>\n<p>Excellent Cadeau pour Enfants de 18 mois et m\u00eame plus. Le jouet de camion de pompier Dolu est un cadeau parfait pour les anniversaires et autres occasions de cadeaux. Les gar\u00e7ons qui aiment les camions jouets seront divertis pendant des heures, satisfaction Garantie! Vous verrez \u00e0 quel point votre petit tr\u00e9sor sera heureux de recevoir ce jouet! En effet, il a bien raison, puisqu\u2019il s\u2019agit d\u2019un jouet multit\u00e2che!<\/p>\n","protected":false},"featured_media":1757,"comment_status":"open","ping_status":"closed","template":"","meta":{"site-sidebar-layout":"default","site-content-layout":"default","ast-site-content-layout":"","site-content-style":"","site-sidebar-style":"","ast-global-header-display":"","ast-banner-title-visibility":"","ast-main-header-display":"","ast-hfb-above-header-display":"","ast-hfb-below-header-display":"","ast-hfb-mobile-header-display":"","site-post-title":"","ast-breadcrumbs-content":"","ast-featured-img":"","footer-sml-layout":"","theme-transparent-header-meta":"default","adv-header-id-meta":"","stick-header-meta":"default","header-above-stick-meta":"","header-main-stick-meta":"","header-below-stick-meta":"","astra-migrate-meta-layouts":"","ast-page-background-enabled":"default","ast-page-background-meta":{"desktop":{"background-color":"","background-image":"","background-repeat":"repeat","background-position":"center center","background-size":"auto","background-attachment":"scroll","background-type":"","background-media":"","overlay-type":"","overlay-color":"","overlay-gradient":""},"tablet":{"background-color":"","background-image":"","background-repeat":"repeat","background-position":"center center","background-size":"auto","background-attachment":"scroll","background-type":"","background-media":"","overlay-type":"","overlay-color":"","overlay-gradient":""},"mobile":{"background-color":"","background-image":"","background-repeat":"repeat","background-position":"center center","background-size":"auto","background-attachment":"scroll","background-type":"","background-media":"","overlay-type":"","overlay-color":"","overlay-gradient":""}},"ast-content-background-meta":{"desktop":{"background-color":"var(--ast-global-color-5)","background-image":"","background-repeat":"repeat","background-position":"center center","background-size":"auto","background-attachment":"scroll","background-type":"","background-media":"","overlay-type":"","overlay-color":"","overlay-gradient":""},"tablet":{"background-color":"var(--ast-global-color-5)","background-image":"","background-repeat":"repeat","background-position":"center center","background-size":"auto","background-attachment":"scroll","background-type":"","background-media":"","overlay-type":"","overlay-color":"","overlay-gradient":""},"mobile":{"background-color":"var(--ast-global-color-5)","background-image":"","background-repeat":"repeat","background-position":"center center","background-size":"auto","background-attachment":"scroll","background-type":"","background-media":"","overlay-type":"","overlay-color":"","overlay-gradient":""}}},"product_cat":[27,58],"product_tag":[29,31],"class_list":["post-1721","product","type-product","status-publish","has-post-thumbnail","hentry","product_cat-dolu","product_cat-jeux-de-role-garcons","product_tag-dolu","product_tag-jouet","desktop-align-left","tablet-align-left","mobile-align-left"],"_links":{"self":[{"href":"https:\/\/jouetentunisie.tn\/index.php\/wp-json\/wp\/v2\/product\/1721","targetHints":{"allow":["GET"]}}],"collection":[{"href":"https:\/\/jouetentunisie.tn\/index.php\/wp-json\/wp\/v2\/product"}],"about":[{"href":"https:\/\/jouetentunisie.tn\/index.php\/wp-json\/wp\/v2\/types\/product"}],"replies":[{"embeddable":true,"href":"https:\/\/jouetentunisie.tn\/index.php\/wp-json\/wp\/v2\/comments?post=1721"}],"wp:featuredmedia":[{"embeddable":true,"href":"https:\/\/jouetentunisie.tn\/index.php\/wp-json\/wp\/v2\/media\/1757"}],"wp:attachment":[{"href":"https:\/\/jouetentunisie.tn\/index.php\/wp-json\/wp\/v2\/media?parent=1721"}],"wp:term":[{"taxonomy":"product_cat","embeddable":true,"href":"https:\/\/jouetentunisie.tn\/index.php\/wp-json\/wp\/v2\/product_cat?post=1721"},{"taxonomy":"product_tag","embeddable":true,"href":"https:\/\/jouetentunisie.tn\/index.php\/wp-json\/wp\/v2\/product_tag?post=1721"}],"curies":[{"name":"wp","href":"https:\/\/api.w.org\/{rel}","templated":true}]}}