{"id":1759,"date":"2023-11-23T15:24:03","date_gmt":"2023-11-23T14:24:03","guid":{"rendered":"https:\/\/jouetentunisie.tn\/?post_type=product&#038;p=1759"},"modified":"2023-11-23T15:24:10","modified_gmt":"2023-11-23T14:24:10","slug":"camion-municipalite-dolu","status":"publish","type":"product","link":"https:\/\/jouetentunisie.tn\/index.php\/produit\/camion-municipalite-dolu\/","title":{"rendered":"Camion Municipalit\u00e9 Dolu"},"content":{"rendered":"<h2>Camion Municipalit\u00e9 Dolu<\/h2>\n<p>Camion Municipalit\u00e9 jouet marque <a href=\"https:\/\/www.tipirate-store.tn\/categorie-produit\/dolu\/\">Dolu<\/a>, avec porte et accessoires fonctionne manuellement. Dimensions 19x43x22 cm. Age 18 mois et plus.\u00a0 Parcourez la ville avec le camion municipal Dolu et ses accessoires. Le Camion municipale poss\u00e8de une plateforme basculante et et une benne \u00e0 ramassage. Le v\u00e9hicule est livr\u00e9 avec diff\u00e9rents accessoires afin d&rsquo;agr\u00e9menter le jeu. Votre enfant va stimuler son imagination en inventant diff\u00e9rents sc\u00e9narios et taches diff\u00e9rentes. Robuste ce camion Municipalit\u00e9 Dolu peut s&rsquo;utiliser \u00e0 l&rsquo;ext\u00e9rieur comme \u00e0 l&rsquo;int\u00e9rieur. En outre,\u00a0 La benne arri\u00e8re s&rsquo;attache au camion et peut se soulever gr\u00e2ce au m\u00e9canisme du camion tout comme la r\u00e9alit\u00e9! Dans la m\u00eame cat\u00e9gorie le camion <a href=\"https:\/\/www.tipirate-store.tn\/produit\/camion-pick-up-dolu\/\">pick-up<\/a> et le <a href=\"https:\/\/www.tipirate-store.tn\/produit\/camion-a-benne-dolu\/\">camion \u00e0 benne<\/a><\/p>\n<p><span style=\"font-size: 16px;\">D&rsquo;ailleurs, le camion de marque Dolu est un cadeau parfait et fera ravir tous les gar\u00e7ons. Les camions sont des engins qui, curieusement, fascinent les enfants, notamment les petits gar\u00e7ons et surtout celui ci est livr\u00e9 avec plusieurs accessoires et poss\u00e8de une solidit\u00e9 confirm\u00e9e! Vous verrez \u00e0 quel point votre petit tr\u00e9sor sera heureux de recevoir ce jouet! En effet, il a bien raison, puisqu\u2019il s\u2019agit d\u2019un jouet multit\u00e2che! Sa couleur vive et la qualit\u00e9 de son plastique font de cet article un magnifique cadeau !<\/span><\/p>\n<p><span style=\"font-size: 16px; font-style: normal; font-weight: 400;\">Achetez et commandez en ligne ou d\u00e9couvrez ce jouet dans notre magasin \u00e0 Tunis, Tunisie.<\/span><span style=\"font-size: 16px; font-style: normal; font-weight: 400;\">\u00a0<\/span><\/p>\n<p>Pour plus d &lsquo;info. Visiter le site officiel <a href=\"https:\/\/www.dolu.com.tr\/en\/\">Dolu<\/a>.<\/p>\n","protected":false},"excerpt":{"rendered":"<p>Camion Municipalit\u00e9 jouet marque Dolu, avec porte et accessoires fonctionne manuellement. Dimensions 19x43x22 cm. Age 18 mois et plus.\u00a0 Parcourez la ville avec le\u00a0camion municipal Dolu et ses accessoires. Le Camion municipale possede une\u00a0plateforme basculante et et une benne \u00e0 ramassage. Le\u00a0v\u00e9hicule\u00a0est livr\u00e9 avec diff\u00e9rents\u00a0accessoires afin d&rsquo;agr\u00e9menter le jeu. Votre enfant va stimuler son\u00a0imagination\u00a0en inventant diff\u00e9rents sc\u00e9narios et taches diff\u00e9rentes. Robuste ce\u00a0camion\u00a0Municipalit\u00e9 Dolu peut s&rsquo;utiliser \u00e0 l&rsquo;ext\u00e9rieur comme \u00e0 l&rsquo;int\u00e9rieur.<\/p>\n<p>Le camion Municipalit\u00e9 de marque Dolu est un cadeau parfait et fera ravir tous les gar\u00e7ons. Les camions sont des engins qui, curieusement, fascinent les enfants, notamment les petits gar\u00e7ons et surtout celui ci est livr\u00e9 avec plusieurs accessoires et poss\u00e8de une solidit\u00e9 confirm\u00e9e! Vous verrez \u00e0 quel point votre petit tr\u00e9sor sera heureux de recevoir ce jouet! En effet, il a bien raison, puisqu\u2019il s\u2019agit d\u2019un jouet multit\u00e2che! Sa couleur vive et la qualit\u00e9 de son plastique font de cet article un magnifique cadeau !<\/p>\n","protected":false},"featured_media":1789,"comment_status":"open","ping_status":"closed","template":"","meta":{"site-sidebar-layout":"default","site-content-layout":"default","ast-site-content-layout":"","site-content-style":"","site-sidebar-style":"","ast-global-header-display":"","ast-banner-title-visibility":"","ast-main-header-display":"","ast-hfb-above-header-display":"","ast-hfb-below-header-display":"","ast-hfb-mobile-header-display":"","site-post-title":"","ast-breadcrumbs-content":"","ast-featured-img":"","footer-sml-layout":"","theme-transparent-header-meta":"default","adv-header-id-meta":"","stick-header-meta":"default","header-above-stick-meta":"","header-main-stick-meta":"","header-below-stick-meta":"","astra-migrate-meta-layouts":"","ast-page-background-enabled":"default","ast-page-background-meta":{"desktop":{"background-color":"","background-image":"","background-repeat":"repeat","background-position":"center center","background-size":"auto","background-attachment":"scroll","background-type":"","background-media":"","overlay-type":"","overlay-color":"","overlay-gradient":""},"tablet":{"background-color":"","background-image":"","background-repeat":"repeat","background-position":"center center","background-size":"auto","background-attachment":"scroll","background-type":"","background-media":"","overlay-type":"","overlay-color":"","overlay-gradient":""},"mobile":{"background-color":"","background-image":"","background-repeat":"repeat","background-position":"center center","background-size":"auto","background-attachment":"scroll","background-type":"","background-media":"","overlay-type":"","overlay-color":"","overlay-gradient":""}},"ast-content-background-meta":{"desktop":{"background-color":"var(--ast-global-color-5)","background-image":"","background-repeat":"repeat","background-position":"center center","background-size":"auto","background-attachment":"scroll","background-type":"","background-media":"","overlay-type":"","overlay-color":"","overlay-gradient":""},"tablet":{"background-color":"var(--ast-global-color-5)","background-image":"","background-repeat":"repeat","background-position":"center center","background-size":"auto","background-attachment":"scroll","background-type":"","background-media":"","overlay-type":"","overlay-color":"","overlay-gradient":""},"mobile":{"background-color":"var(--ast-global-color-5)","background-image":"","background-repeat":"repeat","background-position":"center center","background-size":"auto","background-attachment":"scroll","background-type":"","background-media":"","overlay-type":"","overlay-color":"","overlay-gradient":""}}},"product_cat":[27,58],"product_tag":[29,31],"class_list":["post-1759","product","type-product","status-publish","has-post-thumbnail","hentry","product_cat-dolu","product_cat-jeux-de-role-garcons","product_tag-dolu","product_tag-jouet","desktop-align-left","tablet-align-left","mobile-align-left"],"_links":{"self":[{"href":"https:\/\/jouetentunisie.tn\/index.php\/wp-json\/wp\/v2\/product\/1759","targetHints":{"allow":["GET"]}}],"collection":[{"href":"https:\/\/jouetentunisie.tn\/index.php\/wp-json\/wp\/v2\/product"}],"about":[{"href":"https:\/\/jouetentunisie.tn\/index.php\/wp-json\/wp\/v2\/types\/product"}],"replies":[{"embeddable":true,"href":"https:\/\/jouetentunisie.tn\/index.php\/wp-json\/wp\/v2\/comments?post=1759"}],"wp:featuredmedia":[{"embeddable":true,"href":"https:\/\/jouetentunisie.tn\/index.php\/wp-json\/wp\/v2\/media\/1789"}],"wp:attachment":[{"href":"https:\/\/jouetentunisie.tn\/index.php\/wp-json\/wp\/v2\/media?parent=1759"}],"wp:term":[{"taxonomy":"product_cat","embeddable":true,"href":"https:\/\/jouetentunisie.tn\/index.php\/wp-json\/wp\/v2\/product_cat?post=1759"},{"taxonomy":"product_tag","embeddable":true,"href":"https:\/\/jouetentunisie.tn\/index.php\/wp-json\/wp\/v2\/product_tag?post=1759"}],"curies":[{"name":"wp","href":"https:\/\/api.w.org\/{rel}","templated":true}]}}