{"id":1761,"date":"2023-11-23T15:24:04","date_gmt":"2023-11-23T14:24:04","guid":{"rendered":"https:\/\/jouetentunisie.tn\/?post_type=product&#038;p=1761"},"modified":"2023-11-23T15:24:13","modified_gmt":"2023-11-23T14:24:13","slug":"circuit-fisher-price-24pcs","status":"publish","type":"product","link":"https:\/\/jouetentunisie.tn\/index.php\/produit\/circuit-fisher-price-24pcs\/","title":{"rendered":"Circuit Fisher Price 24pcs"},"content":{"rendered":"<h2>Circuit Fisher Price 24pcs de la marque DOLU<\/h2>\n<p>Circuit Fisher Price 24pcs de la marque DOLU. Comprend 2 voitures et 1 h\u00e9licopt\u00e8re en plastique incassable. A partir 12 mois et jusqu&rsquo;\u00e0 3ans. Dimensions 50cmx35cmx8 cm. Parmi les innombrables possibilit\u00e9s de jouets pour enfants, le choix du bon cadeau est essentiel! On vous sugg\u00e8re le circuit <span style=\"font-size: 16px; font-style: normal;\">pour voitures <\/span><span style=\"font-size: 16px;\">Fisher Price, longueur 171cm de DOLU; <\/span><span style=\"font-size: 16px;\">un cadeau magnifique! Les petites voitures ont toujours \u00e9t\u00e9 et sont encore au c\u0153ur du jeu et du jouet chez l\u2019enfant. Si le circuit est essentiel \u00e0 la conception m\u00eame du jeu, il l\u2019est aussi dans la construction de l\u2019enfant. Car jouer aux voitures sur un circuit agit sur bon nombres de comp\u00e9tences. Dans la m\u00eame cat\u00e9gorie le <a href=\"https:\/\/www.tipirate-store.tn\/produit\/circuit-spirale-40pcs-dolu\/\">circuit spirale<\/a> ou le <a href=\"https:\/\/www.tipirate-store.tn\/produit\/circuit-garage-40pcs-dolu\/\">circuit garage 40pcs<\/a>.<\/span><\/p>\n<p><span style=\"font-size: 16px;\">La logique, l\u2019intelligence spatiale, la dext\u00e9rit\u00e9 et la cr\u00e9ativit\u00e9 sont par exemple stimul\u00e9s d\u00e8s lors qu\u2019un enfant se pr\u00eate au jeu des voitures. La marque Dolu produit aussi d&rsquo;autres articles types <a href=\"https:\/\/www.tipirate-store.tn\/categorie-produit\/circuits-et-parking-avec-voitures\/\">voitures et circuits<\/a>. De plus, s\u2019amuser \u00e0 construire des circuits est particuli\u00e8rement utile pour le d\u00e9veloppement. Cet exercice ludique apprend par exemple \u00e0 appr\u00e9hender l\u2019espace, \u00e0 d\u00e9velopper sa motricit\u00e9 fine gr\u00e2ce \u00e0 la manipulation, \u00e0 d\u00e9velopper sa concentration et sa r\u00e9flexion pour r\u00e9aliser un circuit libre. Le jouet Circuit Fisher Price 24pcs de la marque DOLU est un cadeau magnifique.<\/span><\/p>\n<p><span style=\"font-size: 16px; font-style: normal; font-weight: 400;\">Achetez et commandez en ligne ou d\u00e9couvrez ce jouet dans notre magasin \u00e0 Tunis, Tunisie.<\/span><span style=\"font-size: 16px; font-style: normal; font-weight: 400;\">\u00a0<\/span><\/p>\n<p>Pour plus d&rsquo;informations visiter le site officiel <a href=\"https:\/\/www.dolu.com.tr\/en\/\">Dolu<\/a><\/p>\n","protected":false},"excerpt":{"rendered":"<p>Circuit Fisher Price 24pcs de la marque DOLU. Comprend 2 voitures et 1 h\u00e9licopt\u00e8re en plastique incassable. A partir 12 mois et jusqu&rsquo;\u00e0 3ans. Dimensions 50cmx35cmx8 cm. Parmi les innombrables possibilit\u00e9s de jouets pour enfants, le choix du bon cadeau est essentiel! On vous sugg\u00e8re le circuit pour voitures Fisher Price, longueur 171cm de DOLU; un cadeau magnifique! Les petites voitures ont toujours \u00e9t\u00e9 et sont encore au c\u0153ur du jeu et du jouet chez l\u2019enfant. Si le circuit est essentiel \u00e0 la conception m\u00eame du jeu, il l\u2019est aussi dans la construction de l\u2019enfant. Car jouer aux voitures sur un circuit agit sur bon nombres de comp\u00e9tences.<\/p>\n<p>La logique, l\u2019intelligence spatiale, la dext\u00e9rit\u00e9 et la cr\u00e9ativit\u00e9 sont par exemple stimul\u00e9s d\u00e8s lors qu\u2019un enfant se pr\u00eate au jeu des voitures. La marque Dolu produit aussi d&rsquo;autres articles types voitures et circuits. De plus, s\u2019amuser \u00e0 construire des circuits est particuli\u00e8rement utile pour le d\u00e9veloppement.<\/p>\n","protected":false},"featured_media":1792,"comment_status":"open","ping_status":"closed","template":"","meta":{"site-sidebar-layout":"default","site-content-layout":"default","ast-site-content-layout":"","site-content-style":"","site-sidebar-style":"","ast-global-header-display":"","ast-banner-title-visibility":"","ast-main-header-display":"","ast-hfb-above-header-display":"","ast-hfb-below-header-display":"","ast-hfb-mobile-header-display":"","site-post-title":"","ast-breadcrumbs-content":"","ast-featured-img":"","footer-sml-layout":"","theme-transparent-header-meta":"default","adv-header-id-meta":"","stick-header-meta":"default","header-above-stick-meta":"","header-main-stick-meta":"","header-below-stick-meta":"","astra-migrate-meta-layouts":"","ast-page-background-enabled":"default","ast-page-background-meta":{"desktop":{"background-color":"","background-image":"","background-repeat":"repeat","background-position":"center center","background-size":"auto","background-attachment":"scroll","background-type":"","background-media":"","overlay-type":"","overlay-color":"","overlay-gradient":""},"tablet":{"background-color":"","background-image":"","background-repeat":"repeat","background-position":"center center","background-size":"auto","background-attachment":"scroll","background-type":"","background-media":"","overlay-type":"","overlay-color":"","overlay-gradient":""},"mobile":{"background-color":"","background-image":"","background-repeat":"repeat","background-position":"center center","background-size":"auto","background-attachment":"scroll","background-type":"","background-media":"","overlay-type":"","overlay-color":"","overlay-gradient":""}},"ast-content-background-meta":{"desktop":{"background-color":"var(--ast-global-color-5)","background-image":"","background-repeat":"repeat","background-position":"center center","background-size":"auto","background-attachment":"scroll","background-type":"","background-media":"","overlay-type":"","overlay-color":"","overlay-gradient":""},"tablet":{"background-color":"var(--ast-global-color-5)","background-image":"","background-repeat":"repeat","background-position":"center center","background-size":"auto","background-attachment":"scroll","background-type":"","background-media":"","overlay-type":"","overlay-color":"","overlay-gradient":""},"mobile":{"background-color":"var(--ast-global-color-5)","background-image":"","background-repeat":"repeat","background-position":"center center","background-size":"auto","background-attachment":"scroll","background-type":"","background-media":"","overlay-type":"","overlay-color":"","overlay-gradient":""}}},"product_cat":[60,27],"product_tag":[29,31],"class_list":["post-1761","product","type-product","status-publish","has-post-thumbnail","hentry","product_cat-circuits-et-parking-avec-voitures","product_cat-dolu","product_tag-dolu","product_tag-jouet","desktop-align-left","tablet-align-left","mobile-align-left"],"_links":{"self":[{"href":"https:\/\/jouetentunisie.tn\/index.php\/wp-json\/wp\/v2\/product\/1761","targetHints":{"allow":["GET"]}}],"collection":[{"href":"https:\/\/jouetentunisie.tn\/index.php\/wp-json\/wp\/v2\/product"}],"about":[{"href":"https:\/\/jouetentunisie.tn\/index.php\/wp-json\/wp\/v2\/types\/product"}],"replies":[{"embeddable":true,"href":"https:\/\/jouetentunisie.tn\/index.php\/wp-json\/wp\/v2\/comments?post=1761"}],"wp:featuredmedia":[{"embeddable":true,"href":"https:\/\/jouetentunisie.tn\/index.php\/wp-json\/wp\/v2\/media\/1792"}],"wp:attachment":[{"href":"https:\/\/jouetentunisie.tn\/index.php\/wp-json\/wp\/v2\/media?parent=1761"}],"wp:term":[{"taxonomy":"product_cat","embeddable":true,"href":"https:\/\/jouetentunisie.tn\/index.php\/wp-json\/wp\/v2\/product_cat?post=1761"},{"taxonomy":"product_tag","embeddable":true,"href":"https:\/\/jouetentunisie.tn\/index.php\/wp-json\/wp\/v2\/product_tag?post=1761"}],"curies":[{"name":"wp","href":"https:\/\/api.w.org\/{rel}","templated":true}]}}