{"id":1767,"date":"2023-11-23T15:24:05","date_gmt":"2023-11-23T14:24:05","guid":{"rendered":"https:\/\/jouetentunisie.tn\/?post_type=product&#038;p=1767"},"modified":"2023-11-23T15:24:18","modified_gmt":"2023-11-23T14:24:18","slug":"sterilisateur-biberons-vapomax-reer","status":"publish","type":"product","link":"https:\/\/jouetentunisie.tn\/index.php\/produit\/sterilisateur-biberons-vapomax-reer\/","title":{"rendered":"St\u00e9rilisateur biberons Vapomax REER"},"content":{"rendered":"<h2>St\u00e9rilisateur biberons REER<\/h2>\n<p>St\u00e9rilisateur biberons VapoMax de la marque <a href=\"https:\/\/www.tipirate-store.tn\/categorie-produit\/reer\/\">REER<\/a>. D\u00e9sinfection rapide, \u00e9cologique et facile et s\u00fbre des biberons, sucettes et accessoires en seulement 10 minutes. <span class=\"a-list-item\">Le st\u00e9rilisateur Vapomax est fait ses preuves depuis des ann\u00e9es. <\/span><span style=\"font-size: 16px;\">Il st\u00e9rilise sans additifs chimiques les biberons et les accessoires \u00e0 la vapeur d&rsquo;eau. En outre, l<\/span><span style=\"font-size: 16px;\">e St\u00e9rilisateur biberons Vapomax est un appareil \u00e9prouv\u00e9 pour une st\u00e9rilisation efficace sans produits chimiques. Il est plus grand que le Vapomat de REER<\/span><\/p>\n<p><span style=\"font-size: 16px;\">En outre, un st\u00e9rilisateur permet d&rsquo;\u00e9liminer toutes les bact\u00e9ries qui peuvent se trouver sur les biberons et leurs accessoires. Votre enfant est fragile. Le st\u00e9rilisateur est necessaire. Il \u00e9vite toutes propagation de microbes ou de bact\u00e9ries dans le syst\u00e8me digestif de votre nourrisson. Le st\u00e9rilisateur est un outil indispensable pour la nouvelle maman et son b\u00e9b\u00e9! Ils \u00e9liminent 99,99 % des bact\u00e9ries pr\u00e9sentes dans les biberons. Le st\u00e9rilisateur biberons Vapomat de REER tranquillise les parents. En outre, Il garde b\u00e9b\u00e9 \u00e0 l\u2019abri des maladies et des infections. Pratique, il permet aussi d\u2019\u00e9liminer les bact\u00e9ries des diff\u00e9rents objets que b\u00e9b\u00e9 porte \u00e0 la bouche : t\u00e9tine, petite cuill\u00e8re, hochet pour les dents, etc. <span class=\"a-list-item\">Dans la m\u00eame cat\u00e9gorie le <a href=\"https:\/\/www.tipirate-store.tn\/produit\/thermometre-sans-contact-reer\/\">thermom\u00e8tre sans contact<\/a> de REER et le <a href=\"https:\/\/www.tipirate-store.tn\/produit\/sterilisateur-biberons-vapomat-reer\/\">st\u00e9rilisateur Vapomat<\/a> ou le\u00a0<a href=\"https:\/\/www.tipirate-store.tn\/produit\/chauffe-biberon-simplyhot-reer\/\">chauffe biberons simply Hot<\/a>!<\/span><\/span><\/p>\n<p><span style=\"font-size: 16px; font-style: normal; font-weight: 400;\">Achetez et commandez en ligne ou d\u00e9couvrez cet article de b\u00e9b\u00e9 dans notre magasin de jouets et articles b\u00e9b\u00e9 \u00e0 Tunis, Tunisie.<\/span><span style=\"font-size: 16px; font-style: normal; font-weight: 400;\">\u00a0<\/span><\/p>\n<p>Pour plus d&rsquo;informations visiter le site officiel <a href=\"https:\/\/www.reer.de\/en\">REER<\/a><\/p>\n","protected":false},"excerpt":{"rendered":"<p>St\u00e9rilisateur biberons VapoMax de la marque <a href=\"https:\/\/www.tipirate-store.tn\/categorie-produit\/reer\/\">REER<\/a>. D\u00e9sinfection rapide, \u00e9cologique et facile et s\u00fbre des biberons, sucettes et accessoires en seulement 10 minutes. <span class=\"a-list-item\">Le st\u00e9rilisateur Vapomax est fait ses preuves depuis des ann\u00e9es. <\/span><span style=\"font-size: 16px;\">Il st\u00e9rilise sans additifs chimiques les biberons et les accessoires \u00e0 la vapeur d&rsquo;eau. <\/span><span style=\"font-size: 16px;\">Le Vapomax est un appareil \u00e9prouv\u00e9 pour une st\u00e9rilisation efficace sans produits chimiques et il est plus grand que le Vapomat de REER.<\/span><\/p>\n","protected":false},"featured_media":1797,"comment_status":"open","ping_status":"closed","template":"","meta":{"site-sidebar-layout":"default","site-content-layout":"default","ast-site-content-layout":"","site-content-style":"","site-sidebar-style":"","ast-global-header-display":"","ast-banner-title-visibility":"","ast-main-header-display":"","ast-hfb-above-header-display":"","ast-hfb-below-header-display":"","ast-hfb-mobile-header-display":"","site-post-title":"","ast-breadcrumbs-content":"","ast-featured-img":"","footer-sml-layout":"","theme-transparent-header-meta":"default","adv-header-id-meta":"","stick-header-meta":"default","header-above-stick-meta":"","header-main-stick-meta":"","header-below-stick-meta":"","astra-migrate-meta-layouts":"","ast-page-background-enabled":"default","ast-page-background-meta":{"desktop":{"background-color":"","background-image":"","background-repeat":"repeat","background-position":"center center","background-size":"auto","background-attachment":"scroll","background-type":"","background-media":"","overlay-type":"","overlay-color":"","overlay-gradient":""},"tablet":{"background-color":"","background-image":"","background-repeat":"repeat","background-position":"center center","background-size":"auto","background-attachment":"scroll","background-type":"","background-media":"","overlay-type":"","overlay-color":"","overlay-gradient":""},"mobile":{"background-color":"","background-image":"","background-repeat":"repeat","background-position":"center center","background-size":"auto","background-attachment":"scroll","background-type":"","background-media":"","overlay-type":"","overlay-color":"","overlay-gradient":""}},"ast-content-background-meta":{"desktop":{"background-color":"var(--ast-global-color-5)","background-image":"","background-repeat":"repeat","background-position":"center center","background-size":"auto","background-attachment":"scroll","background-type":"","background-media":"","overlay-type":"","overlay-color":"","overlay-gradient":""},"tablet":{"background-color":"var(--ast-global-color-5)","background-image":"","background-repeat":"repeat","background-position":"center center","background-size":"auto","background-attachment":"scroll","background-type":"","background-media":"","overlay-type":"","overlay-color":"","overlay-gradient":""},"mobile":{"background-color":"var(--ast-global-color-5)","background-image":"","background-repeat":"repeat","background-position":"center center","background-size":"auto","background-attachment":"scroll","background-type":"","background-media":"","overlay-type":"","overlay-color":"","overlay-gradient":""}}},"product_cat":[54,44],"product_tag":[47,50,53],"class_list":["post-1767","product","type-product","status-publish","has-post-thumbnail","hentry","product_cat-chauffe-biberons-et-sterilisateurs","product_cat-reer","product_tag-reer","product_tag-repas-bebe","product_tag-securite-bebe","desktop-align-left","tablet-align-left","mobile-align-left"],"_links":{"self":[{"href":"https:\/\/jouetentunisie.tn\/index.php\/wp-json\/wp\/v2\/product\/1767","targetHints":{"allow":["GET"]}}],"collection":[{"href":"https:\/\/jouetentunisie.tn\/index.php\/wp-json\/wp\/v2\/product"}],"about":[{"href":"https:\/\/jouetentunisie.tn\/index.php\/wp-json\/wp\/v2\/types\/product"}],"replies":[{"embeddable":true,"href":"https:\/\/jouetentunisie.tn\/index.php\/wp-json\/wp\/v2\/comments?post=1767"}],"wp:featuredmedia":[{"embeddable":true,"href":"https:\/\/jouetentunisie.tn\/index.php\/wp-json\/wp\/v2\/media\/1797"}],"wp:attachment":[{"href":"https:\/\/jouetentunisie.tn\/index.php\/wp-json\/wp\/v2\/media?parent=1767"}],"wp:term":[{"taxonomy":"product_cat","embeddable":true,"href":"https:\/\/jouetentunisie.tn\/index.php\/wp-json\/wp\/v2\/product_cat?post=1767"},{"taxonomy":"product_tag","embeddable":true,"href":"https:\/\/jouetentunisie.tn\/index.php\/wp-json\/wp\/v2\/product_tag?post=1767"}],"curies":[{"name":"wp","href":"https:\/\/api.w.org\/{rel}","templated":true}]}}