{"id":1769,"date":"2023-11-23T15:24:05","date_gmt":"2023-11-23T14:24:05","guid":{"rendered":"https:\/\/jouetentunisie.tn\/?post_type=product&#038;p=1769"},"modified":"2023-11-23T15:24:19","modified_gmt":"2023-11-23T14:24:19","slug":"100pcs-jumbo-block-dolu","status":"publish","type":"product","link":"https:\/\/jouetentunisie.tn\/index.php\/produit\/100pcs-jumbo-block-dolu\/","title":{"rendered":"100pcs Jumbo block Dolu"},"content":{"rendered":"<h2>100pcs Lego Jumbo block Dolu<\/h2>\n<p>100pcs Jumbo block grand format de la marque DOLU. Age 12 mois et plus. <span style=\"font-size: 16px;\">De plus, la marque Dolu est un fabriquant qui produit plusieurs types de\u00a0<\/span><a href=\"https:\/\/www.tipirate-store.tn\/categorie-produit\/jeux-de-construction\/\">jeux de construction<\/a> 12mois et plus. Contient 100pcs de Block de construction grand format. <span style=\"font-size: 16px;\">Le jeu de construction permet \u00e0 l&rsquo;enfant de fixer son attention sur une seule et m\u00eame chose et d&rsquo;utiliser ses comp\u00e9tences pour atteindre son objectif ! En jouant \u00e0 un jeu de construction, l&rsquo;enfant s&rsquo;amuse \u00e0 cr\u00e9er et maintenir l&rsquo;\u00e9quilibre, \u00e0 imaginer un nouvel univers, \u00e0 s&rsquo;inventer une histoire. Construisez des magnifiques structures avec ce Jeu de construction color\u00e9 de la marque DOLU. Les jeux de construction <a href=\"https:\/\/www.tipirate-store.tn\/categorie-produit\/jeux-de-construction\/\">grande taille<\/a> et <a href=\"https:\/\/www.tipirate-store.tn\/categorie-produit\/jeux-de-construction-petite-taille\/\">petite taille<\/a> sont un outil id\u00e9al pour d\u00e9velopper la dext\u00e9rit\u00e9 et l&rsquo;imagination des enfants. Offrez ce cadeau \u00e0 votre enfant vous ferez son bonheur!<\/span><\/p>\n<p><span style=\"font-size: 16px; font-style: normal; font-weight: 400;\">Achetez et commandez en ligne ou d\u00e9couvrez ce jouet dans notre magasin \u00e0 Tunis, Tunisie.<\/span><span style=\"font-size: 16px; font-style: normal; font-weight: 400;\">\u00a0<\/span><\/p>\n<p>Pour plus d&rsquo;informations visiter le site officiel <a href=\"https:\/\/www.dolu.com.tr\/en\/\">Dolu<\/a><\/p>\n<p>Jeu de construction 85pcs color\u00e9es. Age 18 mois et plus.<\/p>\n","protected":false},"excerpt":{"rendered":"<p>Jeu de construction 85pcs color\u00e9es moyen format de la marque DOLU. Age 18 mois et plus. De plus, la marque Dolu est un fabriquant qui produit plusieurs types de\u00a0jeux de construction 12mois et plus. Contient 85pcs de Block de construction moyen format. Le jeu de construction permet \u00e0 l&rsquo;enfant de fixer son attention sur une seule et m\u00eame chose et d&rsquo;utiliser ses comp\u00e9tences pour atteindre son objectif ! En jouant \u00e0 un jeu de construction, l&rsquo;enfant s&rsquo;amuse \u00e0 cr\u00e9er et maintenir l&rsquo;\u00e9quilibre, \u00e0 imaginer un nouvel univers, \u00e0 s&rsquo;inventer une histoire. Construisez des magnifiques structures avec ce Jeu de construction color\u00e9 de la marque DOLU. Les jeux de construction sont un outil id\u00e9al pour d\u00e9velopper la dext\u00e9rit\u00e9 et l&rsquo;imagination des enfants. Offrez ce cadeau \u00e0 votre enfant vous ferez son bonheur!<\/p>\n","protected":false},"featured_media":1799,"comment_status":"open","ping_status":"closed","template":"","meta":{"site-sidebar-layout":"default","site-content-layout":"default","ast-site-content-layout":"","site-content-style":"","site-sidebar-style":"","ast-global-header-display":"","ast-banner-title-visibility":"","ast-main-header-display":"","ast-hfb-above-header-display":"","ast-hfb-below-header-display":"","ast-hfb-mobile-header-display":"","site-post-title":"","ast-breadcrumbs-content":"","ast-featured-img":"","footer-sml-layout":"","theme-transparent-header-meta":"default","adv-header-id-meta":"","stick-header-meta":"default","header-above-stick-meta":"","header-main-stick-meta":"","header-below-stick-meta":"","astra-migrate-meta-layouts":"","ast-page-background-enabled":"default","ast-page-background-meta":{"desktop":{"background-color":"","background-image":"","background-repeat":"repeat","background-position":"center center","background-size":"auto","background-attachment":"scroll","background-type":"","background-media":"","overlay-type":"","overlay-color":"","overlay-gradient":""},"tablet":{"background-color":"","background-image":"","background-repeat":"repeat","background-position":"center center","background-size":"auto","background-attachment":"scroll","background-type":"","background-media":"","overlay-type":"","overlay-color":"","overlay-gradient":""},"mobile":{"background-color":"","background-image":"","background-repeat":"repeat","background-position":"center center","background-size":"auto","background-attachment":"scroll","background-type":"","background-media":"","overlay-type":"","overlay-color":"","overlay-gradient":""}},"ast-content-background-meta":{"desktop":{"background-color":"var(--ast-global-color-5)","background-image":"","background-repeat":"repeat","background-position":"center center","background-size":"auto","background-attachment":"scroll","background-type":"","background-media":"","overlay-type":"","overlay-color":"","overlay-gradient":""},"tablet":{"background-color":"var(--ast-global-color-5)","background-image":"","background-repeat":"repeat","background-position":"center center","background-size":"auto","background-attachment":"scroll","background-type":"","background-media":"","overlay-type":"","overlay-color":"","overlay-gradient":""},"mobile":{"background-color":"var(--ast-global-color-5)","background-image":"","background-repeat":"repeat","background-position":"center center","background-size":"auto","background-attachment":"scroll","background-type":"","background-media":"","overlay-type":"","overlay-color":"","overlay-gradient":""}}},"product_cat":[27,36,37],"product_tag":[29,38,31,39],"class_list":["post-1769","product","type-product","status-publish","has-post-thumbnail","hentry","product_cat-dolu","product_cat-jeux-de-construction","product_cat-jouets-1er-age","product_tag-dolu","product_tag-jeu-de-construction","product_tag-jouet","product_tag-lego","desktop-align-left","tablet-align-left","mobile-align-left"],"_links":{"self":[{"href":"https:\/\/jouetentunisie.tn\/index.php\/wp-json\/wp\/v2\/product\/1769","targetHints":{"allow":["GET"]}}],"collection":[{"href":"https:\/\/jouetentunisie.tn\/index.php\/wp-json\/wp\/v2\/product"}],"about":[{"href":"https:\/\/jouetentunisie.tn\/index.php\/wp-json\/wp\/v2\/types\/product"}],"replies":[{"embeddable":true,"href":"https:\/\/jouetentunisie.tn\/index.php\/wp-json\/wp\/v2\/comments?post=1769"}],"wp:featuredmedia":[{"embeddable":true,"href":"https:\/\/jouetentunisie.tn\/index.php\/wp-json\/wp\/v2\/media\/1799"}],"wp:attachment":[{"href":"https:\/\/jouetentunisie.tn\/index.php\/wp-json\/wp\/v2\/media?parent=1769"}],"wp:term":[{"taxonomy":"product_cat","embeddable":true,"href":"https:\/\/jouetentunisie.tn\/index.php\/wp-json\/wp\/v2\/product_cat?post=1769"},{"taxonomy":"product_tag","embeddable":true,"href":"https:\/\/jouetentunisie.tn\/index.php\/wp-json\/wp\/v2\/product_tag?post=1769"}],"curies":[{"name":"wp","href":"https:\/\/api.w.org\/{rel}","templated":true}]}}