{"id":1770,"date":"2023-11-23T15:24:05","date_gmt":"2023-11-23T14:24:05","guid":{"rendered":"https:\/\/jouetentunisie.tn\/?post_type=product&#038;p=1770"},"modified":"2023-11-23T15:24:19","modified_gmt":"2023-11-23T14:24:19","slug":"jeu-de-pinball-matrax","status":"publish","type":"product","link":"https:\/\/jouetentunisie.tn\/index.php\/produit\/jeu-de-pinball-matrax\/","title":{"rendered":"Jeu de Pinball Matrax"},"content":{"rendered":"<h2>Jeu de Pinball Matrax<\/h2>\n<p>Jeu de Pinball Matrax de la marque Matrax. Age \u00e0 partir de 3 ans et plus. Dimensions 39 x 26 x 5,5 cm. Le fabriquant matrax produit \u00e9galement des jouets <a href=\"https:\/\/www.tipirate-store.tn\/categorie-produit\/jeux-de-role-garcons\/\">jeux de r\u00f4le gar\u00e7on<\/a>.\u00a0 Jouer avec votre ami ou votre famille \u00e0 ce jeu de tir au but magnifique. Vous disposez d&rsquo;un terrain et de balles avec des manettes pour tirer et marquer un Goal! Continuer \u00e0 tirer la balle et d\u00e9fender votre goal en m\u00eame temps! Le premier arriv\u00e9 \u00e0 marquer 10 buts a gagn\u00e9!\u00a0 Offrez ce jouet et vous rendrez votre enfant heureux! cadeau parfait!<\/p>\n<p>Dans la m\u00eame cat\u00e9gorie d\u00e9couvrez les <a href=\"https:\/\/www.tipirate-store.tn\/produit\/jeu-flexy-129pcs-matrax\/\">jeux flexy<\/a> ou le <a href=\"https:\/\/www.tipirate-store.tn\/produit\/babyfoot-super-star-matrax\/\">babyfoot super star<\/a> et pour le m\u00eame \u00e2ge les <a href=\"https:\/\/www.tipirate-store.tn\/categorie-produit\/jeux-de-construction-petite-taille\/\">petits jeux de construction<\/a>!<\/p>\n<p>Acheter ce jouet de bricolage en magasin ou en ligne!<\/p>\n<p>Pour plus d&rsquo;informations contacter le site officiel <a href=\"https:\/\/matraxoyuncak.com\/fr\">Matrax<\/a><\/p>\n","protected":false},"excerpt":{"rendered":"<p>Jeu de Pinball Matrax de la marque Matrax. Age \u00e0 partir de 3 ans et plus. Dimensions 39 x 26 x 5,5 cm. Le fabriquant matrax produit \u00e9galement des jouets jeux de r\u00f4le gar\u00e7on.\u00a0 Jouer avec votre ami ou votre famille \u00e0 ce jeu de tir au but magnifique. Vous disposez d&rsquo;un terrain et de balles avec des manettes pour tirer et marquer un Goal! Continuer \u00e0 tirer la balle et d\u00e9fender votre goal en m\u00eame temps! Le premier arriv\u00e9 \u00e0 marquer 10 buts a gagn\u00e9!\u00a0 Offrez ce jouet et vous rendrez votre enfant heureux! cadeau parfait!<\/p>\n","protected":false},"featured_media":1800,"comment_status":"open","ping_status":"closed","template":"","meta":{"site-sidebar-layout":"default","site-content-layout":"default","ast-site-content-layout":"","site-content-style":"","site-sidebar-style":"","ast-global-header-display":"","ast-banner-title-visibility":"","ast-main-header-display":"","ast-hfb-above-header-display":"","ast-hfb-below-header-display":"","ast-hfb-mobile-header-display":"","site-post-title":"","ast-breadcrumbs-content":"","ast-featured-img":"","footer-sml-layout":"","theme-transparent-header-meta":"default","adv-header-id-meta":"","stick-header-meta":"default","header-above-stick-meta":"","header-main-stick-meta":"","header-below-stick-meta":"","astra-migrate-meta-layouts":"","ast-page-background-enabled":"default","ast-page-background-meta":{"desktop":{"background-color":"","background-image":"","background-repeat":"repeat","background-position":"center center","background-size":"auto","background-attachment":"scroll","background-type":"","background-media":"","overlay-type":"","overlay-color":"","overlay-gradient":""},"tablet":{"background-color":"","background-image":"","background-repeat":"repeat","background-position":"center center","background-size":"auto","background-attachment":"scroll","background-type":"","background-media":"","overlay-type":"","overlay-color":"","overlay-gradient":""},"mobile":{"background-color":"","background-image":"","background-repeat":"repeat","background-position":"center center","background-size":"auto","background-attachment":"scroll","background-type":"","background-media":"","overlay-type":"","overlay-color":"","overlay-gradient":""}},"ast-content-background-meta":{"desktop":{"background-color":"var(--ast-global-color-5)","background-image":"","background-repeat":"repeat","background-position":"center center","background-size":"auto","background-attachment":"scroll","background-type":"","background-media":"","overlay-type":"","overlay-color":"","overlay-gradient":""},"tablet":{"background-color":"var(--ast-global-color-5)","background-image":"","background-repeat":"repeat","background-position":"center center","background-size":"auto","background-attachment":"scroll","background-type":"","background-media":"","overlay-type":"","overlay-color":"","overlay-gradient":""},"mobile":{"background-color":"var(--ast-global-color-5)","background-image":"","background-repeat":"repeat","background-position":"center center","background-size":"auto","background-attachment":"scroll","background-type":"","background-media":"","overlay-type":"","overlay-color":"","overlay-gradient":""}}},"product_cat":[58,66],"product_tag":[69,31,68],"class_list":["post-1770","product","type-product","status-publish","has-post-thumbnail","hentry","product_cat-jeux-de-role-garcons","product_cat-matrax","product_tag-jeu-de-babyfoot","product_tag-jouet","product_tag-matrax","desktop-align-left","tablet-align-left","mobile-align-left"],"_links":{"self":[{"href":"https:\/\/jouetentunisie.tn\/index.php\/wp-json\/wp\/v2\/product\/1770","targetHints":{"allow":["GET"]}}],"collection":[{"href":"https:\/\/jouetentunisie.tn\/index.php\/wp-json\/wp\/v2\/product"}],"about":[{"href":"https:\/\/jouetentunisie.tn\/index.php\/wp-json\/wp\/v2\/types\/product"}],"replies":[{"embeddable":true,"href":"https:\/\/jouetentunisie.tn\/index.php\/wp-json\/wp\/v2\/comments?post=1770"}],"wp:featuredmedia":[{"embeddable":true,"href":"https:\/\/jouetentunisie.tn\/index.php\/wp-json\/wp\/v2\/media\/1800"}],"wp:attachment":[{"href":"https:\/\/jouetentunisie.tn\/index.php\/wp-json\/wp\/v2\/media?parent=1770"}],"wp:term":[{"taxonomy":"product_cat","embeddable":true,"href":"https:\/\/jouetentunisie.tn\/index.php\/wp-json\/wp\/v2\/product_cat?post=1770"},{"taxonomy":"product_tag","embeddable":true,"href":"https:\/\/jouetentunisie.tn\/index.php\/wp-json\/wp\/v2\/product_tag?post=1770"}],"curies":[{"name":"wp","href":"https:\/\/api.w.org\/{rel}","templated":true}]}}