{"id":1771,"date":"2023-11-23T15:24:06","date_gmt":"2023-11-23T14:24:06","guid":{"rendered":"https:\/\/jouetentunisie.tn\/?post_type=product&#038;p=1771"},"modified":"2023-11-23T15:24:20","modified_gmt":"2023-11-23T14:24:20","slug":"nouveau-goal-matrax","status":"publish","type":"product","link":"https:\/\/jouetentunisie.tn\/index.php\/produit\/nouveau-goal-matrax\/","title":{"rendered":"Nouveau Goal Matrax"},"content":{"rendered":"<h2>Nouveau Goal Matrax<\/h2>\n<p>Jeu de goal de la marque Matrax. A partir de 3 ans. Dimensions 105 x 74.5 x50 cm. Il est possible de jouer au foot et et de viser dans les ouverture pour marquer! Votre enfant va se r\u00e9galer avec ce magnifique jouet! Le fabriquant Matrax produit aussi des <a href=\"https:\/\/www.tipirate-store.tn\/categorie-produit\/jeux-de-role-garcons\/\">jeux de r\u00f4le gar\u00e7on<\/a>. Mati\u00e8re plastique de haute qualit\u00e9, s\u00e9curit\u00e9 et r\u00e9sistant \u00e0 l&rsquo;usure. Grace \u00e0 ce jeu,\u00a0 aidez votre enfant a s&rsquo;amuser et \u00e0 am\u00e9liorer la coordination \u0153il-main tout en faisant de l&rsquo;exercice. Portable, l\u00e9ger, libre et facile \u00e0 d\u00e9placer \u00e0 l&rsquo;int\u00e9rieur et \u00e0 l&rsquo;ext\u00e9rieur.<\/p>\n<p>Jouer des parties de football dans le jardin et amusez vous avec vos enfants! Avec le Jeu de goal de la marque Matrax, ajoutez du plaisir \u00e0 votre f\u00eate avec cet ensemble de football. Apparence fra\u00eeche et color\u00e9e, attrayante pour vos enfants et fabriqu\u00e9 avec des mat\u00e9riaux durables. Ce jouet se monte et d\u00e9monte facilement et peut \u00eatre transport\u00e9 partout m\u00eame \u00e0 la plage!<\/p>\n<p>Achetez et commandez en ligne ou d\u00e9couvrez ce jouet dans notre magasin \u00e0 Tunis, Tunisie<\/p>\n<p>Pour plus d&rsquo;informations contacter le site officiel <a href=\"https:\/\/matraxoyuncak.com\/fr\">Matrax<\/a><\/p>\n","protected":false},"excerpt":{"rendered":"<p><span style=\"font-size: 16px;\">Jeu de goal de la marque Matrax. A partir de 3 ans. Dimensions 105 x 74.5 x50 cm. Il est possible de jouer au foot et et de viser dans les ouverture pour marquer! Votre enfant va se r\u00e9galer avec ce magnifique jouet! Le fabriquant Matrax produit aussi des jeux de r\u00f4le gar\u00e7on. Mati\u00e8re plastique de haute qualit\u00e9, s\u00e9curit\u00e9 et r\u00e9sistant \u00e0 l&rsquo;usure. Grace \u00e0 ce jeu,\u00a0 aidez votre enfant a s&rsquo;amuser et \u00e0 am\u00e9liorer la coordination \u0153il-main tout en faisant de l&rsquo;exercice. Portable, l\u00e9ger, libre et facile \u00e0 d\u00e9placer \u00e0 l&rsquo;int\u00e9rieur et \u00e0 l&rsquo;ext\u00e9rieur. basketball 2 en 1. Apparence fra\u00eeche et color\u00e9e, attrayante pour vos enfants et fabriqu\u00e9 avec des mat\u00e9riaux durables.<\/span><\/p>\n","protected":false},"featured_media":1801,"comment_status":"open","ping_status":"closed","template":"","meta":{"site-sidebar-layout":"default","site-content-layout":"default","ast-site-content-layout":"","site-content-style":"","site-sidebar-style":"","ast-global-header-display":"","ast-banner-title-visibility":"","ast-main-header-display":"","ast-hfb-above-header-display":"","ast-hfb-below-header-display":"","ast-hfb-mobile-header-display":"","site-post-title":"","ast-breadcrumbs-content":"","ast-featured-img":"","footer-sml-layout":"","theme-transparent-header-meta":"default","adv-header-id-meta":"","stick-header-meta":"default","header-above-stick-meta":"","header-main-stick-meta":"","header-below-stick-meta":"","astra-migrate-meta-layouts":"","ast-page-background-enabled":"default","ast-page-background-meta":{"desktop":{"background-color":"","background-image":"","background-repeat":"repeat","background-position":"center center","background-size":"auto","background-attachment":"scroll","background-type":"","background-media":"","overlay-type":"","overlay-color":"","overlay-gradient":""},"tablet":{"background-color":"","background-image":"","background-repeat":"repeat","background-position":"center center","background-size":"auto","background-attachment":"scroll","background-type":"","background-media":"","overlay-type":"","overlay-color":"","overlay-gradient":""},"mobile":{"background-color":"","background-image":"","background-repeat":"repeat","background-position":"center center","background-size":"auto","background-attachment":"scroll","background-type":"","background-media":"","overlay-type":"","overlay-color":"","overlay-gradient":""}},"ast-content-background-meta":{"desktop":{"background-color":"var(--ast-global-color-5)","background-image":"","background-repeat":"repeat","background-position":"center center","background-size":"auto","background-attachment":"scroll","background-type":"","background-media":"","overlay-type":"","overlay-color":"","overlay-gradient":""},"tablet":{"background-color":"var(--ast-global-color-5)","background-image":"","background-repeat":"repeat","background-position":"center center","background-size":"auto","background-attachment":"scroll","background-type":"","background-media":"","overlay-type":"","overlay-color":"","overlay-gradient":""},"mobile":{"background-color":"var(--ast-global-color-5)","background-image":"","background-repeat":"repeat","background-position":"center center","background-size":"auto","background-attachment":"scroll","background-type":"","background-media":"","overlay-type":"","overlay-color":"","overlay-gradient":""}}},"product_cat":[58,66,40],"product_tag":[31,68],"class_list":["post-1771","product","type-product","status-publish","has-post-thumbnail","hentry","product_cat-jeux-de-role-garcons","product_cat-matrax","product_cat-promo","product_tag-jouet","product_tag-matrax","desktop-align-left","tablet-align-left","mobile-align-left"],"_links":{"self":[{"href":"https:\/\/jouetentunisie.tn\/index.php\/wp-json\/wp\/v2\/product\/1771","targetHints":{"allow":["GET"]}}],"collection":[{"href":"https:\/\/jouetentunisie.tn\/index.php\/wp-json\/wp\/v2\/product"}],"about":[{"href":"https:\/\/jouetentunisie.tn\/index.php\/wp-json\/wp\/v2\/types\/product"}],"replies":[{"embeddable":true,"href":"https:\/\/jouetentunisie.tn\/index.php\/wp-json\/wp\/v2\/comments?post=1771"}],"wp:featuredmedia":[{"embeddable":true,"href":"https:\/\/jouetentunisie.tn\/index.php\/wp-json\/wp\/v2\/media\/1801"}],"wp:attachment":[{"href":"https:\/\/jouetentunisie.tn\/index.php\/wp-json\/wp\/v2\/media?parent=1771"}],"wp:term":[{"taxonomy":"product_cat","embeddable":true,"href":"https:\/\/jouetentunisie.tn\/index.php\/wp-json\/wp\/v2\/product_cat?post=1771"},{"taxonomy":"product_tag","embeddable":true,"href":"https:\/\/jouetentunisie.tn\/index.php\/wp-json\/wp\/v2\/product_tag?post=1771"}],"curies":[{"name":"wp","href":"https:\/\/api.w.org\/{rel}","templated":true}]}}