{"id":1772,"date":"2023-11-23T15:24:06","date_gmt":"2023-11-23T14:24:06","guid":{"rendered":"https:\/\/jouetentunisie.tn\/?post_type=product&#038;p=1772"},"modified":"2023-11-23T15:24:20","modified_gmt":"2023-11-23T14:24:20","slug":"babyfoot-et-hockey-matrax","status":"publish","type":"product","link":"https:\/\/jouetentunisie.tn\/index.php\/produit\/babyfoot-et-hockey-matrax\/","title":{"rendered":"Babyfoot et Hockey Matrax"},"content":{"rendered":"<h2>Babyfoot et Hockey Matrax<\/h2>\n<p>Babyfoot et Hockey de la marque Matrax est le jouet id\u00e9al!\u00a0 Le fabriquant Matrax produit \u00e9galement des jouets <a href=\"https:\/\/www.tipirate-store.tn\/categorie-produit\/jeux-de-role-garcons\/\">jeux de r\u00f4le gar\u00e7on<\/a>. Ce petit Babyfoot et hockey 2 en 1 en bois de qualit\u00e9 parfaite est un excellent cadeau et jouet! Deviens le meilleur buteur du championnat en marquant le plus de points contre ton adversaire ! Mini Babyfoot et hockey 2en1 en bois avec 2 rang\u00e9es de joueurs (4 joueurs au total) et 3 balles en bois pour les enfants d\u00e8s 3 ans.<\/p>\n<p>Pratique : les filets des cages sont en plastique, pour pouvoir r\u00e9cup\u00e9rer plus facilement les balles. Sa taille permet de l&#8217;emporter partout et de jouer sur une table \u00e0 l&rsquo;int\u00e9rieur, comme \u00e0 l&rsquo;ext\u00e9rieur ! Les enfants et les adultes vont adorer jouer des parties ensemble. Ce petit BabyFoot et hockey en bois est le Jouet de r\u00eave pour tous les enfants! Age 3 ans. Le petit BabyFoot sans pieds en bois de la marque Matrax poss\u00e8de des Dimensions assembl\u00e9 de 40 x 24,5 x 7 cm. Cadeau parfait pour votre enfant!<\/p>\n<p>Dans la m\u00eame cat\u00e9gorie d\u00e9couvrez <a href=\"https:\/\/www.tipirate-store.tn\/produit\/billard-americain-bois-matrax\/\">le billard en bois<\/a>, le <a href=\"https:\/\/www.tipirate-store.tn\/produit\/grande-table-billard-matrax\/\">billard en plastiqu<\/a>e ou le <a href=\"https:\/\/www.tipirate-store.tn\/produit\/babyfoot-super-star-matrax\/\">babyfoot super star<\/a> et pour le m\u00eame \u00e2ge les <a href=\"https:\/\/www.tipirate-store.tn\/categorie-produit\/jeux-de-construction-petite-taille\/\">petits jeux de construction<\/a>!<\/p>\n<p>Acheter ce jouet babyfoot en magasin ou en ligne!<\/p>\n<p>Pour plus d&rsquo;informations contacter le site officiel <a href=\"https:\/\/matraxoyuncak.com\/fr\">Matrax<\/a><\/p>\n","protected":false},"excerpt":{"rendered":"<p>Babyfoot et Hockey de la marque Matrax est le jouet id\u00e9al!\u00a0 Le fabriquant Matrax produit \u00e9galement des jouets jeux de r\u00f4le gar\u00e7on. Ce petit Babyfoot et hockey 2 en 1 en bois de qualit\u00e9 parfaite est un excellent cadeau et jouet! Deviens le meilleur buteur du championnat en marquant le plus de points contre ton adversaire ! Mini Babyfoot et hockey 2en1 en bois avec 2 rang\u00e9es de joueurs (4 joueurs au total) et 3 balles en bois pour les enfants d\u00e8s 3 ans.<\/p>\n<p>Pratique : les filets des cages sont en plastique, pour pouvoir r\u00e9cup\u00e9rer plus facilement les balles. Sa taille permet de l&#8217;emporter partout et de jouer sur une table \u00e0 l&rsquo;int\u00e9rieur, comme \u00e0 l&rsquo;ext\u00e9rieur ! Les enfants et les adultes vont adorer jouer des parties ensemble. Ce petit BabyFoot et hockey en bois est le Jouet de r\u00eave pour tous les enfants! Age 3 ans. Le petit BabyFoot sans pieds en bois de la marque Matrax poss\u00e8de des Dimensions assembl\u00e9 de 40 x 24,5 x 7 cm. Cadeau parfait pour votre enfant!<\/p>\n","protected":false},"featured_media":1802,"comment_status":"open","ping_status":"closed","template":"","meta":{"site-sidebar-layout":"default","site-content-layout":"default","ast-site-content-layout":"","site-content-style":"","site-sidebar-style":"","ast-global-header-display":"","ast-banner-title-visibility":"","ast-main-header-display":"","ast-hfb-above-header-display":"","ast-hfb-below-header-display":"","ast-hfb-mobile-header-display":"","site-post-title":"","ast-breadcrumbs-content":"","ast-featured-img":"","footer-sml-layout":"","theme-transparent-header-meta":"default","adv-header-id-meta":"","stick-header-meta":"default","header-above-stick-meta":"","header-main-stick-meta":"","header-below-stick-meta":"","astra-migrate-meta-layouts":"","ast-page-background-enabled":"default","ast-page-background-meta":{"desktop":{"background-color":"","background-image":"","background-repeat":"repeat","background-position":"center center","background-size":"auto","background-attachment":"scroll","background-type":"","background-media":"","overlay-type":"","overlay-color":"","overlay-gradient":""},"tablet":{"background-color":"","background-image":"","background-repeat":"repeat","background-position":"center center","background-size":"auto","background-attachment":"scroll","background-type":"","background-media":"","overlay-type":"","overlay-color":"","overlay-gradient":""},"mobile":{"background-color":"","background-image":"","background-repeat":"repeat","background-position":"center center","background-size":"auto","background-attachment":"scroll","background-type":"","background-media":"","overlay-type":"","overlay-color":"","overlay-gradient":""}},"ast-content-background-meta":{"desktop":{"background-color":"var(--ast-global-color-5)","background-image":"","background-repeat":"repeat","background-position":"center center","background-size":"auto","background-attachment":"scroll","background-type":"","background-media":"","overlay-type":"","overlay-color":"","overlay-gradient":""},"tablet":{"background-color":"var(--ast-global-color-5)","background-image":"","background-repeat":"repeat","background-position":"center center","background-size":"auto","background-attachment":"scroll","background-type":"","background-media":"","overlay-type":"","overlay-color":"","overlay-gradient":""},"mobile":{"background-color":"var(--ast-global-color-5)","background-image":"","background-repeat":"repeat","background-position":"center center","background-size":"auto","background-attachment":"scroll","background-type":"","background-media":"","overlay-type":"","overlay-color":"","overlay-gradient":""}}},"product_cat":[58,66],"product_tag":[69,31,68],"class_list":["post-1772","product","type-product","status-publish","has-post-thumbnail","hentry","product_cat-jeux-de-role-garcons","product_cat-matrax","product_tag-jeu-de-babyfoot","product_tag-jouet","product_tag-matrax","desktop-align-left","tablet-align-left","mobile-align-left"],"_links":{"self":[{"href":"https:\/\/jouetentunisie.tn\/index.php\/wp-json\/wp\/v2\/product\/1772","targetHints":{"allow":["GET"]}}],"collection":[{"href":"https:\/\/jouetentunisie.tn\/index.php\/wp-json\/wp\/v2\/product"}],"about":[{"href":"https:\/\/jouetentunisie.tn\/index.php\/wp-json\/wp\/v2\/types\/product"}],"replies":[{"embeddable":true,"href":"https:\/\/jouetentunisie.tn\/index.php\/wp-json\/wp\/v2\/comments?post=1772"}],"wp:featuredmedia":[{"embeddable":true,"href":"https:\/\/jouetentunisie.tn\/index.php\/wp-json\/wp\/v2\/media\/1802"}],"wp:attachment":[{"href":"https:\/\/jouetentunisie.tn\/index.php\/wp-json\/wp\/v2\/media?parent=1772"}],"wp:term":[{"taxonomy":"product_cat","embeddable":true,"href":"https:\/\/jouetentunisie.tn\/index.php\/wp-json\/wp\/v2\/product_cat?post=1772"},{"taxonomy":"product_tag","embeddable":true,"href":"https:\/\/jouetentunisie.tn\/index.php\/wp-json\/wp\/v2\/product_tag?post=1772"}],"curies":[{"name":"wp","href":"https:\/\/api.w.org\/{rel}","templated":true}]}}