{"id":1773,"date":"2023-11-23T15:24:06","date_gmt":"2023-11-23T14:24:06","guid":{"rendered":"https:\/\/jouetentunisie.tn\/?post_type=product&#038;p=1773"},"modified":"2023-11-23T15:24:21","modified_gmt":"2023-11-23T14:24:21","slug":"bateau-de-plage-dolu","status":"publish","type":"product","link":"https:\/\/jouetentunisie.tn\/index.php\/produit\/bateau-de-plage-dolu\/","title":{"rendered":"Bateau de plage Dolu"},"content":{"rendered":"<div class=\"info-line\">\n<p>Avec le Bateau de plage de la marque Dolu laisser vos enfants s&rsquo;amuser \u00e0 la plage et s&rsquo;initier \u00e0 divers cr\u00e9ations de ch\u00e2teaux de sables. Beaucoup d&rsquo;accessoires de plages (sceau, r\u00e2teau..) et moules \u00e0 sable&#8230; Adapt\u00e9 \u00e0 toutes ses envies, il apportera une touche de fraicheur \u00e0 vous et \u00e0 votre enfant et deviendra la source principale de ses distractions. Dimensions 19x43x21cm. Age 3 ans et plus.<\/p>\n<p>Dans la m\u00eame cat\u00e9gorie la piscine <a href=\"https:\/\/www.tipirate-store.tn\/produit\/piscine-couverte-bleue-intex\/\">couverte bleue<\/a><\/p>\n<p><span style=\"font-size: 16px;\">Acheter cette piscine en ligne ou dans notre magasin Tipirate<\/span><\/p>\n<p><span style=\"font-size: 16px;\">Pour plus d&rsquo;infos visiter le site officiel <\/span><a style=\"font-size: 16px; background-color: #ffffff;\" href=\"http:\/\/www.dolu.com.tr\">Dolu<\/a><span style=\"font-size: 16px;\">.<\/span><\/p>\n<\/div>\n<div><\/div>\n","protected":false},"excerpt":{"rendered":"<div class=\"info-line\">\n<p>Avec le Bateau de plage de la marque Dolu laisser vos enfants s&rsquo;amuser \u00e0 la plage et s&rsquo;initier \u00e0 divers cr\u00e9ations de ch\u00e2teaux de sables. Beaucoup d&rsquo;accessoires de plages (sceau, r\u00e2teau..) et moules \u00e0 sable&#8230; Adapt\u00e9 \u00e0 toutes ses envies, il apportera une touche de fraicheur \u00e0 vous et \u00e0 votre enfant et deviendra la source principale de ses distractions. Dimensions 19x43x21cm. Age 3 ans et plus.<\/p>\n<\/div>\n","protected":false},"featured_media":1803,"comment_status":"open","ping_status":"closed","template":"","meta":{"site-sidebar-layout":"default","site-content-layout":"default","ast-site-content-layout":"","site-content-style":"","site-sidebar-style":"","ast-global-header-display":"","ast-banner-title-visibility":"","ast-main-header-display":"","ast-hfb-above-header-display":"","ast-hfb-below-header-display":"","ast-hfb-mobile-header-display":"","site-post-title":"","ast-breadcrumbs-content":"","ast-featured-img":"","footer-sml-layout":"","theme-transparent-header-meta":"default","adv-header-id-meta":"","stick-header-meta":"default","header-above-stick-meta":"","header-main-stick-meta":"","header-below-stick-meta":"","astra-migrate-meta-layouts":"","ast-page-background-enabled":"default","ast-page-background-meta":{"desktop":{"background-color":"","background-image":"","background-repeat":"repeat","background-position":"center center","background-size":"auto","background-attachment":"scroll","background-type":"","background-media":"","overlay-type":"","overlay-color":"","overlay-gradient":""},"tablet":{"background-color":"","background-image":"","background-repeat":"repeat","background-position":"center center","background-size":"auto","background-attachment":"scroll","background-type":"","background-media":"","overlay-type":"","overlay-color":"","overlay-gradient":""},"mobile":{"background-color":"","background-image":"","background-repeat":"repeat","background-position":"center center","background-size":"auto","background-attachment":"scroll","background-type":"","background-media":"","overlay-type":"","overlay-color":"","overlay-gradient":""}},"ast-content-background-meta":{"desktop":{"background-color":"var(--ast-global-color-5)","background-image":"","background-repeat":"repeat","background-position":"center center","background-size":"auto","background-attachment":"scroll","background-type":"","background-media":"","overlay-type":"","overlay-color":"","overlay-gradient":""},"tablet":{"background-color":"var(--ast-global-color-5)","background-image":"","background-repeat":"repeat","background-position":"center center","background-size":"auto","background-attachment":"scroll","background-type":"","background-media":"","overlay-type":"","overlay-color":"","overlay-gradient":""},"mobile":{"background-color":"var(--ast-global-color-5)","background-image":"","background-repeat":"repeat","background-position":"center center","background-size":"auto","background-attachment":"scroll","background-type":"","background-media":"","overlay-type":"","overlay-color":"","overlay-gradient":""}}},"product_cat":[27,70],"product_tag":[],"class_list":["post-1773","product","type-product","status-publish","has-post-thumbnail","hentry","product_cat-dolu","product_cat-piscines-et-accessoires","desktop-align-left","tablet-align-left","mobile-align-left"],"_links":{"self":[{"href":"https:\/\/jouetentunisie.tn\/index.php\/wp-json\/wp\/v2\/product\/1773","targetHints":{"allow":["GET"]}}],"collection":[{"href":"https:\/\/jouetentunisie.tn\/index.php\/wp-json\/wp\/v2\/product"}],"about":[{"href":"https:\/\/jouetentunisie.tn\/index.php\/wp-json\/wp\/v2\/types\/product"}],"replies":[{"embeddable":true,"href":"https:\/\/jouetentunisie.tn\/index.php\/wp-json\/wp\/v2\/comments?post=1773"}],"wp:featuredmedia":[{"embeddable":true,"href":"https:\/\/jouetentunisie.tn\/index.php\/wp-json\/wp\/v2\/media\/1803"}],"wp:attachment":[{"href":"https:\/\/jouetentunisie.tn\/index.php\/wp-json\/wp\/v2\/media?parent=1773"}],"wp:term":[{"taxonomy":"product_cat","embeddable":true,"href":"https:\/\/jouetentunisie.tn\/index.php\/wp-json\/wp\/v2\/product_cat?post=1773"},{"taxonomy":"product_tag","embeddable":true,"href":"https:\/\/jouetentunisie.tn\/index.php\/wp-json\/wp\/v2\/product_tag?post=1773"}],"curies":[{"name":"wp","href":"https:\/\/api.w.org\/{rel}","templated":true}]}}