{"id":1775,"date":"2023-11-23T15:24:07","date_gmt":"2023-11-23T14:24:07","guid":{"rendered":"https:\/\/jouetentunisie.tn\/?post_type=product&#038;p=1775"},"modified":"2023-11-23T15:24:22","modified_gmt":"2023-11-23T14:24:22","slug":"cube-et-tapis-dolu","status":"publish","type":"product","link":"https:\/\/jouetentunisie.tn\/index.php\/produit\/cube-et-tapis-dolu\/","title":{"rendered":"Cube et Tapis DOLU"},"content":{"rendered":"<h2>Cube et Tapis DOLU<\/h2>\n<p>Jouet Cube et tapis 2 en 1 de la marque DOLU. Dimensions 34,5&#215;23,5&#215;22 cm. Age 12 mois et plus.\u00a0 <span style=\"font-size: 16px;\">De plus, la marque Dolu est un fabriquant qui produit plusieurs types de <\/span><a style=\"font-size: 16px; background-color: #ffffff;\" href=\"https:\/\/www.tipirate-store.tn\/categorie-produit\/jeux-educatifs\/\">jeux \u00e9ducatifs<\/a><span style=\"font-size: 16px;\">. Cube \u00e0 6 cot\u00e9s transformables en tapis. Chaque face contient un type de jeu qui stimule l&rsquo;eveil! un jeu d&rsquo;encastrement,\u00a0 un miroir, un image 3D et un jeu de piste. <\/span>D\u00e8s son plus jeune \u00e2ge, les jeux d&rsquo;encastrement participent activement \u00e0 l&rsquo;\u00e9veil et au d\u00e9veloppement de l&rsquo;enfant.<\/p>\n<p>Jouer avec les jeux de formes est une activit\u00e9 essentielle dans le d\u00e9veloppement de votre enfant. Ces jeux lui permettent de travailler sur la reconnaissance des formes, la logique, sa coordination \u0153il-main, son autonomie motrice. Ce jouet accompagne aussi les reconnaissances de couleurs en m\u00eame temps que l&rsquo;apprentissage des formes et la notion contenu contenant! Le cube 2 en 1 Dolu est un cadeau id\u00e9al pour votre enfant! Avec ce jouet \u00e9ducatif, l&rsquo;enfant d\u00e9veloppera ses comp\u00e9tences de rep\u00e9rage spatial, de motricit\u00e9 fine et d&rsquo;observation. Dans la m\u00eame cat\u00e9gorie <a href=\"https:\/\/www.tipirate-store.tn\/produit\/jeu-de-formes-champignon-dolu\/\">jeu de forme champignon<\/a> et <a href=\"https:\/\/www.tipirate-store.tn\/produit\/maisonnette-jeu-de-forme-dolu\/\">jeu de forme 3 portes<\/a>!<\/p>\n<p><span style=\"font-size: 16px; font-style: normal; font-weight: 400;\">Achetez et commandez en ligne ou d\u00e9couvrez ce jouet dans notre magasin \u00e0 Tunis, Tunisie.<\/span><span style=\"font-size: 16px; font-style: normal; font-weight: 400;\">\u00a0<\/span><\/p>\n<p>Pour plus d&rsquo;informations visiter le site officiel <a href=\"https:\/\/www.dolu.com.tr\/en\/\">Dolu<\/a><\/p>\n","protected":false},"excerpt":{"rendered":"<p>Jouet Cube et tapis 2 en 1 de la marque DOLU. Dimensions 34,5&#215;23,5&#215;22 cm. Age 12 mois et plus.\u00a0 De plus, la marque Dolu est un fabriquant qui produit plusieurs types de jeux \u00e9ducatifs. Cube \u00e0 6 cot\u00e9s transformables en tapis. Chaque face contient un type de jeu qui stimule l&rsquo;eveil! un jeu d&rsquo;encastrement,\u00a0 un miroir, un image 3D et un jeu de piste. D\u00e8s son plus jeune \u00e2ge, les jeux d&rsquo;encastrement participent activement \u00e0 l&rsquo;\u00e9veil et au d\u00e9veloppement de l&rsquo;enfant.<\/p>\n<p>Jouer avec les jeux de formes est une activit\u00e9 essentielle dans le d\u00e9veloppement de votre enfant. Ces jeux lui permettent de travailler sur la reconnaissance des formes, la logique, sa coordination \u0153il-main, son autonomie motrice. Ce jouet accompagne aussi les reconnaissances de couleurs en m\u00eame temps que l&rsquo;apprentissage des formes et la notion contenu contenant! Le cube 2 en 1 Dolu est un cadeau id\u00e9al pour votre enfant! Avec ce jouet \u00e9ducatif, l&rsquo;enfant d\u00e9veloppera ses comp\u00e9tences de rep\u00e9rage spatial, de motricit\u00e9 fine et d&rsquo;observation. Dans la m\u00eame cat\u00e9gorie jeu de forme champignon et jeu de forme 3 portes!<\/p>\n","protected":false},"featured_media":1805,"comment_status":"open","ping_status":"closed","template":"","meta":{"site-sidebar-layout":"default","site-content-layout":"default","ast-site-content-layout":"default","site-content-style":"default","site-sidebar-style":"default","ast-global-header-display":"","ast-banner-title-visibility":"","ast-main-header-display":"","ast-hfb-above-header-display":"","ast-hfb-below-header-display":"","ast-hfb-mobile-header-display":"","site-post-title":"","ast-breadcrumbs-content":"","ast-featured-img":"","footer-sml-layout":"","theme-transparent-header-meta":"default","adv-header-id-meta":"","stick-header-meta":"default","header-above-stick-meta":"","header-main-stick-meta":"","header-below-stick-meta":"","astra-migrate-meta-layouts":"set","ast-page-background-enabled":"default","ast-page-background-meta":{"desktop":{"background-color":"","background-image":"","background-repeat":"repeat","background-position":"center center","background-size":"auto","background-attachment":"scroll","background-type":"","background-media":"","overlay-type":"","overlay-color":"","overlay-gradient":""},"tablet":{"background-color":"","background-image":"","background-repeat":"repeat","background-position":"center center","background-size":"auto","background-attachment":"scroll","background-type":"","background-media":"","overlay-type":"","overlay-color":"","overlay-gradient":""},"mobile":{"background-color":"","background-image":"","background-repeat":"repeat","background-position":"center center","background-size":"auto","background-attachment":"scroll","background-type":"","background-media":"","overlay-type":"","overlay-color":"","overlay-gradient":""}},"ast-content-background-meta":{"desktop":{"background-color":"var(--ast-global-color-5)","background-image":"","background-repeat":"repeat","background-position":"center center","background-size":"auto","background-attachment":"scroll","background-type":"","background-media":"","overlay-type":"","overlay-color":"","overlay-gradient":""},"tablet":{"background-color":"var(--ast-global-color-5)","background-image":"","background-repeat":"repeat","background-position":"center center","background-size":"auto","background-attachment":"scroll","background-type":"","background-media":"","overlay-type":"","overlay-color":"","overlay-gradient":""},"mobile":{"background-color":"var(--ast-global-color-5)","background-image":"","background-repeat":"repeat","background-position":"center center","background-size":"auto","background-attachment":"scroll","background-type":"","background-media":"","overlay-type":"","overlay-color":"","overlay-gradient":""}}},"product_cat":[27,37],"product_tag":[29,31],"class_list":["post-1775","product","type-product","status-publish","has-post-thumbnail","hentry","product_cat-dolu","product_cat-jouets-1er-age","product_tag-dolu","product_tag-jouet","desktop-align-left","tablet-align-left","mobile-align-left"],"_links":{"self":[{"href":"https:\/\/jouetentunisie.tn\/index.php\/wp-json\/wp\/v2\/product\/1775","targetHints":{"allow":["GET"]}}],"collection":[{"href":"https:\/\/jouetentunisie.tn\/index.php\/wp-json\/wp\/v2\/product"}],"about":[{"href":"https:\/\/jouetentunisie.tn\/index.php\/wp-json\/wp\/v2\/types\/product"}],"replies":[{"embeddable":true,"href":"https:\/\/jouetentunisie.tn\/index.php\/wp-json\/wp\/v2\/comments?post=1775"}],"wp:featuredmedia":[{"embeddable":true,"href":"https:\/\/jouetentunisie.tn\/index.php\/wp-json\/wp\/v2\/media\/1805"}],"wp:attachment":[{"href":"https:\/\/jouetentunisie.tn\/index.php\/wp-json\/wp\/v2\/media?parent=1775"}],"wp:term":[{"taxonomy":"product_cat","embeddable":true,"href":"https:\/\/jouetentunisie.tn\/index.php\/wp-json\/wp\/v2\/product_cat?post=1775"},{"taxonomy":"product_tag","embeddable":true,"href":"https:\/\/jouetentunisie.tn\/index.php\/wp-json\/wp\/v2\/product_tag?post=1775"}],"curies":[{"name":"wp","href":"https:\/\/api.w.org\/{rel}","templated":true}]}}