{"id":1777,"date":"2023-11-23T15:24:07","date_gmt":"2023-11-23T14:24:07","guid":{"rendered":"https:\/\/jouetentunisie.tn\/?post_type=product&#038;p=1777"},"modified":"2023-11-23T15:24:23","modified_gmt":"2023-11-23T14:24:23","slug":"pot-toilette-oranger","status":"publish","type":"product","link":"https:\/\/jouetentunisie.tn\/index.php\/produit\/pot-toilette-oranger\/","title":{"rendered":"Pot toilette Oranger"},"content":{"rendered":"<h2>Pot toilette Oranger Dolu<\/h2>\n<p>Pot de toilette \u00e9ducatif oranger de la marque Dolu. Avec son de chasse d&rsquo;eau et bac de rangement ainsi que le pose papier de toilette. Le pot de toilette pour b\u00e9b\u00e9 est un accessoire tr\u00e8s pratique pour effectuer la transition de la couche vers une relative autonomie. L&rsquo;<span tabindex=\"0\" role=\"tooltip\"><span class=\"povykd\" tabindex=\"0\" role=\"button\" data-enable-toggle-animation=\"true\" data-extra-container-classes=\"ZLo7Eb\" data-hover-hide-delay=\"1000\" data-hover-open-delay=\"500\" data-send-open-event=\"true\" data-theme=\"0\" data-width=\"250\" data-ved=\"2ahUKEwik7NmErab9AhUYbsAKHdTpAdoQmpgGegQICRAD\"><span class=\"JPfdse\" data-bubble-link=\"\" data-segment-text=\"apprentissage de la propret\u00e9\">apprentissage de la propret\u00e9<\/span><\/span><\/span> doit se faire en douceur et au rythme de chaque b\u00e9b\u00e9. En moyenne, les enfants commencent \u00e0 contr\u00f4ler leurs d\u00e9sirs d&rsquo;aller au toilettes vers l&rsquo;\u00e2ge de 2 ans. La marque Dolu produit aussi d&rsquo;autres articles pour la <a href=\"https:\/\/www.tipirate-store.tn\/categorie-produit\/securite-et-confort-bebe\/\">s\u00e9curit\u00e9 et le confort du b\u00e9b\u00e9<\/a>.<\/p>\n<p>En Expliquant et en \u00e9duquant son enfant sur son utilit\u00e9 avec des mots simples, l&rsquo;enfant comprendra rapidement qu\u2019il grandit et aura donc rapidement l&rsquo;envie de faire comme les grands.<\/p>\n<p>Pot de toilette \u00e9ducatif oranger de la marque Dolu pour b\u00e9b\u00e9 est facile \u00e0 nettoyer et \u00e0 garder propre gr\u00e2ce \u00e0 sa cuvette facilement amovible. L\u2019apprentissage de la propret\u00e9 chez un jeune enfant est importante, c\u2019est pourquoi il faut proposer un pot confortable \u00e0 b\u00e9b\u00e9 comme celui de Dolu. Il faut que l\u2019enfant soit confortablement install\u00e9 pour apprendre petit \u00e0 petit \u00e0 utiliser des toilettes.<\/p>\n<p><span style=\"font-size: 16px; font-style: normal; font-weight: 400;\">Achetez et commandez en ligne ou d\u00e9couvrez ce jouet dans notre magasin \u00e0 Tunis, Tunisie.<\/span><span style=\"font-size: 16px; font-style: normal; font-weight: 400;\">\u00a0<\/span><\/p>\n<p>Pour plus d&rsquo;informations visiter le site officiel <a href=\"https:\/\/www.dolu.com.tr\/en\/\">Dolu<\/a><\/p>\n","protected":false},"excerpt":{"rendered":"<p>Pot de toilette \u00e9ducatif oranger de la marque Dolu. Avec son de chasse d&rsquo;eau et bac de rangement ainsi que le pose papier de toilette. Le pot de toilette pour b\u00e9b\u00e9 est un accessoire tr\u00e8s pratique pour effectuer la transition de la couche vers une relative autonomie. L&rsquo;<span tabindex=\"0\" role=\"tooltip\"><span class=\"povykd\" tabindex=\"0\" role=\"button\" data-enable-toggle-animation=\"true\" data-extra-container-classes=\"ZLo7Eb\" data-hover-hide-delay=\"1000\" data-hover-open-delay=\"500\" data-send-open-event=\"true\" data-theme=\"0\" data-width=\"250\" data-ved=\"2ahUKEwik7NmErab9AhUYbsAKHdTpAdoQmpgGegQICRAD\"><span class=\"JPfdse\" data-bubble-link=\"\" data-segment-text=\"apprentissage de la propret\u00e9\">apprentissage de la propret\u00e9<\/span><\/span><\/span> doit se faire en douceur et au rythme de chaque b\u00e9b\u00e9. En moyenne, les enfants commencent \u00e0 contr\u00f4ler leurs d\u00e9sirs d&rsquo;aller au toilettes vers l&rsquo;\u00e2ge de 2 ans. La marque Dolu produit aussi d&rsquo;autres articles pour la <a href=\"https:\/\/www.tipirate-store.tn\/categorie-produit\/securite-et-confort-bebe\/\">s\u00e9curit\u00e9 et le confort du b\u00e9b\u00e9<\/a>.<\/p>\n<p>En Expliquant et en \u00e9duquant son enfant sur son utilit\u00e9 avec des mots simples, l&rsquo;enfant comprendra rapidement qu\u2019il grandit et aura donc rapidement l&rsquo;envie de faire comme les grands.<\/p>\n<p>Pot de toilette \u00e9ducatif oranger de la marque Dolu pour b\u00e9b\u00e9 est facile \u00e0 nettoyer et \u00e0 garder propre gr\u00e2ce \u00e0 sa cuvette facilement amovible. L\u2019apprentissage de la propret\u00e9 chez un jeune enfant est importante, c\u2019est pourquoi il faut proposer un pot confortable \u00e0 b\u00e9b\u00e9 comme celui de Dolu. Il faut que l\u2019enfant soit confortablement install\u00e9 pour apprendre petit \u00e0 petit \u00e0 utiliser des toilettes.<\/p>\n","protected":false},"featured_media":1807,"comment_status":"open","ping_status":"closed","template":"","meta":{"site-sidebar-layout":"default","site-content-layout":"default","ast-site-content-layout":"","site-content-style":"","site-sidebar-style":"","ast-global-header-display":"","ast-banner-title-visibility":"","ast-main-header-display":"","ast-hfb-above-header-display":"","ast-hfb-below-header-display":"","ast-hfb-mobile-header-display":"","site-post-title":"","ast-breadcrumbs-content":"","ast-featured-img":"","footer-sml-layout":"","theme-transparent-header-meta":"default","adv-header-id-meta":"","stick-header-meta":"default","header-above-stick-meta":"","header-main-stick-meta":"","header-below-stick-meta":"","astra-migrate-meta-layouts":"","ast-page-background-enabled":"default","ast-page-background-meta":{"desktop":{"background-color":"","background-image":"","background-repeat":"repeat","background-position":"center center","background-size":"auto","background-attachment":"scroll","background-type":"","background-media":"","overlay-type":"","overlay-color":"","overlay-gradient":""},"tablet":{"background-color":"","background-image":"","background-repeat":"repeat","background-position":"center center","background-size":"auto","background-attachment":"scroll","background-type":"","background-media":"","overlay-type":"","overlay-color":"","overlay-gradient":""},"mobile":{"background-color":"","background-image":"","background-repeat":"repeat","background-position":"center center","background-size":"auto","background-attachment":"scroll","background-type":"","background-media":"","overlay-type":"","overlay-color":"","overlay-gradient":""}},"ast-content-background-meta":{"desktop":{"background-color":"var(--ast-global-color-5)","background-image":"","background-repeat":"repeat","background-position":"center center","background-size":"auto","background-attachment":"scroll","background-type":"","background-media":"","overlay-type":"","overlay-color":"","overlay-gradient":""},"tablet":{"background-color":"var(--ast-global-color-5)","background-image":"","background-repeat":"repeat","background-position":"center center","background-size":"auto","background-attachment":"scroll","background-type":"","background-media":"","overlay-type":"","overlay-color":"","overlay-gradient":""},"mobile":{"background-color":"var(--ast-global-color-5)","background-image":"","background-repeat":"repeat","background-position":"center center","background-size":"auto","background-attachment":"scroll","background-type":"","background-media":"","overlay-type":"","overlay-color":"","overlay-gradient":""}}},"product_cat":[27,51],"product_tag":[29,53],"class_list":["post-1777","product","type-product","status-publish","has-post-thumbnail","hentry","product_cat-dolu","product_cat-securite-et-confort-bebe","product_tag-dolu","product_tag-securite-bebe","desktop-align-left","tablet-align-left","mobile-align-left"],"_links":{"self":[{"href":"https:\/\/jouetentunisie.tn\/index.php\/wp-json\/wp\/v2\/product\/1777","targetHints":{"allow":["GET"]}}],"collection":[{"href":"https:\/\/jouetentunisie.tn\/index.php\/wp-json\/wp\/v2\/product"}],"about":[{"href":"https:\/\/jouetentunisie.tn\/index.php\/wp-json\/wp\/v2\/types\/product"}],"replies":[{"embeddable":true,"href":"https:\/\/jouetentunisie.tn\/index.php\/wp-json\/wp\/v2\/comments?post=1777"}],"wp:featuredmedia":[{"embeddable":true,"href":"https:\/\/jouetentunisie.tn\/index.php\/wp-json\/wp\/v2\/media\/1807"}],"wp:attachment":[{"href":"https:\/\/jouetentunisie.tn\/index.php\/wp-json\/wp\/v2\/media?parent=1777"}],"wp:term":[{"taxonomy":"product_cat","embeddable":true,"href":"https:\/\/jouetentunisie.tn\/index.php\/wp-json\/wp\/v2\/product_cat?post=1777"},{"taxonomy":"product_tag","embeddable":true,"href":"https:\/\/jouetentunisie.tn\/index.php\/wp-json\/wp\/v2\/product_tag?post=1777"}],"curies":[{"name":"wp","href":"https:\/\/api.w.org\/{rel}","templated":true}]}}