{"id":1779,"date":"2023-11-23T15:24:07","date_gmt":"2023-11-23T14:24:07","guid":{"rendered":"https:\/\/jouetentunisie.tn\/?post_type=product&#038;p=1779"},"modified":"2023-11-23T15:24:24","modified_gmt":"2023-11-23T14:24:24","slug":"petite-coiffeuse-unicorn-dolu","status":"publish","type":"product","link":"https:\/\/jouetentunisie.tn\/index.php\/produit\/petite-coiffeuse-unicorn-dolu\/","title":{"rendered":"Petite Coiffeuse Unicorn Dolu"},"content":{"rendered":"<h2>Petite Coiffeuse Unicorn Dolu<\/h2>\n<p>Petite Coiffeuse Unicorn marque DOLU avec accessoires. Age 3 ans et plus. <span style=\"font-size: 16px; font-style: normal; font-weight: 400;\">Dimensions 37 x 30 x 45 cm. <\/span><span style=\"font-size: 16px;\">Coiffeuse compl\u00e8te de maquillage et fournie avec 2 rouges \u00e0 l\u00e8vres, 2 peignes, 2 parfums, 1 fards \u00e0 paupi\u00e8res, et 2 pinceaux.. Les petites princesses sont encore plus \u00e9l\u00e9gantes avec l\u2019ensemble de table de maquillage de cette magnifique coiffeuse Unicorne ! Excellent cadeau pour <\/span><a style=\"font-size: 16px; background-color: #ffffff;\" href=\"https:\/\/www.tipirate-store.tn\/categorie-produit\/jeux-de-role-filles\/\">jeu de r\u00f4le filles<\/a><span style=\"font-size: 16px;\">. Les filles vont adorer ces accessoires chics et color\u00e9s et s\u2019amuseront avec leurs copines ! Les filles adoreront d\u00e9dier le plus beau coin de leur chambre \u00e0 cet ensemble de table de maquillage.<\/span><\/p>\n<p>D&rsquo;ailleurs, c&rsquo;est ce petit meuble accompagn\u00e9 d&rsquo;un miroir, de quelques rangements et \u00e9galement d&rsquo;une assise que les filles adorent!\u00a0 Ador\u00e9e des enfants, ils peuvent s&rsquo;amuser \u00e0 se coiffer, \u00e0 se d\u00e9guiser et mettre des bijoux ou m\u00eame imiter le maquillage Tout pour faire comme les grands ! D\u00e9veloppe la sociabilit\u00e9, l&rsquo;imagination mais aussi la cr\u00e9ativit\u00e9. Permet aux fille de d\u00e9velopper leur personnalit\u00e9 \u00e9galement!<\/p>\n<p>En outre, la Coiffeuse Unicorn marque DOLU est le cadeau r\u00eav\u00e9 des filles, offrez leurs en une et donner leur du bonheur avec ce jouet et cadeau parfait! Consid\u00e9r\u00e9 comme un jouet pour enfant, la coiffeuse peut \u00eatre \u00e9galement un v\u00e9ritable atout d\u00e9co pour la chambre de votre enfant. Alors si votre petit passe la plupart de son temps \u00e0 se d\u00e9guiser, \u00e0 se maquiller ou \u00e0 essayer de faire une coiffure de princesse quand ses copines et ses copains sont \u00e0 la maison, profitez de son anniversaire pour lui en offrir une ! En plus d&rsquo;\u00eatre jolie et amusante, une coiffeuse enfant d\u00e9veloppe l&rsquo;autonomie des plus petits car ils apprennent \u00e0 se pr\u00e9parer tout seul comme des grands. On sait d\u2019avance que ce cadeau va lui plaire !<\/p>\n<p><span style=\"font-size: 16px; font-style: normal; font-weight: 400;\">Achetez et commandez en ligne ou d\u00e9couvrez ce jouet dans notre magasin \u00e0 Tunis, Tunisie.<\/span><span style=\"font-size: 16px; font-style: normal; font-weight: 400;\">\u00a0<\/span><\/p>\n<p>Pour plus d&rsquo;informations visiter le site officiel <a href=\"https:\/\/www.dolu.com.tr\/en\/\">Dolu<\/a><\/p>\n","protected":false},"excerpt":{"rendered":"<p>Petite Coiffeuse Unicorn marque DOLU avec accessoires. Age 3 ans et plus. Dimensions 37 x 30 x 45 cm. Coiffeuse compl\u00e8te de maquillage et fournie avec 2 rouges \u00e0 l\u00e8vres, 2 peignes, 2 parfums, 1 fards \u00e0 paupi\u00e8res, et 2 pinceaux.. Les petites princesses sont encore plus \u00e9l\u00e9gantes avec l\u2019ensemble de table de maquillage de cette magnifique coiffeuse Unicorne ! Excellent cadeau pour jeu de r\u00f4le filles. Les filles vont adorer ces accessoires chics et color\u00e9s et s\u2019amuseront avec leurs copines ! Les filles adoreront d\u00e9dier le plus beau coin de leur chambre \u00e0 cet ensemble de table de maquillage.<\/p>\n<p>D&rsquo;ailleurs, c&rsquo;est ce petit meuble accompagn\u00e9 d&rsquo;un miroir, de quelques rangements et \u00e9galement d&rsquo;une assise que les filles adorent!\u00a0 Ador\u00e9e des enfants, ils peuvent s&rsquo;amuser \u00e0 se coiffer, \u00e0 se d\u00e9guiser et mettre des bijoux ou m\u00eame imiter le maquillage Tout pour faire comme les grands ! D\u00e9veloppe la sociabilit\u00e9, l&rsquo;imagination mais aussi la cr\u00e9ativit\u00e9. Permet aux fille de d\u00e9velopper leur personnalit\u00e9 \u00e9galement!<\/p>\n<p>En outre, la Coiffeuse Unicorn marque DOLU est le cadeau r\u00eav\u00e9 des filles, offrez leurs en une et donner leur du bonheur avec ce jouet et cadeau parfait! Consid\u00e9r\u00e9 comme un jouet pour enfant, la coiffeuse peut \u00eatre \u00e9galement un v\u00e9ritable atout d\u00e9co pour la chambre de votre enfant. Alors si votre petit passe la plupart de son temps \u00e0 se d\u00e9guiser, \u00e0 se maquiller ou \u00e0 essayer de faire une coiffure de princesse quand ses copines et ses copains sont \u00e0 la maison, profitez de son anniversaire pour lui en offrir une ! En plus d&rsquo;\u00eatre jolie et amusante, une coiffeuse enfant d\u00e9veloppe l&rsquo;autonomie des plus petits car ils apprennent \u00e0 se pr\u00e9parer tout seul comme des grands. On sait d\u2019avance que ce cadeau va lui plaire !<\/p>\n","protected":false},"featured_media":1810,"comment_status":"open","ping_status":"closed","template":"","meta":{"site-sidebar-layout":"default","site-content-layout":"default","ast-site-content-layout":"","site-content-style":"","site-sidebar-style":"","ast-global-header-display":"","ast-banner-title-visibility":"","ast-main-header-display":"","ast-hfb-above-header-display":"","ast-hfb-below-header-display":"","ast-hfb-mobile-header-display":"","site-post-title":"","ast-breadcrumbs-content":"","ast-featured-img":"","footer-sml-layout":"","theme-transparent-header-meta":"default","adv-header-id-meta":"","stick-header-meta":"default","header-above-stick-meta":"","header-main-stick-meta":"","header-below-stick-meta":"","astra-migrate-meta-layouts":"","ast-page-background-enabled":"default","ast-page-background-meta":{"desktop":{"background-color":"","background-image":"","background-repeat":"repeat","background-position":"center center","background-size":"auto","background-attachment":"scroll","background-type":"","background-media":"","overlay-type":"","overlay-color":"","overlay-gradient":""},"tablet":{"background-color":"","background-image":"","background-repeat":"repeat","background-position":"center center","background-size":"auto","background-attachment":"scroll","background-type":"","background-media":"","overlay-type":"","overlay-color":"","overlay-gradient":""},"mobile":{"background-color":"","background-image":"","background-repeat":"repeat","background-position":"center center","background-size":"auto","background-attachment":"scroll","background-type":"","background-media":"","overlay-type":"","overlay-color":"","overlay-gradient":""}},"ast-content-background-meta":{"desktop":{"background-color":"var(--ast-global-color-5)","background-image":"","background-repeat":"repeat","background-position":"center center","background-size":"auto","background-attachment":"scroll","background-type":"","background-media":"","overlay-type":"","overlay-color":"","overlay-gradient":""},"tablet":{"background-color":"var(--ast-global-color-5)","background-image":"","background-repeat":"repeat","background-position":"center center","background-size":"auto","background-attachment":"scroll","background-type":"","background-media":"","overlay-type":"","overlay-color":"","overlay-gradient":""},"mobile":{"background-color":"var(--ast-global-color-5)","background-image":"","background-repeat":"repeat","background-position":"center center","background-size":"auto","background-attachment":"scroll","background-type":"","background-media":"","overlay-type":"","overlay-color":"","overlay-gradient":""}}},"product_cat":[27,56,71],"product_tag":[29,31,33],"class_list":["post-1779","product","type-product","status-publish","has-post-thumbnail","hentry","product_cat-dolu","product_cat-jeux-de-role-filles","product_cat-nouveautes","product_tag-dolu","product_tag-jouet","product_tag-unicorn","desktop-align-left","tablet-align-left","mobile-align-left"],"_links":{"self":[{"href":"https:\/\/jouetentunisie.tn\/index.php\/wp-json\/wp\/v2\/product\/1779","targetHints":{"allow":["GET"]}}],"collection":[{"href":"https:\/\/jouetentunisie.tn\/index.php\/wp-json\/wp\/v2\/product"}],"about":[{"href":"https:\/\/jouetentunisie.tn\/index.php\/wp-json\/wp\/v2\/types\/product"}],"replies":[{"embeddable":true,"href":"https:\/\/jouetentunisie.tn\/index.php\/wp-json\/wp\/v2\/comments?post=1779"}],"wp:featuredmedia":[{"embeddable":true,"href":"https:\/\/jouetentunisie.tn\/index.php\/wp-json\/wp\/v2\/media\/1810"}],"wp:attachment":[{"href":"https:\/\/jouetentunisie.tn\/index.php\/wp-json\/wp\/v2\/media?parent=1779"}],"wp:term":[{"taxonomy":"product_cat","embeddable":true,"href":"https:\/\/jouetentunisie.tn\/index.php\/wp-json\/wp\/v2\/product_cat?post=1779"},{"taxonomy":"product_tag","embeddable":true,"href":"https:\/\/jouetentunisie.tn\/index.php\/wp-json\/wp\/v2\/product_tag?post=1779"}],"curies":[{"name":"wp","href":"https:\/\/api.w.org\/{rel}","templated":true}]}}