{"id":1780,"date":"2023-11-23T15:24:08","date_gmt":"2023-11-23T14:24:08","guid":{"rendered":"https:\/\/jouetentunisie.tn\/?post_type=product&#038;p=1780"},"modified":"2023-11-23T15:24:25","modified_gmt":"2023-11-23T14:24:25","slug":"petite-tour-des-balles-dolu","status":"publish","type":"product","link":"https:\/\/jouetentunisie.tn\/index.php\/produit\/petite-tour-des-balles-dolu\/","title":{"rendered":"Petite Tour des balles DOLU"},"content":{"rendered":"<h2>Petite Tour des balles DOLU<\/h2>\n<p>Petite Tour des balles, jouet 1er \u00e2ge de la marque DOLU. Age 12 mois et plus.\u00a0 <span style=\"font-size: 16px;\">De plus, la marque Dolu est un fabriquant qui produit plusieurs types de <\/span><a style=\"font-size: 16px; background-color: #ffffff;\" href=\"https:\/\/www.tipirate-store.tn\/categorie-produit\/jeux-educatifs\/\">jeux \u00e9ducatifs<\/a><span style=\"font-size: 16px;\">. Tour avec panier et balle afin de d\u00e9velopper la dext\u00e9rit\u00e9 de l&rsquo;enfant. L&rsquo;enfant doit mettre la balle dans le petit panier et observer la balle rouler! ce jeu stimule l&rsquo;\u00e9veil! <\/span>D\u00e8s son plus jeune \u00e2ge, les jeux d&rsquo;action-r\u00e9ponse participent activement \u00e0 l&rsquo;\u00e9veil et au d\u00e9veloppement de l&rsquo;enfant.<\/p>\n<p>Jouer avec les jeux de 1er \u00e2ge est une activit\u00e9 essentielle dans le d\u00e9veloppement de votre enfant. Ces jeux lui permettent de travailler sur la reconnaissance des formes, la logique, sa coordination \u0153il-main et son autonomie motrice. Ce jouet accompagne aussi les reconnaissances de couleurs en m\u00eame temps que l&rsquo;apprentissage des formes et la notion contenu contenant! La petite tour des balles Dolu est un cadeau id\u00e9al pour votre enfant! Avec ce jouet \u00e9ducatif, l&rsquo;enfant d\u00e9veloppera ses comp\u00e9tences de rep\u00e9rage spatial, de motricit\u00e9 fine et d&rsquo;observation. Dans la m\u00eame cat\u00e9gorie <a href=\"https:\/\/www.tipirate-store.tn\/produit\/jeu-de-formes-champignon-dolu\/\">jeu de forme champignon<\/a> et <a href=\"https:\/\/www.tipirate-store.tn\/produit\/maisonnette-jeu-de-forme-dolu\/\">jeu de forme 3 portes<\/a>!<\/p>\n<p><span style=\"font-size: 16px; font-style: normal; font-weight: 400;\">Achetez et commandez en ligne ou d\u00e9couvrez ce jouet dans notre magasin \u00e0 Tunis, Tunisie.<\/span><span style=\"font-size: 16px; font-style: normal; font-weight: 400;\">\u00a0<\/span><\/p>\n<p>Pour plus d&rsquo;informations visiter le site officiel <a href=\"https:\/\/www.dolu.com.tr\/en\/\">Dolu<\/a><\/p>\n","protected":false},"excerpt":{"rendered":"<p>Petite Tour des balles, jouet 1er \u00e2ge de la marque DOLU. Age 12 mois et plus.\u00a0 De plus, la marque Dolu est un fabriquant qui produit plusieurs types de jeux \u00e9ducatifs. Tour avec panier et balle afin de d\u00e9velopper la dext\u00e9rit\u00e9 de l&rsquo;enfant. L&rsquo;enfant doit mettre la balle dans le petit panier et observer la balle rouler! ce jeu stimule l&rsquo;\u00e9veil! D\u00e8s son plus jeune \u00e2ge, les jeux d&rsquo;action-r\u00e9ponse participent activement \u00e0 l&rsquo;\u00e9veil et au d\u00e9veloppement de l&rsquo;enfant.<\/p>\n<p>Jouer avec les jeux de 1er \u00e2ge est une activit\u00e9 essentielle dans le d\u00e9veloppement de votre enfant. Ces jeux lui permettent de travailler sur la reconnaissance des formes, la logique, sa coordination \u0153il-main et son autonomie motrice. Ce jouet accompagne aussi les reconnaissances de couleurs en m\u00eame temps que l&rsquo;apprentissage des formes et la notion contenu contenant! La petite tour des balles Dolu est un cadeau id\u00e9al pour votre enfant! Avec ce jouet \u00e9ducatif, l&rsquo;enfant d\u00e9veloppera ses comp\u00e9tences de rep\u00e9rage spatial, de motricit\u00e9 fine et d&rsquo;observation. Dans la m\u00eame cat\u00e9gorie jeu de forme champignon et jeu de forme 3 portes!<\/p>\n","protected":false},"featured_media":1812,"comment_status":"open","ping_status":"closed","template":"","meta":{"site-sidebar-layout":"default","site-content-layout":"default","ast-site-content-layout":"","site-content-style":"","site-sidebar-style":"","ast-global-header-display":"","ast-banner-title-visibility":"","ast-main-header-display":"","ast-hfb-above-header-display":"","ast-hfb-below-header-display":"","ast-hfb-mobile-header-display":"","site-post-title":"","ast-breadcrumbs-content":"","ast-featured-img":"","footer-sml-layout":"","theme-transparent-header-meta":"default","adv-header-id-meta":"","stick-header-meta":"default","header-above-stick-meta":"","header-main-stick-meta":"","header-below-stick-meta":"","astra-migrate-meta-layouts":"","ast-page-background-enabled":"default","ast-page-background-meta":{"desktop":{"background-color":"","background-image":"","background-repeat":"repeat","background-position":"center center","background-size":"auto","background-attachment":"scroll","background-type":"","background-media":"","overlay-type":"","overlay-color":"","overlay-gradient":""},"tablet":{"background-color":"","background-image":"","background-repeat":"repeat","background-position":"center center","background-size":"auto","background-attachment":"scroll","background-type":"","background-media":"","overlay-type":"","overlay-color":"","overlay-gradient":""},"mobile":{"background-color":"","background-image":"","background-repeat":"repeat","background-position":"center center","background-size":"auto","background-attachment":"scroll","background-type":"","background-media":"","overlay-type":"","overlay-color":"","overlay-gradient":""}},"ast-content-background-meta":{"desktop":{"background-color":"var(--ast-global-color-5)","background-image":"","background-repeat":"repeat","background-position":"center center","background-size":"auto","background-attachment":"scroll","background-type":"","background-media":"","overlay-type":"","overlay-color":"","overlay-gradient":""},"tablet":{"background-color":"var(--ast-global-color-5)","background-image":"","background-repeat":"repeat","background-position":"center center","background-size":"auto","background-attachment":"scroll","background-type":"","background-media":"","overlay-type":"","overlay-color":"","overlay-gradient":""},"mobile":{"background-color":"var(--ast-global-color-5)","background-image":"","background-repeat":"repeat","background-position":"center center","background-size":"auto","background-attachment":"scroll","background-type":"","background-media":"","overlay-type":"","overlay-color":"","overlay-gradient":""}}},"product_cat":[27,37,71],"product_tag":[29,31],"class_list":["post-1780","product","type-product","status-publish","has-post-thumbnail","hentry","product_cat-dolu","product_cat-jouets-1er-age","product_cat-nouveautes","product_tag-dolu","product_tag-jouet","desktop-align-left","tablet-align-left","mobile-align-left"],"_links":{"self":[{"href":"https:\/\/jouetentunisie.tn\/index.php\/wp-json\/wp\/v2\/product\/1780","targetHints":{"allow":["GET"]}}],"collection":[{"href":"https:\/\/jouetentunisie.tn\/index.php\/wp-json\/wp\/v2\/product"}],"about":[{"href":"https:\/\/jouetentunisie.tn\/index.php\/wp-json\/wp\/v2\/types\/product"}],"replies":[{"embeddable":true,"href":"https:\/\/jouetentunisie.tn\/index.php\/wp-json\/wp\/v2\/comments?post=1780"}],"wp:featuredmedia":[{"embeddable":true,"href":"https:\/\/jouetentunisie.tn\/index.php\/wp-json\/wp\/v2\/media\/1812"}],"wp:attachment":[{"href":"https:\/\/jouetentunisie.tn\/index.php\/wp-json\/wp\/v2\/media?parent=1780"}],"wp:term":[{"taxonomy":"product_cat","embeddable":true,"href":"https:\/\/jouetentunisie.tn\/index.php\/wp-json\/wp\/v2\/product_cat?post=1780"},{"taxonomy":"product_tag","embeddable":true,"href":"https:\/\/jouetentunisie.tn\/index.php\/wp-json\/wp\/v2\/product_tag?post=1780"}],"curies":[{"name":"wp","href":"https:\/\/api.w.org\/{rel}","templated":true}]}}