{"id":1784,"date":"2023-11-23T15:24:08","date_gmt":"2023-11-23T14:24:08","guid":{"rendered":"https:\/\/jouetentunisie.tn\/?post_type=product&#038;p=1784"},"modified":"2023-11-23T15:24:27","modified_gmt":"2023-11-23T14:24:27","slug":"cuisiniere-double-unicorn-dolu","status":"publish","type":"product","link":"https:\/\/jouetentunisie.tn\/index.php\/produit\/cuisiniere-double-unicorn-dolu\/","title":{"rendered":"Cuisini\u00e8re double Unicorn Dolu"},"content":{"rendered":"<h2>Cuisini\u00e8re double Unicorn Dolu<\/h2>\n<p>Cuisini\u00e8re grand mod\u00e8le double Unicorn de la marque DOLU. Dimensions 100 x 109 x 65cm. A partir de 3ans. Contient plusieurs accessoires. La cuisini\u00e8re pour enfants, aussi appel\u00e9e aussi \u00ab dinette \u00bb, est le jouet d\u2019imitation qui fait craquer toute la famille et bien entendu les filles. De plus, compl\u00e9t\u00e9e par des accessoires comme des aliments ou des ustensiles, cette cuisini\u00e8re en plastique pour les petits permet d\u2019\u00e9changer autour d\u2019un th\u00e8me qui rassemble : la cuisine et les repas.<\/p>\n<p>De plus, la marque Dolu est un fabriquant qui produit plusieurs <a href=\"https:\/\/www.tipirate-store.tn\/categorie-produit\/jeux-de-role-filles\/\">jeu de r\u00f4le filles<\/a>. En outre, le four de cette cuisini\u00e8re est aussi lumineux et imite le bruit de la cuisson pour renforcer l&rsquo;aspect r\u00e9el de ce jouet! D&rsquo;ailleurs la solidit\u00e9 de ce jouet n&rsquo;est plus \u00e0 prouver! elle peut supporter un poids de 80kg sans se casser! elle est conseill\u00e9e \u00e9galement pour les garderies et cr\u00eaches de par sa solidit\u00e9!<\/p>\n<p>D&rsquo;ailleurs les enfants adorent imiter les plus grands. En outre, ils reproduisent des gestes du quotidien (cuisiner, bricoler, prendre soin des autres, etc.) et imaginent des histoires, tout en d\u00e9veloppant une foule de comp\u00e9tences : c&rsquo;est pourquoi les jeux de \u00ab\u00a0faire semblant\u00a0\u00bb ou d&rsquo;imitations ont du succ\u00e8s. D&rsquo;un autre cot\u00e9, Qu\u2019il s\u2019agisse d\u2019un cadeau pour un anniversaire ou autre \u00e9v\u00e8nement ou pour faire simplement la joie d\u2019un petit ou petite apprentie cuisini\u00e8re, la Cuisini\u00e8re grand mod\u00e8le double Unicorn de la marque DOLU \u00e9gayera l&rsquo;enfant choisi!<\/p>\n<p><span style=\"font-size: 16px; font-style: normal; font-weight: 400;\">Achetez et commandez en ligne ou d\u00e9couvrez ce jouet dans notre magasin \u00e0 Tunis, Tunisie.<\/span><span style=\"font-size: 16px; font-style: normal; font-weight: 400;\">\u00a0<\/span><\/p>\n<p>Pour plus d&rsquo;informations visiter le site officiel <a href=\"https:\/\/www.dolu.com.tr\/en\/\">Dolu<\/a><\/p>\n","protected":false},"excerpt":{"rendered":"<p>Cuisini\u00e8re grand mod\u00e8le double Unicorn de la marque DOLU. Dimensions 100 x 109 x 65cm. A partir de 3ans. Contient plusieurs accessoires. La cuisini\u00e8re pour enfants, aussi appel\u00e9e aussi \u00ab dinette \u00bb, est le jouet d\u2019imitation qui fait craquer toute la famille et bien entendu les filles. De plus, compl\u00e9t\u00e9e par des accessoires comme des aliments ou des ustensiles, cette cuisini\u00e8re en plastique pour les petits permet d\u2019\u00e9changer autour d\u2019un th\u00e8me qui rassemble : la cuisine et les repas.<\/p>\n<p>De plus, la marque Dolu est un fabriquant qui produit plusieurs jeu de r\u00f4le filles. En outre, le four de cette cuisini\u00e8re est aussi lumineux et imite le bruit de la cuisson pour renforcer l&rsquo;aspect r\u00e9el de ce jouet! D&rsquo;ailleurs la solidit\u00e9 de ce jouet n&rsquo;est plus \u00e0 prouver! elle peut supporter un poids de 80kg sans se casser! elle est conseill\u00e9e \u00e9galement pour les garderies et cr\u00eaches de par sa solidit\u00e9!<\/p>\n<p>D&rsquo;ailleurs les enfants adorent imiter les plus grands. En outre, ils reproduisent des gestes du quotidien (cuisiner, bricoler, prendre soin des autres, etc.) et imaginent des histoires, tout en d\u00e9veloppant une foule de comp\u00e9tences : c&rsquo;est pourquoi les jeux de \u00ab\u00a0faire semblant\u00a0\u00bb ou d&rsquo;imitations ont du succ\u00e8s. D&rsquo;un autre cot\u00e9, Qu\u2019il s\u2019agisse d\u2019un cadeau pour un anniversaire ou autre \u00e9v\u00e8nement ou pour faire simplement la joie d\u2019un petit ou petite apprentie cuisini\u00e8re, la Cuisini\u00e8re grand mod\u00e8le double Unicorn de la marque DOLU \u00e9gayera l&rsquo;enfant choisi!<\/p>\n","protected":false},"featured_media":1817,"comment_status":"open","ping_status":"closed","template":"","meta":{"site-sidebar-layout":"default","site-content-layout":"default","ast-site-content-layout":"","site-content-style":"","site-sidebar-style":"","ast-global-header-display":"","ast-banner-title-visibility":"","ast-main-header-display":"","ast-hfb-above-header-display":"","ast-hfb-below-header-display":"","ast-hfb-mobile-header-display":"","site-post-title":"","ast-breadcrumbs-content":"","ast-featured-img":"","footer-sml-layout":"","theme-transparent-header-meta":"default","adv-header-id-meta":"","stick-header-meta":"default","header-above-stick-meta":"","header-main-stick-meta":"","header-below-stick-meta":"","astra-migrate-meta-layouts":"","ast-page-background-enabled":"default","ast-page-background-meta":{"desktop":{"background-color":"","background-image":"","background-repeat":"repeat","background-position":"center center","background-size":"auto","background-attachment":"scroll","background-type":"","background-media":"","overlay-type":"","overlay-color":"","overlay-gradient":""},"tablet":{"background-color":"","background-image":"","background-repeat":"repeat","background-position":"center center","background-size":"auto","background-attachment":"scroll","background-type":"","background-media":"","overlay-type":"","overlay-color":"","overlay-gradient":""},"mobile":{"background-color":"","background-image":"","background-repeat":"repeat","background-position":"center center","background-size":"auto","background-attachment":"scroll","background-type":"","background-media":"","overlay-type":"","overlay-color":"","overlay-gradient":""}},"ast-content-background-meta":{"desktop":{"background-color":"var(--ast-global-color-5)","background-image":"","background-repeat":"repeat","background-position":"center center","background-size":"auto","background-attachment":"scroll","background-type":"","background-media":"","overlay-type":"","overlay-color":"","overlay-gradient":""},"tablet":{"background-color":"var(--ast-global-color-5)","background-image":"","background-repeat":"repeat","background-position":"center center","background-size":"auto","background-attachment":"scroll","background-type":"","background-media":"","overlay-type":"","overlay-color":"","overlay-gradient":""},"mobile":{"background-color":"var(--ast-global-color-5)","background-image":"","background-repeat":"repeat","background-position":"center center","background-size":"auto","background-attachment":"scroll","background-type":"","background-media":"","overlay-type":"","overlay-color":"","overlay-gradient":""}}},"product_cat":[27,56],"product_tag":[29,31,33],"class_list":["post-1784","product","type-product","status-publish","has-post-thumbnail","hentry","product_cat-dolu","product_cat-jeux-de-role-filles","product_tag-dolu","product_tag-jouet","product_tag-unicorn","product_shipping_class-articles-tres-volumineux","desktop-align-left","tablet-align-left","mobile-align-left"],"_links":{"self":[{"href":"https:\/\/jouetentunisie.tn\/index.php\/wp-json\/wp\/v2\/product\/1784","targetHints":{"allow":["GET"]}}],"collection":[{"href":"https:\/\/jouetentunisie.tn\/index.php\/wp-json\/wp\/v2\/product"}],"about":[{"href":"https:\/\/jouetentunisie.tn\/index.php\/wp-json\/wp\/v2\/types\/product"}],"replies":[{"embeddable":true,"href":"https:\/\/jouetentunisie.tn\/index.php\/wp-json\/wp\/v2\/comments?post=1784"}],"wp:featuredmedia":[{"embeddable":true,"href":"https:\/\/jouetentunisie.tn\/index.php\/wp-json\/wp\/v2\/media\/1817"}],"wp:attachment":[{"href":"https:\/\/jouetentunisie.tn\/index.php\/wp-json\/wp\/v2\/media?parent=1784"}],"wp:term":[{"taxonomy":"product_cat","embeddable":true,"href":"https:\/\/jouetentunisie.tn\/index.php\/wp-json\/wp\/v2\/product_cat?post=1784"},{"taxonomy":"product_tag","embeddable":true,"href":"https:\/\/jouetentunisie.tn\/index.php\/wp-json\/wp\/v2\/product_tag?post=1784"}],"curies":[{"name":"wp","href":"https:\/\/api.w.org\/{rel}","templated":true}]}}