{"id":1786,"date":"2023-11-23T15:24:09","date_gmt":"2023-11-23T14:24:09","guid":{"rendered":"https:\/\/jouetentunisie.tn\/?post_type=product&#038;p=1786"},"modified":"2023-11-23T15:24:28","modified_gmt":"2023-11-23T14:24:28","slug":"balles-500pcs-7cm-onok","status":"publish","type":"product","link":"https:\/\/jouetentunisie.tn\/index.php\/produit\/balles-500pcs-7cm-onok\/","title":{"rendered":"Balles 500pcs 7cm ONOK"},"content":{"rendered":"<h2>Balles 500pcs multicolores 7cm ONOK<\/h2>\n<p>Balles en plastiques filet de 500pcs multicolores de 7cm marque ONOK toys. Id\u00e9ales pour les parcs et les piscines. Ces balles en plastiques r\u00e9pondent aux normes de qualit\u00e9s internationales et sont d&rsquo;excellentes qualit\u00e9. Dans la m\u00eame cat\u00e9gorie les <a href=\"https:\/\/www.tipirate-store.tn\/categorie-produit\/piscines-et-accessoires\/\">piscines<\/a><\/p>\n<p>Pour plus d&rsquo;informations veullez consulter le site du fournisseur <a href=\"https:\/\/www.onotoys.com\/contact\">OnoToys<\/a><\/p>\n<p>&nbsp;<\/p>\n<p>Achetez en ligne ou visitez notre magasin Tipirate!<\/p>\n","protected":false},"excerpt":{"rendered":"<p>Balles en plastiques filet de 500pcs multicolores de 7cm marque ONOK toys. Id\u00e9ales pour les parcs et les piscines. Ces balles en plastiques r\u00e9pondent aux normes de qualit\u00e9s internationales et sont d&rsquo;excellentes qualit\u00e9.<\/p>\n","protected":false},"featured_media":1819,"comment_status":"open","ping_status":"closed","template":"","meta":{"site-sidebar-layout":"default","site-content-layout":"default","ast-site-content-layout":"","site-content-style":"","site-sidebar-style":"","ast-global-header-display":"","ast-banner-title-visibility":"","ast-main-header-display":"","ast-hfb-above-header-display":"","ast-hfb-below-header-display":"","ast-hfb-mobile-header-display":"","site-post-title":"","ast-breadcrumbs-content":"","ast-featured-img":"","footer-sml-layout":"","theme-transparent-header-meta":"default","adv-header-id-meta":"","stick-header-meta":"default","header-above-stick-meta":"","header-main-stick-meta":"","header-below-stick-meta":"","astra-migrate-meta-layouts":"","ast-page-background-enabled":"default","ast-page-background-meta":{"desktop":{"background-color":"","background-image":"","background-repeat":"repeat","background-position":"center center","background-size":"auto","background-attachment":"scroll","background-type":"","background-media":"","overlay-type":"","overlay-color":"","overlay-gradient":""},"tablet":{"background-color":"","background-image":"","background-repeat":"repeat","background-position":"center center","background-size":"auto","background-attachment":"scroll","background-type":"","background-media":"","overlay-type":"","overlay-color":"","overlay-gradient":""},"mobile":{"background-color":"","background-image":"","background-repeat":"repeat","background-position":"center center","background-size":"auto","background-attachment":"scroll","background-type":"","background-media":"","overlay-type":"","overlay-color":"","overlay-gradient":""}},"ast-content-background-meta":{"desktop":{"background-color":"var(--ast-global-color-5)","background-image":"","background-repeat":"repeat","background-position":"center center","background-size":"auto","background-attachment":"scroll","background-type":"","background-media":"","overlay-type":"","overlay-color":"","overlay-gradient":""},"tablet":{"background-color":"var(--ast-global-color-5)","background-image":"","background-repeat":"repeat","background-position":"center center","background-size":"auto","background-attachment":"scroll","background-type":"","background-media":"","overlay-type":"","overlay-color":"","overlay-gradient":""},"mobile":{"background-color":"var(--ast-global-color-5)","background-image":"","background-repeat":"repeat","background-position":"center center","background-size":"auto","background-attachment":"scroll","background-type":"","background-media":"","overlay-type":"","overlay-color":"","overlay-gradient":""}}},"product_cat":[72,70,62],"product_tag":[31],"class_list":["post-1786","product","type-product","status-publish","has-post-thumbnail","hentry","product_cat-onok-toys","product_cat-piscines-et-accessoires","product_cat-toboggans-et-exterieur","product_tag-jouet","desktop-align-left","tablet-align-left","mobile-align-left"],"_links":{"self":[{"href":"https:\/\/jouetentunisie.tn\/index.php\/wp-json\/wp\/v2\/product\/1786","targetHints":{"allow":["GET"]}}],"collection":[{"href":"https:\/\/jouetentunisie.tn\/index.php\/wp-json\/wp\/v2\/product"}],"about":[{"href":"https:\/\/jouetentunisie.tn\/index.php\/wp-json\/wp\/v2\/types\/product"}],"replies":[{"embeddable":true,"href":"https:\/\/jouetentunisie.tn\/index.php\/wp-json\/wp\/v2\/comments?post=1786"}],"wp:featuredmedia":[{"embeddable":true,"href":"https:\/\/jouetentunisie.tn\/index.php\/wp-json\/wp\/v2\/media\/1819"}],"wp:attachment":[{"href":"https:\/\/jouetentunisie.tn\/index.php\/wp-json\/wp\/v2\/media?parent=1786"}],"wp:term":[{"taxonomy":"product_cat","embeddable":true,"href":"https:\/\/jouetentunisie.tn\/index.php\/wp-json\/wp\/v2\/product_cat?post=1786"},{"taxonomy":"product_tag","embeddable":true,"href":"https:\/\/jouetentunisie.tn\/index.php\/wp-json\/wp\/v2\/product_tag?post=1786"}],"curies":[{"name":"wp","href":"https:\/\/api.w.org\/{rel}","templated":true}]}}