{"id":1787,"date":"2023-11-23T15:24:09","date_gmt":"2023-11-23T14:24:09","guid":{"rendered":"https:\/\/jouetentunisie.tn\/?post_type=product&#038;p=1787"},"modified":"2023-11-23T15:24:29","modified_gmt":"2023-11-23T14:24:29","slug":"chariot-lego-28pcs-dolu","status":"publish","type":"product","link":"https:\/\/jouetentunisie.tn\/index.php\/produit\/chariot-lego-28pcs-dolu\/","title":{"rendered":"Chariot Lego 28pcs Dolu"},"content":{"rendered":"<h2>Chariot \u00e9ducatif avec Block de construction Lego 28pcs grand format marque Dolu.<\/h2>\n<p>Chariot \u00e9ducatif avec Block de construction Lego 28pcs grand format, marque <a href=\"https:\/\/www.tipirate-store.tn\/categorie-produit\/dolu\/\">Dolu<\/a>. Age 18 mois et plus. Le jeu de construction permet \u00e0 l&rsquo;enfant de fixer son attention sur une seule et m\u00eame chose et d&rsquo;utiliser ses comp\u00e9tences pour atteindre son objectif ! En jouant \u00e0 un jeu de construction, l&rsquo;enfant s&rsquo;amuse \u00e0 cr\u00e9er et maintenir l&rsquo;\u00e9quilibre, \u00e0 imaginer un nouvel univers, \u00e0 s&rsquo;inventer une histoire. Tr\u00e8s simple en apparence, le jeu de construction est en r\u00e9alit\u00e9 tr\u00e8s complet. Il mobilise diff\u00e9rentes comp\u00e9tences chez l\u2019enfant et lui permet de nombreux apprentissages, tant moteurs qu\u2019intellectuels. Le Chariot avec Jeu de construction de la marque DOLU est le jouet id\u00e9al pour votre enfant! Dans la m\u00eame cat\u00e9gorie le <a href=\"https:\/\/www.tipirate-store.tn\/produit\/jeu-construction-85pcs-dolu\/\">coffret lego 85pcs<\/a> et <a href=\"https:\/\/www.tipirate-store.tn\/produit\/jeu-construction-50pcs-dolu\/\">grand blocks 50pcs<\/a>.<\/p>\n<p>&nbsp;<\/p>\n<p>En outre, Achetez et commandez en ligne ou d\u00e9couvrez ce jouet dans notre magasin \u00e0 Tunis, Tunisie.<\/p>\n<p>Pour plus d &lsquo;info. Visiter le site officiel <a href=\"https:\/\/www.dolu.com.tr\/en\/\">Dolu<\/a>.<\/p>\n","protected":false},"excerpt":{"rendered":"<p>Chariot \u00e9ducatif avec Block de construction Lego 28pcs grand format <span style=\"font-size: 16px; font-style: normal; font-weight: 400;\">Marque Dolu<\/span><span style=\"font-size: 16px;\">. Pratique pour le rangement, les enfants adorent le transporter partout. Age 18 mois et plus.<\/span><\/p>\n","protected":false},"featured_media":1820,"comment_status":"open","ping_status":"closed","template":"","meta":{"site-sidebar-layout":"default","site-content-layout":"default","ast-site-content-layout":"","site-content-style":"","site-sidebar-style":"","ast-global-header-display":"","ast-banner-title-visibility":"","ast-main-header-display":"","ast-hfb-above-header-display":"","ast-hfb-below-header-display":"","ast-hfb-mobile-header-display":"","site-post-title":"","ast-breadcrumbs-content":"","ast-featured-img":"","footer-sml-layout":"","theme-transparent-header-meta":"default","adv-header-id-meta":"","stick-header-meta":"default","header-above-stick-meta":"","header-main-stick-meta":"","header-below-stick-meta":"","astra-migrate-meta-layouts":"","ast-page-background-enabled":"default","ast-page-background-meta":{"desktop":{"background-color":"","background-image":"","background-repeat":"repeat","background-position":"center center","background-size":"auto","background-attachment":"scroll","background-type":"","background-media":"","overlay-type":"","overlay-color":"","overlay-gradient":""},"tablet":{"background-color":"","background-image":"","background-repeat":"repeat","background-position":"center center","background-size":"auto","background-attachment":"scroll","background-type":"","background-media":"","overlay-type":"","overlay-color":"","overlay-gradient":""},"mobile":{"background-color":"","background-image":"","background-repeat":"repeat","background-position":"center center","background-size":"auto","background-attachment":"scroll","background-type":"","background-media":"","overlay-type":"","overlay-color":"","overlay-gradient":""}},"ast-content-background-meta":{"desktop":{"background-color":"var(--ast-global-color-5)","background-image":"","background-repeat":"repeat","background-position":"center center","background-size":"auto","background-attachment":"scroll","background-type":"","background-media":"","overlay-type":"","overlay-color":"","overlay-gradient":""},"tablet":{"background-color":"var(--ast-global-color-5)","background-image":"","background-repeat":"repeat","background-position":"center center","background-size":"auto","background-attachment":"scroll","background-type":"","background-media":"","overlay-type":"","overlay-color":"","overlay-gradient":""},"mobile":{"background-color":"var(--ast-global-color-5)","background-image":"","background-repeat":"repeat","background-position":"center center","background-size":"auto","background-attachment":"scroll","background-type":"","background-media":"","overlay-type":"","overlay-color":"","overlay-gradient":""}}},"product_cat":[27,36,28],"product_tag":[29,38,31,39],"class_list":["post-1787","product","type-product","status-publish","has-post-thumbnail","hentry","product_cat-dolu","product_cat-jeux-de-construction","product_cat-jeux-educatifs","product_tag-dolu","product_tag-jeu-de-construction","product_tag-jouet","product_tag-lego","desktop-align-left","tablet-align-left","mobile-align-left"],"_links":{"self":[{"href":"https:\/\/jouetentunisie.tn\/index.php\/wp-json\/wp\/v2\/product\/1787","targetHints":{"allow":["GET"]}}],"collection":[{"href":"https:\/\/jouetentunisie.tn\/index.php\/wp-json\/wp\/v2\/product"}],"about":[{"href":"https:\/\/jouetentunisie.tn\/index.php\/wp-json\/wp\/v2\/types\/product"}],"replies":[{"embeddable":true,"href":"https:\/\/jouetentunisie.tn\/index.php\/wp-json\/wp\/v2\/comments?post=1787"}],"wp:featuredmedia":[{"embeddable":true,"href":"https:\/\/jouetentunisie.tn\/index.php\/wp-json\/wp\/v2\/media\/1820"}],"wp:attachment":[{"href":"https:\/\/jouetentunisie.tn\/index.php\/wp-json\/wp\/v2\/media?parent=1787"}],"wp:term":[{"taxonomy":"product_cat","embeddable":true,"href":"https:\/\/jouetentunisie.tn\/index.php\/wp-json\/wp\/v2\/product_cat?post=1787"},{"taxonomy":"product_tag","embeddable":true,"href":"https:\/\/jouetentunisie.tn\/index.php\/wp-json\/wp\/v2\/product_tag?post=1787"}],"curies":[{"name":"wp","href":"https:\/\/api.w.org\/{rel}","templated":true}]}}